
{"id":1028,"date":"2017-03-08T13:02:28","date_gmt":"2017-03-08T12:02:28","guid":{"rendered":"http:\/\/www.norail.fr\/atd\/?page_id=1028"},"modified":"2019-03-27T12:04:48","modified_gmt":"2019-03-27T11:04:48","slug":"conseils-techniques","status":"publish","type":"page","link":"https:\/\/www.norail.fr\/atd\/conseils-techniques\/","title":{"rendered":"Conseils techniques"},"content":{"rendered":"<div id=\"aq-template-wrapper-389\" class=\"aq-template-wrapper aq_row\"><div id=\"aq-block-389-1\" class=\"aq-block aq-block-aq_text_block_full aq_span12 aq-first clearfix\">\r\n        \r\r\n        <\/div><\/div><\/div>\r\r\n        \r\r\n        <div class=\"widgetwrap widgetwrap-alt text-full\"   style=\"padding:0px 0;color:#333 !important;background-color:#fff;background-image:url() !important;\">\r\r\n        \r\r\n        \r\r\n\t\t\t\r\n            <h2 class=\"block\"  style=\"color:#333;\">\r\r\n                \r\r\n                <span class=\"maintitle\">Conseils techniques<\/span>\r\r\n                \r\r\n                \r\n                    <span class=\"subtitle\" style=\"color:#333;\">Notre \u00e9quipe de techniciens vous propose une s\u00e9lection de fiches techniques pour vous accompagner dans vos travaux de construction et de r\u00e9novation. N&#039;h\u00e9sitez pas \u00e0 les consulter.<\/span>\r\r\n                \r\n                    \r\r\n            <\/h2>\r\r\n            \r\n                   \r\r\n            \r\n\r\r\n        \r\r\n        <\/div>\r\r\n        \r\r\n        <div class=\"container_alt builder woocommerce\"><div><div>\r\r\n        \r\r\n        <\/div><div id=\"aq-block-389-2\" class=\"aq-block aq-block-aq_3_column_block aq_span4 aq-first clearfix\"><div id=\"aq-block-389-3\" class=\"aq-block aq-block-aq_ads_block aq_span12 aq-first clearfix\">\r\n\t\t\r\r\n\t\t\t\r\n            \r\r\n\t\t\t\r\n                    \r\r\n           \t\t<div class=\"body3 bgfix\"><a href=\"http:\/\/www.norail.fr\/atd\/conseils-techniques\/comment-bien-choisir-sa-roue-de-brouette\/\" target=\"_blank\"><img decoding=\"async\" src=\"http:\/\/www.norail.fr\/atd\/wp-content\/uploads\/2021\/04\/Choisir-sa-roue-de-brouette.jpg\" alt=\"Comment bien choisir sa roue de brouette\" \/><\/a><\/div>\r\r\n\t\t\r\r\n\t\t \t<\/div><\/div><div id=\"aq-block-389-4\" class=\"aq-block aq-block-aq_2_3_column_block aq_span8  clearfix\"><div id=\"aq-block-389-5\" class=\"aq-block aq-block-aq_text_block aq_span12 aq-first clearfix\">\r\n        <div class=\"widgetwrap widgetwrap-alt text-boxed\">\r\r\n        \r\r\n        <div class=\"block_bg\"  style=\"background-color:#fff;\"><\/div>\r\r\n        \r\r\n        <div class=\"container builder woocommerce\"  style=\"padding:0px 0;\">\r\r\n        \r\r\n\t\t\t\r\n            <h2 class=\"block\"  style=\"color:#333;\">\r\r\n                \r\r\n                <span class=\"maintitle\">Comment bien choisir sa roue de brouette ?<\/span>\r\r\n                \r\r\n                \r\n                    \r\r\n            <\/h2>\r\r\n            \r\n                   \r\r\n            <p style=\"text-align:justify; margin-top:-20px; margin-bottom:20px;\"> <b>\nLa brouette est l'alli\u00e9e indispensable de nos travaux de construction et de jardinage. Il est donc primordial de savoir bien choisir sa roue de brouette !<br\/>\n<br\/>\n<\/p>\n<a href=\"http:\/\/www.norail.fr\/atd\/conseils-techniques\/comment-bien-choisir-sa-roue-de-brouette\/\" class=\"su-button su-button-style-flat\" style=\"color:#FFFFFF;background-color:#4b3061;border-color:#3c274e;border-radius:5px\" target=\"_blank\" rel=\"noopener noreferrer\"><span style=\"color:#FFFFFF;padding:6px 16px;font-size:13px;line-height:20px;border-color:#816f91;border-radius:5px;text-shadow:none\"><i class=\"sui sui-search-plus\" style=\"font-size:13px;color:#FFFFFF\"><\/i> Je consulte la fiche technique<\/span><\/a>\r\n            \r\r\n      \t<\/div>      \r\r\n\r\r\n      <\/div>\r\r\n      <\/div><\/div><div id=\"aq-block-389-6\" class=\"aq-block aq-block-aq_text_block_full aq_span12 aq-first clearfix\">\r\n        \r\r\n        <\/div><\/div><\/div>\r\r\n        \r\r\n        <div class=\"widgetwrap widgetwrap-alt text-full\"   style=\"padding:20px 0;color:#333 !important;background-color:#fff;background-image:url() !important;\">\r\r\n        \r\r\n        \r\r\n\t\t\t\r\n                   \r\r\n            \r\n\r\r\n        \r\r\n        <\/div>\r\r\n        \r\r\n        <div class=\"container_alt builder woocommerce\"><div><div>\r\r\n        \r\r\n        <\/div><div id=\"aq-block-389-7\" class=\"aq-block aq-block-aq_3_column_block aq_span4 aq-first clearfix\"><div id=\"aq-block-389-8\" class=\"aq-block aq-block-aq_ads_block aq_span12 aq-first clearfix\">\r\n\t\t\r\r\n\t\t\t\r\n            \r\r\n\t\t\t\r\n                    \r\r\n           \t\t<div class=\"body3 bgfix\"><a href=\" http:\/\/www.norail.fr\/atd\/bien-fixer-lames-terrasses\/\" target=\"_blank\"><img decoding=\"async\" src=\"http:\/\/starblock.fr\/atd\/wp-content\/uploads\/2019\/01\/vignette.jpg\" alt=\"Vis terrasse Starblock\" \/><\/a><\/div>\r\r\n\t\t\r\r\n\t\t \t<\/div><\/div><div id=\"aq-block-389-9\" class=\"aq-block aq-block-aq_2_3_column_block aq_span8  clearfix\"><div id=\"aq-block-389-10\" class=\"aq-block aq-block-aq_text_block aq_span12 aq-first clearfix\">\r\n        <div class=\"widgetwrap widgetwrap-alt text-boxed\">\r\r\n        \r\r\n        <div class=\"block_bg\"  style=\"background-color:#fff;\"><\/div>\r\r\n        \r\r\n        <div class=\"container builder woocommerce\"  style=\"padding:0px 0;\">\r\r\n        \r\r\n\t\t\t\r\n            <h2 class=\"block\"  style=\"color:#333;\">\r\r\n                \r\r\n                <span class=\"maintitle\">Comment bien fixer ses lames terrasses ?<\/span>\r\r\n                \r\r\n                \r\n                    \r\r\n            <\/h2>\r\r\n            \r\n                   \r\r\n            <p style=\"text-align:justify; margin-top:-20px; margin-bottom:20px;\"> <b>\nFixer vos lames terrasses \u00e0 l'aide de la FiX'Box Terrrasse Starblock\u00ae\nLe premier gabarit de per\u00e7age int\u00e9gr\u00e9 \u00e0 la boite de vis terrasse<br\/>\n<br\/>\n<\/p>\n<a href=\"http:\/\/www.norail.fr\/atd\/bien-fixer-lames-terrasses\/\" class=\"su-button su-button-style-flat\" style=\"color:#FFFFFF;background-color:#4b3061;border-color:#3c274e;border-radius:5px\" target=\"_blank\" rel=\"noopener noreferrer\"><span style=\"color:#FFFFFF;padding:6px 16px;font-size:13px;line-height:20px;border-color:#816f91;border-radius:5px;text-shadow:none\"><i class=\"sui sui-search-plus\" style=\"font-size:13px;color:#FFFFFF\"><\/i> Je consulte la fiche technique<\/span><\/a>\r\n            \r\r\n      \t<\/div>      \r\r\n\r\r\n      <\/div>\r\r\n      <\/div><\/div><div id=\"aq-block-389-11\" class=\"aq-block aq-block-aq_text_block_full aq_span12 aq-first clearfix\">\r\n        \r\r\n        <\/div><\/div><\/div>\r\r\n        \r\r\n        <div class=\"widgetwrap widgetwrap-alt text-full\"   style=\"padding:20px 0;color:#333 !important;background-color:#fff;background-image:url() !important;\">\r\r\n        \r\r\n        \r\r\n\t\t\t\r\n                   \r\r\n            \r\n\r\r\n        \r\r\n        <\/div>\r\r\n        \r\r\n        <div class=\"container_alt builder woocommerce\"><div><div>\r\r\n        \r\r\n        <\/div><div id=\"aq-block-389-12\" class=\"aq-block aq-block-aq_3_column_block aq_span4 aq-first clearfix\"><div id=\"aq-block-389-13\" class=\"aq-block aq-block-aq_ads_block aq_span12 aq-first clearfix\">\r\n\t\t\r\r\n\t\t\t\r\n            \r\r\n\t\t\t\r\n                    \r\r\n           \t\t<div class=\"body3 bgfix\"><a href=\"http:\/\/www.norail.fr\/atd\/bien-choisir-sa-vis-terrasse\" target=\"_blank\"><img decoding=\"async\" src=\"http:\/\/www.norail.fr\/atd\/wp-content\/uploads\/2017\/03\/Vis-Terrasse-Starblock.jpg\" alt=\"Vis terrasse Starblock\" \/><\/a><\/div>\r\r\n\t\t\r\r\n\t\t \t<\/div><\/div><div id=\"aq-block-389-14\" class=\"aq-block aq-block-aq_2_3_column_block aq_span8  clearfix\"><div id=\"aq-block-389-15\" class=\"aq-block aq-block-aq_text_block aq_span12 aq-first clearfix\">\r\n        <div class=\"widgetwrap widgetwrap-alt text-boxed\">\r\r\n        \r\r\n        <div class=\"block_bg\"  style=\"background-color:#fff;\"><\/div>\r\r\n        \r\r\n        <div class=\"container builder woocommerce\"  style=\"padding:0px 0;\">\r\r\n        \r\r\n\t\t\t\r\n            <h2 class=\"block\"  style=\"color:#333;\">\r\r\n                \r\r\n                <span class=\"maintitle\">Comment bien choisir sa vis terrasse ?<\/span>\r\r\n                \r\r\n                \r\n                    \r\r\n            <\/h2>\r\r\n            \r\n                   \r\r\n            <p style=\"text-align:justify; margin-top:-20px; margin-bottom:20px;\"> <b>Suivez les 6 \u00e9tapes pour construire une terrasse en bois parfaite : choix de la vis, conseil pour le montage de la structure...<br\/>\n<br\/>\n<\/p>\n<a href=\"http:\/\/www.norail.fr\/atd\/bien-choisir-sa-vis-terrasse\" class=\"su-button su-button-style-flat\" style=\"color:#FFFFFF;background-color:#4b3061;border-color:#3c274e;border-radius:5px\" target=\"_blank\" rel=\"noopener noreferrer\"><span style=\"color:#FFFFFF;padding:6px 16px;font-size:13px;line-height:20px;border-color:#816f91;border-radius:5px;text-shadow:none\"><i class=\"sui sui-search-plus\" style=\"font-size:13px;color:#FFFFFF\"><\/i> Je consulte la fiche technique<\/span><\/a>\r\n            \r\r\n      \t<\/div>      \r\r\n\r\r\n      <\/div>\r\r\n      <\/div><\/div><\/div>\n","protected":false},"excerpt":{"rendered":"","protected":false},"author":11,"featured_media":0,"parent":0,"menu_order":0,"comment_status":"closed","ping_status":"closed","template":"homepage.php","meta":{"footnotes":""},"class_list":["post-1028","page","type-page","status-publish","hentry"],"yoast_head":"<!-- This site is optimized with the Yoast SEO plugin v27.1.1 - https:\/\/yoast.com\/product\/yoast-seo-wordpress\/ -->\n<title>Conseils techniques - Norail | Quincaillerie professionnelle<\/title>\n<meta name=\"robots\" content=\"index, follow, max-snippet:-1, max-image-preview:large, max-video-preview:-1\" \/>\n<link rel=\"canonical\" href=\"https:\/\/www.norail.fr\/atd\/conseils-techniques\/\" \/>\n<meta property=\"og:locale\" content=\"fr_FR\" \/>\n<meta property=\"og:type\" content=\"article\" \/>\n<meta property=\"og:title\" content=\"Conseils techniques - Norail | Quincaillerie professionnelle\" \/>\n<meta property=\"og:url\" content=\"https:\/\/www.norail.fr\/atd\/conseils-techniques\/\" \/>\n<meta property=\"og:site_name\" content=\"Norail | Quincaillerie professionnelle\" \/>\n<meta property=\"article:modified_time\" content=\"2019-03-27T11:04:48+00:00\" \/>\n<meta name=\"twitter:card\" content=\"summary_large_image\" \/>\n<script type=\"application\/ld+json\" class=\"yoast-schema-graph\">{\"@context\":\"https:\/\/schema.org\",\"@graph\":[{\"@type\":\"WebPage\",\"@id\":\"https:\/\/www.norail.fr\/atd\/conseils-techniques\/\",\"url\":\"https:\/\/www.norail.fr\/atd\/conseils-techniques\/\",\"name\":\"Conseils techniques - Norail | Quincaillerie professionnelle\",\"isPartOf\":{\"@id\":\"https:\/\/www.norail.fr\/atd\/#website\"},\"datePublished\":\"2017-03-08T12:02:28+00:00\",\"dateModified\":\"2019-03-27T11:04:48+00:00\",\"breadcrumb\":{\"@id\":\"https:\/\/www.norail.fr\/atd\/conseils-techniques\/#breadcrumb\"},\"inLanguage\":\"fr-FR\",\"potentialAction\":[{\"@type\":\"ReadAction\",\"target\":[\"https:\/\/www.norail.fr\/atd\/conseils-techniques\/\"]}]},{\"@type\":\"BreadcrumbList\",\"@id\":\"https:\/\/www.norail.fr\/atd\/conseils-techniques\/#breadcrumb\",\"itemListElement\":[{\"@type\":\"ListItem\",\"position\":1,\"name\":\"Accueil\",\"item\":\"https:\/\/www.norail.fr\/atd\/\"},{\"@type\":\"ListItem\",\"position\":2,\"name\":\"Conseils techniques\"}]},{\"@type\":\"WebSite\",\"@id\":\"https:\/\/www.norail.fr\/atd\/#website\",\"url\":\"https:\/\/www.norail.fr\/atd\/\",\"name\":\"Norail | Quincaillerie professionnelle\",\"description\":\"Au service des pros\",\"potentialAction\":[{\"@type\":\"SearchAction\",\"target\":{\"@type\":\"EntryPoint\",\"urlTemplate\":\"https:\/\/www.norail.fr\/atd\/?s={search_term_string}\"},\"query-input\":{\"@type\":\"PropertyValueSpecification\",\"valueRequired\":true,\"valueName\":\"search_term_string\"}}],\"inLanguage\":\"fr-FR\"}]}<\/script>\n<!-- \/ Yoast SEO plugin. -->","yoast_head_json":{"title":"Conseils techniques - Norail | Quincaillerie professionnelle","robots":{"index":"index","follow":"follow","max-snippet":"max-snippet:-1","max-image-preview":"max-image-preview:large","max-video-preview":"max-video-preview:-1"},"canonical":"https:\/\/www.norail.fr\/atd\/conseils-techniques\/","og_locale":"fr_FR","og_type":"article","og_title":"Conseils techniques - Norail | Quincaillerie professionnelle","og_url":"https:\/\/www.norail.fr\/atd\/conseils-techniques\/","og_site_name":"Norail | Quincaillerie professionnelle","article_modified_time":"2019-03-27T11:04:48+00:00","twitter_card":"summary_large_image","schema":{"@context":"https:\/\/schema.org","@graph":[{"@type":"WebPage","@id":"https:\/\/www.norail.fr\/atd\/conseils-techniques\/","url":"https:\/\/www.norail.fr\/atd\/conseils-techniques\/","name":"Conseils techniques - Norail | Quincaillerie professionnelle","isPartOf":{"@id":"https:\/\/www.norail.fr\/atd\/#website"},"datePublished":"2017-03-08T12:02:28+00:00","dateModified":"2019-03-27T11:04:48+00:00","breadcrumb":{"@id":"https:\/\/www.norail.fr\/atd\/conseils-techniques\/#breadcrumb"},"inLanguage":"fr-FR","potentialAction":[{"@type":"ReadAction","target":["https:\/\/www.norail.fr\/atd\/conseils-techniques\/"]}]},{"@type":"BreadcrumbList","@id":"https:\/\/www.norail.fr\/atd\/conseils-techniques\/#breadcrumb","itemListElement":[{"@type":"ListItem","position":1,"name":"Accueil","item":"https:\/\/www.norail.fr\/atd\/"},{"@type":"ListItem","position":2,"name":"Conseils techniques"}]},{"@type":"WebSite","@id":"https:\/\/www.norail.fr\/atd\/#website","url":"https:\/\/www.norail.fr\/atd\/","name":"Norail | Quincaillerie professionnelle","description":"Au service des pros","potentialAction":[{"@type":"SearchAction","target":{"@type":"EntryPoint","urlTemplate":"https:\/\/www.norail.fr\/atd\/?s={search_term_string}"},"query-input":{"@type":"PropertyValueSpecification","valueRequired":true,"valueName":"search_term_string"}}],"inLanguage":"fr-FR"}]}},"_links":{"self":[{"href":"https:\/\/www.norail.fr\/atd\/wp-json\/wp\/v2\/pages\/1028","targetHints":{"allow":["GET"]}}],"collection":[{"href":"https:\/\/www.norail.fr\/atd\/wp-json\/wp\/v2\/pages"}],"about":[{"href":"https:\/\/www.norail.fr\/atd\/wp-json\/wp\/v2\/types\/page"}],"author":[{"embeddable":true,"href":"https:\/\/www.norail.fr\/atd\/wp-json\/wp\/v2\/users\/11"}],"replies":[{"embeddable":true,"href":"https:\/\/www.norail.fr\/atd\/wp-json\/wp\/v2\/comments?post=1028"}],"version-history":[{"count":3,"href":"https:\/\/www.norail.fr\/atd\/wp-json\/wp\/v2\/pages\/1028\/revisions"}],"predecessor-version":[{"id":1289,"href":"https:\/\/www.norail.fr\/atd\/wp-json\/wp\/v2\/pages\/1028\/revisions\/1289"}],"wp:attachment":[{"href":"https:\/\/www.norail.fr\/atd\/wp-json\/wp\/v2\/media?parent=1028"}],"curies":[{"name":"wp","href":"https:\/\/api.w.org\/{rel}","templated":true}]}}