
{"id":1290,"date":"2019-03-27T12:07:22","date_gmt":"2019-03-27T11:07:22","guid":{"rendered":"http:\/\/www.norail.fr\/atd\/?page_id=1290"},"modified":"2021-10-25T09:35:57","modified_gmt":"2021-10-25T07:35:57","slug":"bien-fixer-lames-terrasses","status":"publish","type":"page","link":"https:\/\/www.norail.fr\/atd\/bien-fixer-lames-terrasses\/","title":{"rendered":"Bien fixer ses lames terrasses"},"content":{"rendered":"<div style=\"padding: 0px; background-color: #ffffff;\">\n<p><img loading=\"lazy\" decoding=\"async\" class=\"size-medium aligncenter\" src=\"http:\/\/starblock.fr\/wp-content\/uploads\/2019\/01\/fixer-ses-lames-terrasse.jpg\" width=\"1227\" height=\"401\" \/><\/p>\n<div style=\"padding: 30px 50px 50px; background-color: #ffffff; font-size: 22px; line-height: 30px; text-align: left;\">\n<div class=\"su-spacer\" style=\"height:10px\"><\/div><!--1 Configaration du gabarit de pr\u00e9-per\u00e7age terrasse--><\/p>\n<div style=\"text-align: center; font-size: 30px; margin-bottom: 30px;\">\n<p>&nbsp;<\/p>\n<div style=\"font-size: 25px; letter-spacing: 15px; color: #ffff00; padding: 10px; background-color: #333333; width: 500px; text-align: center; margin: auto;\">INNOVATION<\/div>\n<p>&nbsp;<\/p>\n<h1 style=\"font-size: 43px; margin-bottom: 30px; text-align: center;\"><span style=\"color: #000000;\">Je fixe mes lames terrasse avec la FiX\u2019BoX Starblock<sup>\u00ae<\/sup><\/span><\/h1>\n<p>Le premier gabarit de per\u00e7age int\u00e9gr\u00e9 \u00e0 la bo\u00eete de vis terrasse.<\/p>\n<\/div>\n<div style=\"text-align: center; margin: auto;\">\n<div class=\"su-youtube su-responsive-media-yes\">\n<p><iframe loading=\"lazy\" title=\"Fix&#039;Box Terrasse : le gabarit de per\u00e7age int\u00e9gr\u00e9 \u00e0 la boite de vis terrasse\" width=\"1220\" height=\"686\" src=\"https:\/\/www.youtube.com\/embed\/ly-3MSEMeSA?feature=oembed\" frameborder=\"0\" allow=\"accelerometer; autoplay; clipboard-write; encrypted-media; gyroscope; picture-in-picture\" allowfullscreen><\/iframe><\/p>\n<\/div>\n<\/div>\n<h1 style=\"font-size: 30px; margin-bottom: 50px; margin-top: 80px;\"><span style=\"background-color: #ffed00; padding: 5px 10px 5px 10px; margin-right: 10px;\">1<\/span><span style=\"color: #000000;\">\u00a0\u00a0Configurer le gabarit de per\u00e7age int\u00e9gr\u00e9 au packaging de la FiX\u2019BoX<\/span><\/h1>\n<p>D\u00e9finissez l\u2019\u00e9cartement entre les lames et adaptez la cale selon l\u2019\u00e9cartement choisi.<br \/>\nPour un \u00e9cartement de 4 mm, couper la partie basse du gabarit.<br \/>\nPour un \u00e9cartement de 6 mm, replier la partie basse pour la clipser dans les ergots.<br \/>\n<div class=\"su-row\"><div class=\"su-column su-column-size-1-2\"><div class=\"su-column-inner su-u-clearfix su-u-trim\"><img loading=\"lazy\" decoding=\"async\" class=\"aligncenter size-medium\" src=\"https:\/\/starblock.fr\/wp-content\/uploads\/2019\/01\/ecartement-cale.jpg\" width=\"647\" height=\"282\" \/><\/div><\/div><div class=\"su-column su-column-size-1-2\"><div class=\"su-column-inner su-u-clearfix su-u-trim\"><img loading=\"lazy\" decoding=\"async\" class=\"size-medium aligncenter\" src=\"http:\/\/starblock.fr\/wp-content\/uploads\/2019\/01\/adaptation-cale.gif\" width=\"647\" height=\"282\" \/><\/div><\/div><div class=\"su-column su-column-size-1-2\"><div class=\"su-column-inner su-u-clearfix su-u-trim\">\n<\/div><\/div><\/div>\n<div class=\"su-spacer\" style=\"height:40px\"><\/div>\n<div class=\"su-row\"><div class=\"su-column su-column-size-1-2\"><div class=\"su-column-inner su-u-clearfix su-u-trim\">\n<img loading=\"lazy\" decoding=\"async\" class=\"aligncenter size-medium\" src=\"http:\/\/starblock.fr\/wp-content\/uploads\/2019\/01\/cale-gabrait-terrasse.jpg\" width=\"539\" height=\"320\" \/><\/div><\/div><div class=\"su-column su-column-size-1-2\"><div class=\"su-column-inner su-u-clearfix su-u-trim\"><img loading=\"lazy\" decoding=\"async\" class=\"alignnone size-medium\" src=\"http:\/\/starblock.fr\/wp-content\/uploads\/2019\/01\/cale-ecartement.jpg\" width=\"563\" height=\"320\" \/><br \/>\n<\/div><\/div>\n<\/div><div class=\"su-spacer\" style=\"height:10px\"><\/div>\n<!--2 Positioner le gabarit de pr\u00e9-per\u00e7age terrasse--><\/p>\n<h1 style=\"font-size: 30px; margin-bottom: 50px; margin-top: 80px;\"><span style=\"background-color: #ffed00; padding: 5px 10px 5px 10px; margin-right: 10px;\">2<\/span><span style=\"color: #000000;\">\u00a0\u00a0Positionner le gabarit sur la lame<\/span><\/h1>\n<p>Rep\u00e9rer la largeur de vos lames 120 ou 145 mm, utiliser le rep\u00e8re d\u2019alignement pour positionner<br \/>\nle gabarit dans l\u2019axe de la lambourde.<br \/>\nPour le cas d\u2019un per\u00e7age bord de lame, utilisez les rep\u00e8res gauche et droit.<br \/>\n<div class=\"su-row\"><div class=\"su-column su-column-size-1-2\"><div class=\"su-column-inner su-u-clearfix su-u-trim\">\n<img loading=\"lazy\" decoding=\"async\" class=\"alignnone size-medium\" src=\"https:\/\/starblock.fr\/wp-content\/uploads\/2019\/01\/repere-lame-terrasse.gif\" width=\"683\" height=\"344\" \/> <\/div><\/div><div class=\"su-column su-column-size-1-2\"><div class=\"su-column-inner su-u-clearfix su-u-trim\">\n<img loading=\"lazy\" decoding=\"async\" class=\"alignnone size-medium\" src=\"http:\/\/starblock.fr\/wp-content\/uploads\/2019\/01\/alignement-lame-terrasse.gif\" width=\"546\" height=\"375\" \/><br \/>\n<\/div><\/div><\/div>\n<div class=\"su-row\"><div class=\"su-column su-column-size-1-2\"><div class=\"su-column-inner su-u-clearfix su-u-trim\">\n<img loading=\"lazy\" decoding=\"async\" class=\"alignnone size-medium\" src=\"http:\/\/starblock.fr\/wp-content\/uploads\/2019\/01\/gabarit-fixbox.jpg\" width=\"540\" height=\"320\" \/><\/div><\/div><div class=\"su-column su-column-size-1-2\"><div class=\"su-column-inner su-u-clearfix su-u-trim\">\n<img loading=\"lazy\" decoding=\"async\" class=\"alignnone size-medium\" src=\"http:\/\/starblock.fr\/wp-content\/uploads\/2019\/01\/gabarit-bord-de-lame-fixbox.jpg\" width=\"540\" height=\"320\" \/><br \/>\n<\/div><\/div><\/div><div class=\"su-spacer\" style=\"height:30px\"><\/div>\n<h1 style=\"font-size: 30px; margin-bottom: 50px; margin-top: 80px;\"><span style=\"background-color: #ffed00; padding: 5px 10px 5px 10px; margin-right: 10px;\">3<\/span><span style=\"color: #000000;\">\u00a0\u00a0Pr\u00e9-percer des lames terrasse<\/span><\/h1>\n<p>Une fois le gabarit positionn\u00e9, pr\u00e9percez la lame de la terrasse en utilisant les rep\u00e8res de pr\u00e9-per\u00e7age 120 ou 145 mm.<br \/>\n<div class=\"su-spacer\" style=\"height:20px\"><\/div>\n<img loading=\"lazy\" decoding=\"async\" class=\"alignnone size-medium\" src=\"http:\/\/starblock.fr\/wp-content\/uploads\/2019\/01\/per%C3%A7age-lame-terrasse.gif\" width=\"923\" height=\"345\" \/><br \/>\n<div class=\"su-row\"><div class=\"su-column su-column-size-1-2\"><div class=\"su-column-inner su-u-clearfix su-u-trim\">\n<img loading=\"lazy\" decoding=\"async\" class=\"alignnone size-medium\" src=\"http:\/\/starblock.fr\/wp-content\/uploads\/2019\/01\/pre-percage-lames-terrasse.jpg\" width=\"539\" height=\"320\" \/><\/div><\/div><div class=\"su-column su-column-size-1-2\"><div class=\"su-column-inner su-u-clearfix su-u-trim\">\n<div style=\"background-color: #e9e9e9; min-height: 320px;\">\n<p><img loading=\"lazy\" decoding=\"async\" class=\"alignnone\" src=\"http:\/\/starblock.fr\/wp-content\/uploads\/2019\/01\/kit-percage-fraisage.jpg\" alt=\"\" width=\"146\" height=\"320\" \/><\/p>\n<div style=\"font-size: 18px; padding-top: 20px;\">Pour une optimisation de cette \u00e9tape<br \/>\net obtenir une finition soign\u00e9e,<br \/>\nutilisez le kit per\u00e7age fraisage<br \/>\nStarblock\u00ae.<\/div>\n<div style=\"font-size: 18px; margin-top: auto;\"><a href=\"http:\/\/starblock.fr\/atd\/kit-percage-fraisage\/\" class=\"su-button su-button-style-flat\" style=\"color:#000000;background-color:#fff200;border-color:#ccc200;border-radius:0px\" target=\"_self\"><span style=\"color:#000000;padding:7px 20px;font-size:16px;line-height:24px;border-color:#fff64d;border-radius:0px;text-shadow:none\"><i class=\"sui sui-play\" style=\"font-size:16px;color:#4c4800\"><\/i> En savoir plus<\/span><\/a><\/div>\n<\/div>\n<\/div><\/div><\/div>\n<div class=\"su-spacer\" style=\"height:30px\"><\/div>\n<h1 style=\"font-size: 30px; margin-bottom: 50px; margin-top: 80px;\"><span style=\"background-color: #ffed00; padding: 5px 10px 5px 10px; margin-right: 10px;\">4<\/span><span style=\"color: #000000;\">\u00a0\u00a0Fixer les lames terrasse<\/span><\/h1>\n<p style=\"text-align: left;\">Pour fixer les lames il suffit d\u2019utiliser les vis contenues dans la FiX\u2019BoX terrasse Starblock\u00ae.<br \/>\nIl existe 3 types de vis terrasse Starblock<sup>\u00ae<\/sup> :<br \/>\n<strong>\u2022 Inox A2 :<\/strong> pour tout type de bois<br \/>\n<strong>\u2022 Inox double filet A2 :<\/strong> pour forte variation hygrom\u00e9trique<br \/>\n<strong>\u2022 Inox A4 :<\/strong> pour bord de mer ou piscine<br \/>\n<div class=\"su-row\"><div class=\"su-column su-column-size-1-3\"><div class=\"su-column-inner su-u-clearfix su-u-trim\"><img loading=\"lazy\" decoding=\"async\" class=\"alignnone size-medium\" src=\"http:\/\/starblock.fr\/wp-content\/uploads\/2019\/01\/vis-terrasse-inox-a2.jpg\" width=\"329\" height=\"416\" \/><\/p>\n<p style=\"text-align: center;\"><a href=\"http:\/\/starblock.fr\/wp-content\/uploads\/2019\/01\/Starblock-Inox-A2.pdf\" class=\"su-button su-button-style-default fixerlamesterrassesinoxa2\" style=\"color:#C23030;background-color:#FFFFFF;border-color:#cccccc;border-radius:6px\" target=\"_self\"><span style=\"color:#C23030;padding:0px 18px;font-size:14px;line-height:28px;border-color:#ffffff;border-radius:6px;text-shadow:none\"> T\u00e9l\u00e9chargez la fiche technique<\/span><\/a>\n<\/div><\/div>\n<div class=\"su-column su-column-size-1-3\"><div class=\"su-column-inner su-u-clearfix su-u-trim\"><img loading=\"lazy\" decoding=\"async\" class=\"alignnone size-medium\" src=\"http:\/\/starblock.fr\/wp-content\/uploads\/2019\/01\/vis-terrasse-inox-a2-double-filet.jpg\" width=\"329\" height=\"416\" \/><\/p>\n<p style=\"text-align: center;\"><a href=\"http:\/\/starblock.fr\/wp-content\/uploads\/2019\/01\/Starblock-Inox-A2-double-filet.pdf\" class=\"su-button su-button-style-default fixerlamesterrassesinoxa2doublefilet\" style=\"color:#C23030;background-color:#FFFFFF;border-color:#cccccc;border-radius:6px\" target=\"_self\"><span style=\"color:#C23030;padding:0px 18px;font-size:14px;line-height:28px;border-color:#ffffff;border-radius:6px;text-shadow:none\"> T\u00e9l\u00e9chargez la fiche technique<\/span><\/a>\n<\/div><\/div><div class=\"su-column su-column-size-1-3\"><div class=\"su-column-inner su-u-clearfix su-u-trim\"><img loading=\"lazy\" decoding=\"async\" class=\"alignnone size-medium\" src=\"http:\/\/starblock.fr\/wp-content\/uploads\/2019\/01\/vis-terrasse-inox-a4.jpg\" width=\"329\" height=\"416\" \/><\/p>\n<p style=\"text-align: center;\"><a href=\"http:\/\/starblock.fr\/wp-content\/uploads\/2019\/01\/Starblock-Inox-A4.pdf\" class=\"su-button su-button-style-default fixerlamesterrassesinoxa4\" style=\"color:#C23030;background-color:#FFFFFF;border-color:#cccccc;border-radius:6px\" target=\"_self\"><span style=\"color:#C23030;padding:0px 18px;font-size:14px;line-height:28px;border-color:#ffffff;border-radius:6px;text-shadow:none\"> T\u00e9l\u00e9chargez la fiche technique<\/span><\/a>\n<\/div><\/div><\/div>\n<div class=\"su-spacer\" style=\"height:100px\"><\/div>\n<div style=\"color: #474647; background-color: #c7c7c7; border-radius: 10px; width: 610px; margin: auto; text-align: center; vertical-align: middle; padding-top: 20px;\">\n<div style=\"font-size: 30px; font-weight: bolder; vertical-align: middle; display: inline-block; line-height: 1.2;\">\n<p>D\u00e9couvrez toute la gamme<br \/>\nStarblock<sup>\u00ae<\/sup> terrasse.<\/p>\n<\/div>\n<p>&nbsp;<\/p>\n<a href=\"https:\/\/fr.calameo.com\/read\/00566484983e334f38a41\" class=\"su-button su-button-style-default gammestarblocktelechargercatalogue\" style=\"color:#4F4B4B;background-color:#FFFFFF;border-color:#cccccc;border-radius:10px\" target=\"_self\"><span style=\"color:#4F4B4B;padding:0px 26px;font-size:20px;line-height:40px;border-color:#ffffff;border-radius:10px;text-shadow:none\"> Catalogue t\u00e9l\u00e9chargeable ici<\/span><\/a>\n<p>&nbsp;<\/p>\n<p><img loading=\"lazy\" decoding=\"async\" class=\"alignnone size-medium\" src=\"http:\/\/starblock.fr\/wp-content\/uploads\/2019\/01\/brochure-starblock-terrasse.png\" width=\"603\" height=\"396\" \/><\/p>\n<\/div>\n<\/div>\n<\/div>\n","protected":false},"excerpt":{"rendered":"<p>&nbsp; INNOVATION &nbsp; Je fixe mes lames terrasse avec la FiX\u2019BoX Starblock\u00ae Le premier gabarit de per\u00e7age int\u00e9gr\u00e9 \u00e0 la bo\u00eete de vis terrasse. 1\u00a0\u00a0Configurer le gabarit de per\u00e7age int\u00e9gr\u00e9 au packaging de la FiX\u2019BoX D\u00e9finissez l\u2019\u00e9cartement entre les lames et adaptez la cale selon l\u2019\u00e9cartement choisi. Pour un \u00e9cartement de 4 mm, couper la &hellip;<\/p>\n","protected":false},"author":11,"featured_media":0,"parent":0,"menu_order":0,"comment_status":"closed","ping_status":"closed","template":"homepage.php","meta":{"footnotes":""},"class_list":["post-1290","page","type-page","status-publish","hentry"],"yoast_head":"<!-- This site is optimized with the Yoast SEO plugin v27.1.1 - https:\/\/yoast.com\/product\/yoast-seo-wordpress\/ -->\n<title>Bien fixer ses lames terrasses - Norail | Quincaillerie professionnelle<\/title>\n<meta name=\"robots\" content=\"index, follow, max-snippet:-1, max-image-preview:large, max-video-preview:-1\" \/>\n<link rel=\"canonical\" href=\"https:\/\/www.norail.fr\/atd\/bien-fixer-lames-terrasses\/\" \/>\n<meta property=\"og:locale\" content=\"fr_FR\" \/>\n<meta property=\"og:type\" content=\"article\" \/>\n<meta property=\"og:title\" content=\"Bien fixer ses lames terrasses - Norail | Quincaillerie professionnelle\" \/>\n<meta property=\"og:description\" content=\"&nbsp; INNOVATION &nbsp; Je fixe mes lames terrasse avec la FiX\u2019BoX Starblock\u00ae Le premier gabarit de per\u00e7age int\u00e9gr\u00e9 \u00e0 la bo\u00eete de vis terrasse. 1\u00a0\u00a0Configurer le gabarit de per\u00e7age int\u00e9gr\u00e9 au packaging de la FiX\u2019BoX D\u00e9finissez l\u2019\u00e9cartement entre les lames et adaptez la cale selon l\u2019\u00e9cartement choisi. Pour un \u00e9cartement de 4 mm, couper la &hellip;\" \/>\n<meta property=\"og:url\" content=\"https:\/\/www.norail.fr\/atd\/bien-fixer-lames-terrasses\/\" \/>\n<meta property=\"og:site_name\" content=\"Norail | Quincaillerie professionnelle\" \/>\n<meta property=\"article:modified_time\" content=\"2021-10-25T07:35:57+00:00\" \/>\n<meta property=\"og:image\" content=\"http:\/\/starblock.fr\/wp-content\/uploads\/2019\/01\/fixer-ses-lames-terrasse.jpg\" \/>\n<meta name=\"twitter:card\" content=\"summary_large_image\" \/>\n<meta name=\"twitter:label1\" content=\"Dur\u00e9e de lecture estim\u00e9e\" \/>\n\t<meta name=\"twitter:data1\" content=\"2 minutes\" \/>\n<script type=\"application\/ld+json\" class=\"yoast-schema-graph\">{\"@context\":\"https:\/\/schema.org\",\"@graph\":[{\"@type\":\"WebPage\",\"@id\":\"https:\/\/www.norail.fr\/atd\/bien-fixer-lames-terrasses\/\",\"url\":\"https:\/\/www.norail.fr\/atd\/bien-fixer-lames-terrasses\/\",\"name\":\"Bien fixer ses lames terrasses - Norail | Quincaillerie professionnelle\",\"isPartOf\":{\"@id\":\"https:\/\/www.norail.fr\/atd\/#website\"},\"primaryImageOfPage\":{\"@id\":\"https:\/\/www.norail.fr\/atd\/bien-fixer-lames-terrasses\/#primaryimage\"},\"image\":{\"@id\":\"https:\/\/www.norail.fr\/atd\/bien-fixer-lames-terrasses\/#primaryimage\"},\"thumbnailUrl\":\"http:\/\/starblock.fr\/wp-content\/uploads\/2019\/01\/fixer-ses-lames-terrasse.jpg\",\"datePublished\":\"2019-03-27T11:07:22+00:00\",\"dateModified\":\"2021-10-25T07:35:57+00:00\",\"breadcrumb\":{\"@id\":\"https:\/\/www.norail.fr\/atd\/bien-fixer-lames-terrasses\/#breadcrumb\"},\"inLanguage\":\"fr-FR\",\"potentialAction\":[{\"@type\":\"ReadAction\",\"target\":[\"https:\/\/www.norail.fr\/atd\/bien-fixer-lames-terrasses\/\"]}]},{\"@type\":\"ImageObject\",\"inLanguage\":\"fr-FR\",\"@id\":\"https:\/\/www.norail.fr\/atd\/bien-fixer-lames-terrasses\/#primaryimage\",\"url\":\"http:\/\/starblock.fr\/wp-content\/uploads\/2019\/01\/fixer-ses-lames-terrasse.jpg\",\"contentUrl\":\"http:\/\/starblock.fr\/wp-content\/uploads\/2019\/01\/fixer-ses-lames-terrasse.jpg\"},{\"@type\":\"BreadcrumbList\",\"@id\":\"https:\/\/www.norail.fr\/atd\/bien-fixer-lames-terrasses\/#breadcrumb\",\"itemListElement\":[{\"@type\":\"ListItem\",\"position\":1,\"name\":\"Accueil\",\"item\":\"https:\/\/www.norail.fr\/atd\/\"},{\"@type\":\"ListItem\",\"position\":2,\"name\":\"Bien fixer ses lames terrasses\"}]},{\"@type\":\"WebSite\",\"@id\":\"https:\/\/www.norail.fr\/atd\/#website\",\"url\":\"https:\/\/www.norail.fr\/atd\/\",\"name\":\"Norail | Quincaillerie professionnelle\",\"description\":\"Au service des pros\",\"potentialAction\":[{\"@type\":\"SearchAction\",\"target\":{\"@type\":\"EntryPoint\",\"urlTemplate\":\"https:\/\/www.norail.fr\/atd\/?s={search_term_string}\"},\"query-input\":{\"@type\":\"PropertyValueSpecification\",\"valueRequired\":true,\"valueName\":\"search_term_string\"}}],\"inLanguage\":\"fr-FR\"}]}<\/script>\n<!-- \/ Yoast SEO plugin. -->","yoast_head_json":{"title":"Bien fixer ses lames terrasses - Norail | Quincaillerie professionnelle","robots":{"index":"index","follow":"follow","max-snippet":"max-snippet:-1","max-image-preview":"max-image-preview:large","max-video-preview":"max-video-preview:-1"},"canonical":"https:\/\/www.norail.fr\/atd\/bien-fixer-lames-terrasses\/","og_locale":"fr_FR","og_type":"article","og_title":"Bien fixer ses lames terrasses - Norail | Quincaillerie professionnelle","og_description":"&nbsp; INNOVATION &nbsp; Je fixe mes lames terrasse avec la FiX\u2019BoX Starblock\u00ae Le premier gabarit de per\u00e7age int\u00e9gr\u00e9 \u00e0 la bo\u00eete de vis terrasse. 1\u00a0\u00a0Configurer le gabarit de per\u00e7age int\u00e9gr\u00e9 au packaging de la FiX\u2019BoX D\u00e9finissez l\u2019\u00e9cartement entre les lames et adaptez la cale selon l\u2019\u00e9cartement choisi. Pour un \u00e9cartement de 4 mm, couper la &hellip;","og_url":"https:\/\/www.norail.fr\/atd\/bien-fixer-lames-terrasses\/","og_site_name":"Norail | Quincaillerie professionnelle","article_modified_time":"2021-10-25T07:35:57+00:00","og_image":[{"url":"http:\/\/starblock.fr\/wp-content\/uploads\/2019\/01\/fixer-ses-lames-terrasse.jpg","type":"","width":"","height":""}],"twitter_card":"summary_large_image","twitter_misc":{"Dur\u00e9e de lecture estim\u00e9e":"2 minutes"},"schema":{"@context":"https:\/\/schema.org","@graph":[{"@type":"WebPage","@id":"https:\/\/www.norail.fr\/atd\/bien-fixer-lames-terrasses\/","url":"https:\/\/www.norail.fr\/atd\/bien-fixer-lames-terrasses\/","name":"Bien fixer ses lames terrasses - Norail | Quincaillerie professionnelle","isPartOf":{"@id":"https:\/\/www.norail.fr\/atd\/#website"},"primaryImageOfPage":{"@id":"https:\/\/www.norail.fr\/atd\/bien-fixer-lames-terrasses\/#primaryimage"},"image":{"@id":"https:\/\/www.norail.fr\/atd\/bien-fixer-lames-terrasses\/#primaryimage"},"thumbnailUrl":"http:\/\/starblock.fr\/wp-content\/uploads\/2019\/01\/fixer-ses-lames-terrasse.jpg","datePublished":"2019-03-27T11:07:22+00:00","dateModified":"2021-10-25T07:35:57+00:00","breadcrumb":{"@id":"https:\/\/www.norail.fr\/atd\/bien-fixer-lames-terrasses\/#breadcrumb"},"inLanguage":"fr-FR","potentialAction":[{"@type":"ReadAction","target":["https:\/\/www.norail.fr\/atd\/bien-fixer-lames-terrasses\/"]}]},{"@type":"ImageObject","inLanguage":"fr-FR","@id":"https:\/\/www.norail.fr\/atd\/bien-fixer-lames-terrasses\/#primaryimage","url":"http:\/\/starblock.fr\/wp-content\/uploads\/2019\/01\/fixer-ses-lames-terrasse.jpg","contentUrl":"http:\/\/starblock.fr\/wp-content\/uploads\/2019\/01\/fixer-ses-lames-terrasse.jpg"},{"@type":"BreadcrumbList","@id":"https:\/\/www.norail.fr\/atd\/bien-fixer-lames-terrasses\/#breadcrumb","itemListElement":[{"@type":"ListItem","position":1,"name":"Accueil","item":"https:\/\/www.norail.fr\/atd\/"},{"@type":"ListItem","position":2,"name":"Bien fixer ses lames terrasses"}]},{"@type":"WebSite","@id":"https:\/\/www.norail.fr\/atd\/#website","url":"https:\/\/www.norail.fr\/atd\/","name":"Norail | Quincaillerie professionnelle","description":"Au service des pros","potentialAction":[{"@type":"SearchAction","target":{"@type":"EntryPoint","urlTemplate":"https:\/\/www.norail.fr\/atd\/?s={search_term_string}"},"query-input":{"@type":"PropertyValueSpecification","valueRequired":true,"valueName":"search_term_string"}}],"inLanguage":"fr-FR"}]}},"_links":{"self":[{"href":"https:\/\/www.norail.fr\/atd\/wp-json\/wp\/v2\/pages\/1290","targetHints":{"allow":["GET"]}}],"collection":[{"href":"https:\/\/www.norail.fr\/atd\/wp-json\/wp\/v2\/pages"}],"about":[{"href":"https:\/\/www.norail.fr\/atd\/wp-json\/wp\/v2\/types\/page"}],"author":[{"embeddable":true,"href":"https:\/\/www.norail.fr\/atd\/wp-json\/wp\/v2\/users\/11"}],"replies":[{"embeddable":true,"href":"https:\/\/www.norail.fr\/atd\/wp-json\/wp\/v2\/comments?post=1290"}],"version-history":[{"count":53,"href":"https:\/\/www.norail.fr\/atd\/wp-json\/wp\/v2\/pages\/1290\/revisions"}],"predecessor-version":[{"id":4053,"href":"https:\/\/www.norail.fr\/atd\/wp-json\/wp\/v2\/pages\/1290\/revisions\/4053"}],"wp:attachment":[{"href":"https:\/\/www.norail.fr\/atd\/wp-json\/wp\/v2\/media?parent=1290"}],"curies":[{"name":"wp","href":"https:\/\/api.w.org\/{rel}","templated":true}]}}