
{"id":220,"date":"2016-09-07T14:05:20","date_gmt":"2016-09-07T12:05:20","guid":{"rendered":"http:\/\/www.norail.fr\/otd_new\/?page_id=220"},"modified":"2016-09-28T11:58:49","modified_gmt":"2016-09-28T09:58:49","slug":"interface-client","status":"publish","type":"page","link":"https:\/\/www.norail.fr\/atd\/interface-client\/","title":{"rendered":"interface client"},"content":{"rendered":"<div id=\"aq-template-wrapper-227\" class=\"aq-template-wrapper aq_row\"><div id=\"aq-block-227-1\" class=\"aq-block aq-block-aq_ads_block aq_span12 aq-first clearfix\">\r\n\t\t\r\r\n\t\t\t\r\n            \r\r\n\t\t\t\r\n                    \r\r\n           \t\t<div class=\"body3 bgfix\"><p class=\"text-compte-client\" style=\"margin: 20px; margin-bottom:-50px;\">Gr\u00e2ce \u00e0 votre <b>espace client en ligne<\/b>, acc\u00e9dez aux offres sp\u00e9ciales en cours. Simple et rapide, consultez vos tarifs et <b>passez vos commandes<\/b> en quelques clics. Retrouvez \u00e9galement vos <b>historiques, devis en cours et avoirs<\/b>. Site r\u00e9serv\u00e9 exclusivement aux professionnels. <\/p><\/div>\r\r\n\t\t\r\r\n\t\t \t<\/div><div id=\"aq-block-227-2\" class=\"aq-block aq-block-aq_2_column_block aq_span6 aq-first clearfix\"><div id=\"aq-block-227-3\" class=\"aq-block aq-block-aq_text_block aq_span12 aq-first clearfix\">\r\n        <div class=\"widgetwrap widgetwrap-alt text-boxed\">\r\r\n        \r\r\n        <div class=\"block_bg\"  style=\"background-color:#fff;\"><\/div>\r\r\n        \r\r\n        <div class=\"container builder woocommerce\"  style=\"padding:0px 0;\">\r\r\n        \r\r\n\t\t\t\r\n            <h2 class=\"block\"  style=\"color:#333;\">\r\r\n                \r\r\n                <span class=\"maintitle\">Se connecter \u00e0 l&#039;espace client<\/span>\r\r\n                \r\r\n                \r\n                    <span class=\"subtitle\" style=\"color:#333;\">Je suis d\u00e9j\u00e0 client et j&#039;ai d\u00e9j\u00e0 mes acc\u00e9s<\/span>\r\r\n                \r\n                    \r\r\n            <\/h2>\r\r\n            \r\n                   \r\r\n            <form method=\"post\" action=\"..\/verifier_connexion.php\">   <p><input type=\"text\" name=\"pseudo\" class=\"login_form\" placeholder=\"Votre login\" tabindex=\"1\" \/>       <br\/>       <input type=\"password\" name=\"pass\" class=\"login_form\" maxlength=\"20\" placeholder=\"Votre mot de passe\" tabindex=\"2\" \/><br\/> <br\/> <input type=\"submit\" value=\"Se connecter\" class=\"submit_connect\" tabindex=\"3\" onclick=\"\">       <br\/> <br\/>    <\/p><\/form>\r\n            \r\r\n      \t<\/div>      \r\r\n\r\r\n      <\/div>\r\r\n      <\/div><\/div><div id=\"aq-block-227-4\" class=\"aq-block aq-block-aq_2_column_block aq_span6  clearfix\"><div id=\"aq-block-227-5\" class=\"aq-block aq-block-aq_text_block aq_span12 aq-first clearfix\">\r\n        <div class=\"widgetwrap widgetwrap-alt text-boxed\">\r\r\n        \r\r\n        <div class=\"block_bg\"  style=\"background-color:#fff;\"><\/div>\r\r\n        \r\r\n        <div class=\"container builder woocommerce\"  style=\"padding:0px 0;\">\r\r\n        \r\r\n\t\t\t\r\n            <h2 class=\"block\"  style=\"color:#333;\">\r\r\n                \r\r\n                <span class=\"maintitle\">Cr\u00e9ation d&#039;un compte client web<\/span>\r\r\n                \r\r\n                \r\n                    <span class=\"subtitle\" style=\"color:#333;\">Je suis d\u00e9j\u00e0 client Norail et je souhaite recevoir mes acc\u00e8s<\/span>\r\r\n                \r\n                    \r\r\n            <\/h2>\r\r\n            \r\n                   \r\r\n            <a href=\"http:\/\/norail.fr\/atd\/creation-compte-client-web\/\" class=\"su-button su-button-style-flat\" style=\"color:#FFFFFF;background-color:#569dcf;border-color:#457ea6;border-radius:5px\" target=\"_self\"><span style=\"color:#FFFFFF;padding:6px 16px;font-size:13px;line-height:20px;border-color:#89bbde;border-radius:5px;text-shadow:0px 0px 0px #ffffff\"><i class=\"sui sui-user\" style=\"font-size:13px;color:#FFFFFF\"><\/i> Demander mes acc\u00e8s<\/span><\/a>\r\n            \r\r\n      \t<\/div>      \r\r\n\r\r\n      <\/div>\r\r\n      <\/div><\/div><div id=\"aq-block-227-6\" class=\"aq-block aq-block-aq_text_block aq_span12 aq-first clearfix\">\r\n        <div class=\"widgetwrap widgetwrap-alt text-boxed\">\r\r\n        \r\r\n        <div class=\"block_bg\"  style=\"background-color:#fff;\"><\/div>\r\r\n        \r\r\n        <div class=\"container builder woocommerce\"  style=\"padding:0px 0;\">\r\r\n        \r\r\n\t\t\t\r\n            <h2 class=\"block\"  style=\"color:#333;\">\r\r\n                \r\r\n                <span class=\"maintitle\">Devenir Client Norail<\/span>\r\r\n                \r\r\n                \r\n                    <span class=\"subtitle\" style=\"color:#333;\">Je suis un professionnel et les produits Norail m&#039;int\u00e9ressent, je souhaite devenir client Norail<\/span>\r\r\n                \r\n                    \r\r\n            <\/h2>\r\r\n            \r\n                   \r\r\n            <a href=\"http:\/\/www.norail.fr\/atd\/devenir-client-norail\/\" class=\"su-button su-button-style-flat\" style=\"color:#FFFFFF;background-color:#569dcf;border-color:#457ea6;border-radius:5px\" target=\"_self\"><span style=\"color:#FFFFFF;padding:6px 16px;font-size:13px;line-height:20px;border-color:#89bbde;border-radius:5px;text-shadow:0px 0px 0px #ffffff\"><i class=\"sui sui-user\" style=\"font-size:13px;color:#FFFFFF\"><\/i> Remplir le formulaire de demande<\/span><\/a>\r\n            \r\r\n      \t<\/div>      \r\r\n\r\r\n      <\/div>\r\r\n      <\/div><div id=\"aq-block-227-7\" class=\"aq-block aq-block-aq_ads_block aq_span12 aq-first clearfix\">\r\n\t\t\r\r\n\t\t\t\r\n            \r\r\n\t\t\t\r\n                    \r\r\n           \t\t<div class=\"body3 bgfix\"><br \/><\/div>\r\r\n\t\t\r\r\n\t\t \t<\/div><\/div>\n","protected":false},"excerpt":{"rendered":"","protected":false},"author":1,"featured_media":0,"parent":0,"menu_order":0,"comment_status":"closed","ping_status":"closed","template":"homepage.php","meta":{"footnotes":""},"class_list":["post-220","page","type-page","status-publish","hentry"],"yoast_head":"<!-- This site is optimized with the Yoast SEO plugin v27.1.1 - https:\/\/yoast.com\/product\/yoast-seo-wordpress\/ -->\n<title>Espace client - Norail | Quincaillerie professionnelle<\/title>\n<meta name=\"description\" content=\"En tant que client, acc\u00e9dez \u00e0 votre espace s\u00e9curis\u00e9 en ligne ! B\u00e9n\u00e9ficiez des offres sp\u00e9ciales qui vous sont r\u00e9serv\u00e9es et passez commande en quelques clics.\" \/>\n<meta name=\"robots\" content=\"index, follow, max-snippet:-1, max-image-preview:large, max-video-preview:-1\" \/>\n<link rel=\"canonical\" href=\"https:\/\/www.norail.fr\/atd\/interface-client\/\" \/>\n<meta property=\"og:locale\" content=\"fr_FR\" \/>\n<meta property=\"og:type\" content=\"article\" \/>\n<meta property=\"og:title\" content=\"Espace client - Norail | Quincaillerie professionnelle\" \/>\n<meta property=\"og:description\" content=\"En tant que client, acc\u00e9dez \u00e0 votre espace s\u00e9curis\u00e9 en ligne ! B\u00e9n\u00e9ficiez des offres sp\u00e9ciales qui vous sont r\u00e9serv\u00e9es et passez commande en quelques clics.\" \/>\n<meta property=\"og:url\" content=\"https:\/\/www.norail.fr\/atd\/interface-client\/\" \/>\n<meta property=\"og:site_name\" content=\"Norail | Quincaillerie professionnelle\" \/>\n<meta property=\"article:modified_time\" content=\"2016-09-28T09:58:49+00:00\" \/>\n<meta name=\"twitter:card\" content=\"summary_large_image\" \/>\n<script type=\"application\/ld+json\" class=\"yoast-schema-graph\">{\"@context\":\"https:\/\/schema.org\",\"@graph\":[{\"@type\":\"WebPage\",\"@id\":\"https:\/\/www.norail.fr\/atd\/interface-client\/\",\"url\":\"https:\/\/www.norail.fr\/atd\/interface-client\/\",\"name\":\"Espace client - Norail | Quincaillerie professionnelle\",\"isPartOf\":{\"@id\":\"https:\/\/www.norail.fr\/atd\/#website\"},\"datePublished\":\"2016-09-07T12:05:20+00:00\",\"dateModified\":\"2016-09-28T09:58:49+00:00\",\"description\":\"En tant que client, acc\u00e9dez \u00e0 votre espace s\u00e9curis\u00e9 en ligne ! B\u00e9n\u00e9ficiez des offres sp\u00e9ciales qui vous sont r\u00e9serv\u00e9es et passez commande en quelques clics.\",\"breadcrumb\":{\"@id\":\"https:\/\/www.norail.fr\/atd\/interface-client\/#breadcrumb\"},\"inLanguage\":\"fr-FR\",\"potentialAction\":[{\"@type\":\"ReadAction\",\"target\":[\"https:\/\/www.norail.fr\/atd\/interface-client\/\"]}]},{\"@type\":\"BreadcrumbList\",\"@id\":\"https:\/\/www.norail.fr\/atd\/interface-client\/#breadcrumb\",\"itemListElement\":[{\"@type\":\"ListItem\",\"position\":1,\"name\":\"Accueil\",\"item\":\"https:\/\/www.norail.fr\/atd\/\"},{\"@type\":\"ListItem\",\"position\":2,\"name\":\"interface client\"}]},{\"@type\":\"WebSite\",\"@id\":\"https:\/\/www.norail.fr\/atd\/#website\",\"url\":\"https:\/\/www.norail.fr\/atd\/\",\"name\":\"Norail | Quincaillerie professionnelle\",\"description\":\"Au service des pros\",\"potentialAction\":[{\"@type\":\"SearchAction\",\"target\":{\"@type\":\"EntryPoint\",\"urlTemplate\":\"https:\/\/www.norail.fr\/atd\/?s={search_term_string}\"},\"query-input\":{\"@type\":\"PropertyValueSpecification\",\"valueRequired\":true,\"valueName\":\"search_term_string\"}}],\"inLanguage\":\"fr-FR\"}]}<\/script>\n<!-- \/ Yoast SEO plugin. -->","yoast_head_json":{"title":"Espace client - Norail | Quincaillerie professionnelle","description":"En tant que client, acc\u00e9dez \u00e0 votre espace s\u00e9curis\u00e9 en ligne ! B\u00e9n\u00e9ficiez des offres sp\u00e9ciales qui vous sont r\u00e9serv\u00e9es et passez commande en quelques clics.","robots":{"index":"index","follow":"follow","max-snippet":"max-snippet:-1","max-image-preview":"max-image-preview:large","max-video-preview":"max-video-preview:-1"},"canonical":"https:\/\/www.norail.fr\/atd\/interface-client\/","og_locale":"fr_FR","og_type":"article","og_title":"Espace client - Norail | Quincaillerie professionnelle","og_description":"En tant que client, acc\u00e9dez \u00e0 votre espace s\u00e9curis\u00e9 en ligne ! B\u00e9n\u00e9ficiez des offres sp\u00e9ciales qui vous sont r\u00e9serv\u00e9es et passez commande en quelques clics.","og_url":"https:\/\/www.norail.fr\/atd\/interface-client\/","og_site_name":"Norail | Quincaillerie professionnelle","article_modified_time":"2016-09-28T09:58:49+00:00","twitter_card":"summary_large_image","schema":{"@context":"https:\/\/schema.org","@graph":[{"@type":"WebPage","@id":"https:\/\/www.norail.fr\/atd\/interface-client\/","url":"https:\/\/www.norail.fr\/atd\/interface-client\/","name":"Espace client - Norail | Quincaillerie professionnelle","isPartOf":{"@id":"https:\/\/www.norail.fr\/atd\/#website"},"datePublished":"2016-09-07T12:05:20+00:00","dateModified":"2016-09-28T09:58:49+00:00","description":"En tant que client, acc\u00e9dez \u00e0 votre espace s\u00e9curis\u00e9 en ligne ! B\u00e9n\u00e9ficiez des offres sp\u00e9ciales qui vous sont r\u00e9serv\u00e9es et passez commande en quelques clics.","breadcrumb":{"@id":"https:\/\/www.norail.fr\/atd\/interface-client\/#breadcrumb"},"inLanguage":"fr-FR","potentialAction":[{"@type":"ReadAction","target":["https:\/\/www.norail.fr\/atd\/interface-client\/"]}]},{"@type":"BreadcrumbList","@id":"https:\/\/www.norail.fr\/atd\/interface-client\/#breadcrumb","itemListElement":[{"@type":"ListItem","position":1,"name":"Accueil","item":"https:\/\/www.norail.fr\/atd\/"},{"@type":"ListItem","position":2,"name":"interface client"}]},{"@type":"WebSite","@id":"https:\/\/www.norail.fr\/atd\/#website","url":"https:\/\/www.norail.fr\/atd\/","name":"Norail | Quincaillerie professionnelle","description":"Au service des pros","potentialAction":[{"@type":"SearchAction","target":{"@type":"EntryPoint","urlTemplate":"https:\/\/www.norail.fr\/atd\/?s={search_term_string}"},"query-input":{"@type":"PropertyValueSpecification","valueRequired":true,"valueName":"search_term_string"}}],"inLanguage":"fr-FR"}]}},"_links":{"self":[{"href":"https:\/\/www.norail.fr\/atd\/wp-json\/wp\/v2\/pages\/220","targetHints":{"allow":["GET"]}}],"collection":[{"href":"https:\/\/www.norail.fr\/atd\/wp-json\/wp\/v2\/pages"}],"about":[{"href":"https:\/\/www.norail.fr\/atd\/wp-json\/wp\/v2\/types\/page"}],"author":[{"embeddable":true,"href":"https:\/\/www.norail.fr\/atd\/wp-json\/wp\/v2\/users\/1"}],"replies":[{"embeddable":true,"href":"https:\/\/www.norail.fr\/atd\/wp-json\/wp\/v2\/comments?post=220"}],"version-history":[{"count":9,"href":"https:\/\/www.norail.fr\/atd\/wp-json\/wp\/v2\/pages\/220\/revisions"}],"predecessor-version":[{"id":336,"href":"https:\/\/www.norail.fr\/atd\/wp-json\/wp\/v2\/pages\/220\/revisions\/336"}],"wp:attachment":[{"href":"https:\/\/www.norail.fr\/atd\/wp-json\/wp\/v2\/media?parent=220"}],"curies":[{"name":"wp","href":"https:\/\/api.w.org\/{rel}","templated":true}]}}