
{"id":230,"date":"2016-09-07T15:03:13","date_gmt":"2016-09-07T13:03:13","guid":{"rendered":"http:\/\/www.norail.fr\/otd_new\/?page_id=230"},"modified":"2016-09-07T15:04:34","modified_gmt":"2016-09-07T13:04:34","slug":"creation-compte-client-web","status":"publish","type":"page","link":"https:\/\/www.norail.fr\/atd\/creation-compte-client-web\/","title":{"rendered":"creation compte client web"},"content":{"rendered":"<div id=\"aq-template-wrapper-229\" class=\"aq-template-wrapper aq_row\"><div id=\"aq-block-229-1\" class=\"aq-block aq-block-aq_2_column_block aq_span6 aq-first clearfix\"><div id=\"aq-block-229-2\" class=\"aq-block aq-block-aq_clear_block aq_span12 aq-first clearfix\"><div class=\"aq-block-clear aq-block-hr-single\" style=\"height:10px;\"><\/div><\/div><div id=\"aq-block-229-3\" class=\"aq-block aq-block-aq_ads_block aq_span12 aq-first clearfix\">\r\n\t\t\r\r\n\t\t\t\r\n            \r\r\n\t\t\t\r\n                    \r\r\n           \t\t<div class=\"body3 bgfix\"><img decoding=\"async\" src=\"http:\/\/norail.fr\/atd\/wp-content\/uploads\/2016\/09\/log_norail.png\" alt=\"creation du compte norail\" align=\"middle\" \/>\n&nbsp;\n<p class=\"text-compte-client\" style=\"margin-right:40px;\">Gr\u00e2ce \u00e0 votre <b>espace client en ligne<\/b>, acc\u00e9dez aux offres sp\u00e9ciales en cours. <br\/><br\/>Simple et rapide, consultez vos tarifs et <b>passez vos commandes<\/b> en quelques clics. <br\/><br\/>Retrouvez \u00e9galement vos <b>historiques, devis en cours et avoir<\/b>.<\/p>\n&nbsp;\n&nbsp;\n<p class=\"text-compte-formulaire\" style=\"margin-right:40px;\">Pour obtenir un acc\u00e8s personnalis\u00e9 \u00e0 votre espace client web, merci de compl\u00e9ter le formulaire suivant.                                                                                                  Vous recevrez vos identifiants par e-mail d'ici quelques minutes.<\/p><\/div>\r\r\n\t\t\r\r\n\t\t \t<\/div><\/div><div id=\"aq-block-229-4\" class=\"aq-block aq-block-aq_2_column_block aq_span6  clearfix\"><div id=\"aq-block-229-5\" class=\"aq-block aq-block-aq_text_block aq_span12 aq-first clearfix\">\r\n        <div class=\"widgetwrap widgetwrap-alt text-boxed\">\r\r\n        \r\r\n        <div class=\"block_bg\"  style=\"background-color:#fff;\"><\/div>\r\r\n        \r\r\n        <div class=\"container builder woocommerce\"  style=\"padding:0px 0;\">\r\r\n        \r\r\n\t\t\t\r\n            <h2 class=\"block\"  style=\"color:#333;\">\r\r\n                \r\r\n                <span class=\"maintitle\">Obtenir mes acc\u00e8s personnalis\u00e9s<\/span>\r\r\n                \r\r\n                \r\n                    <span class=\"subtitle\" style=\"color:#333;\">Je suis d\u00e9j\u00e0 client Norail et je souhaite recevoir mes acc\u00e8s<\/span>\r\r\n                \r\n                    \r\r\n            <\/h2>\r\r\n            \r\n                   \r\r\n            <form method=\"post\" action=\"..\/verifier_demande_ids.php\">\n   <p>\n       <input type=\"text\" name=\"nom\" class=\"acces_form\" placeholder=\"Votre nom *\" tabindex=\"1\" \/>       \n<br\/>\n       <input type=\"text\" name=\"magasin\" class=\"acces_form\" placeholder=\"Votre soci\u00e9t\u00e9 \/ magasin *\" tabindex=\"2\" \/>\n<br\/> \n<input type=\"text\" name=\"numero\" class=\"acces_form\" placeholder=\"Votre num\u00e9ro de client NORAIL *\" tabindex=\"3\" \/>\n<br\/> \n<input type=\"text\" name=\"mail\" class=\"acces_form\" placeholder=\"Votre adresse email *\" tabindex=\"4\" \/>\n<br\/> <br\/> \n<input type=\"submit\" value=\"Envoyer\" class=\"submit_form\" tabindex=\"5\">\n       <br\/> <br\/> \n   <\/p>\n<\/form>\n\n<!--[contact-form-7 id=\"232\" title=\"acces compte client\"]-->\n\n<p class=\"text-reglement\">Conform\u00e9ment aux articles 39 et suivants de la loi n\u00b0 78-17 du 6 janvier 1978 modifi\u00e9e en 2004 relative \u00e0 l\u2019informatique, aux fichiers et aux libert\u00e9s, toute personne peut obtenir communication et, le cas \u00e9ch\u00e9ant, rectification ou suppression des informations la concernant. Pour en savoir plus, consultez notre politique de confidentialit\u00e9.<\/p>\r\n            \r\r\n      \t<\/div>      \r\r\n\r\r\n      <\/div>\r\r\n      <\/div><\/div><\/div>\n","protected":false},"excerpt":{"rendered":"","protected":false},"author":1,"featured_media":0,"parent":0,"menu_order":0,"comment_status":"closed","ping_status":"closed","template":"homepage.php","meta":{"footnotes":""},"class_list":["post-230","page","type-page","status-publish","hentry"],"yoast_head":"<!-- This site is optimized with the Yoast SEO plugin v27.1.1 - https:\/\/yoast.com\/product\/yoast-seo-wordpress\/ -->\n<title>creation compte client web - Norail | Quincaillerie professionnelle<\/title>\n<meta name=\"robots\" content=\"index, follow, max-snippet:-1, max-image-preview:large, max-video-preview:-1\" \/>\n<link rel=\"canonical\" href=\"https:\/\/www.norail.fr\/atd\/creation-compte-client-web\/\" \/>\n<meta property=\"og:locale\" content=\"fr_FR\" \/>\n<meta property=\"og:type\" content=\"article\" \/>\n<meta property=\"og:title\" content=\"creation compte client web - Norail | Quincaillerie professionnelle\" \/>\n<meta property=\"og:url\" content=\"https:\/\/www.norail.fr\/atd\/creation-compte-client-web\/\" \/>\n<meta property=\"og:site_name\" content=\"Norail | Quincaillerie professionnelle\" \/>\n<meta property=\"article:modified_time\" content=\"2016-09-07T13:04:34+00:00\" \/>\n<meta name=\"twitter:card\" content=\"summary_large_image\" \/>\n<script type=\"application\/ld+json\" class=\"yoast-schema-graph\">{\"@context\":\"https:\/\/schema.org\",\"@graph\":[{\"@type\":\"WebPage\",\"@id\":\"https:\/\/www.norail.fr\/atd\/creation-compte-client-web\/\",\"url\":\"https:\/\/www.norail.fr\/atd\/creation-compte-client-web\/\",\"name\":\"creation compte client web - Norail | Quincaillerie professionnelle\",\"isPartOf\":{\"@id\":\"https:\/\/www.norail.fr\/atd\/#website\"},\"datePublished\":\"2016-09-07T13:03:13+00:00\",\"dateModified\":\"2016-09-07T13:04:34+00:00\",\"breadcrumb\":{\"@id\":\"https:\/\/www.norail.fr\/atd\/creation-compte-client-web\/#breadcrumb\"},\"inLanguage\":\"fr-FR\",\"potentialAction\":[{\"@type\":\"ReadAction\",\"target\":[\"https:\/\/www.norail.fr\/atd\/creation-compte-client-web\/\"]}]},{\"@type\":\"BreadcrumbList\",\"@id\":\"https:\/\/www.norail.fr\/atd\/creation-compte-client-web\/#breadcrumb\",\"itemListElement\":[{\"@type\":\"ListItem\",\"position\":1,\"name\":\"Accueil\",\"item\":\"https:\/\/www.norail.fr\/atd\/\"},{\"@type\":\"ListItem\",\"position\":2,\"name\":\"creation compte client web\"}]},{\"@type\":\"WebSite\",\"@id\":\"https:\/\/www.norail.fr\/atd\/#website\",\"url\":\"https:\/\/www.norail.fr\/atd\/\",\"name\":\"Norail | Quincaillerie professionnelle\",\"description\":\"Au service des pros\",\"potentialAction\":[{\"@type\":\"SearchAction\",\"target\":{\"@type\":\"EntryPoint\",\"urlTemplate\":\"https:\/\/www.norail.fr\/atd\/?s={search_term_string}\"},\"query-input\":{\"@type\":\"PropertyValueSpecification\",\"valueRequired\":true,\"valueName\":\"search_term_string\"}}],\"inLanguage\":\"fr-FR\"}]}<\/script>\n<!-- \/ Yoast SEO plugin. -->","yoast_head_json":{"title":"creation compte client web - Norail | Quincaillerie professionnelle","robots":{"index":"index","follow":"follow","max-snippet":"max-snippet:-1","max-image-preview":"max-image-preview:large","max-video-preview":"max-video-preview:-1"},"canonical":"https:\/\/www.norail.fr\/atd\/creation-compte-client-web\/","og_locale":"fr_FR","og_type":"article","og_title":"creation compte client web - Norail | Quincaillerie professionnelle","og_url":"https:\/\/www.norail.fr\/atd\/creation-compte-client-web\/","og_site_name":"Norail | Quincaillerie professionnelle","article_modified_time":"2016-09-07T13:04:34+00:00","twitter_card":"summary_large_image","schema":{"@context":"https:\/\/schema.org","@graph":[{"@type":"WebPage","@id":"https:\/\/www.norail.fr\/atd\/creation-compte-client-web\/","url":"https:\/\/www.norail.fr\/atd\/creation-compte-client-web\/","name":"creation compte client web - Norail | Quincaillerie professionnelle","isPartOf":{"@id":"https:\/\/www.norail.fr\/atd\/#website"},"datePublished":"2016-09-07T13:03:13+00:00","dateModified":"2016-09-07T13:04:34+00:00","breadcrumb":{"@id":"https:\/\/www.norail.fr\/atd\/creation-compte-client-web\/#breadcrumb"},"inLanguage":"fr-FR","potentialAction":[{"@type":"ReadAction","target":["https:\/\/www.norail.fr\/atd\/creation-compte-client-web\/"]}]},{"@type":"BreadcrumbList","@id":"https:\/\/www.norail.fr\/atd\/creation-compte-client-web\/#breadcrumb","itemListElement":[{"@type":"ListItem","position":1,"name":"Accueil","item":"https:\/\/www.norail.fr\/atd\/"},{"@type":"ListItem","position":2,"name":"creation compte client web"}]},{"@type":"WebSite","@id":"https:\/\/www.norail.fr\/atd\/#website","url":"https:\/\/www.norail.fr\/atd\/","name":"Norail | Quincaillerie professionnelle","description":"Au service des pros","potentialAction":[{"@type":"SearchAction","target":{"@type":"EntryPoint","urlTemplate":"https:\/\/www.norail.fr\/atd\/?s={search_term_string}"},"query-input":{"@type":"PropertyValueSpecification","valueRequired":true,"valueName":"search_term_string"}}],"inLanguage":"fr-FR"}]}},"_links":{"self":[{"href":"https:\/\/www.norail.fr\/atd\/wp-json\/wp\/v2\/pages\/230","targetHints":{"allow":["GET"]}}],"collection":[{"href":"https:\/\/www.norail.fr\/atd\/wp-json\/wp\/v2\/pages"}],"about":[{"href":"https:\/\/www.norail.fr\/atd\/wp-json\/wp\/v2\/types\/page"}],"author":[{"embeddable":true,"href":"https:\/\/www.norail.fr\/atd\/wp-json\/wp\/v2\/users\/1"}],"replies":[{"embeddable":true,"href":"https:\/\/www.norail.fr\/atd\/wp-json\/wp\/v2\/comments?post=230"}],"version-history":[{"count":1,"href":"https:\/\/www.norail.fr\/atd\/wp-json\/wp\/v2\/pages\/230\/revisions"}],"predecessor-version":[{"id":231,"href":"https:\/\/www.norail.fr\/atd\/wp-json\/wp\/v2\/pages\/230\/revisions\/231"}],"wp:attachment":[{"href":"https:\/\/www.norail.fr\/atd\/wp-json\/wp\/v2\/media?parent=230"}],"curies":[{"name":"wp","href":"https:\/\/api.w.org\/{rel}","templated":true}]}}