
{"id":32,"date":"2016-08-25T08:40:36","date_gmt":"2016-08-25T06:40:36","guid":{"rendered":"http:\/\/www.norail.fr\/otd_new\/?page_id=32"},"modified":"2019-03-28T12:09:04","modified_gmt":"2019-03-28T11:09:04","slug":"conditions-generales-dutilisation","status":"publish","type":"page","link":"https:\/\/www.norail.fr\/atd\/conditions-generales-dutilisation\/","title":{"rendered":"Conditions g\u00e9n\u00e9rales d&#8217;utilisation"},"content":{"rendered":"<div class=\"page_medias\">\n<h1>Conditions g\u00e9n\u00e9rales d\u2019utilisation :<\/h1>\n<h2>SITE www.norail.fr<\/h2>\n<p>La soci\u00e9t\u00e9 NORAIL (ci-apr\u00e8s d\u00e9nomm\u00e9e \u00ab l\u2019Editeur \u00bb) \u00e9dite un site vitrine www.norail.fr (ci-apr\u00e8s d\u00e9nomm\u00e9 le \u00ab Site \u00bb).<br \/>\nLes pr\u00e9sentes conditions g\u00e9n\u00e9rales d\u2019utilisation (ci-apr\u00e8s d\u00e9nomm\u00e9es \u00abCGU\u00bb), sont soumises au droit fran\u00e7ais et ont vocation \u00e0 r\u00e9gir l\u2019utilisation du Site.<\/p>\n<p>Les pr\u00e9sentes CGU ont pour but d\u2019\u00e9tablir les conditions d\u2019utilisation par l\u2019Utilisateur, et les modalit\u00e9s de mise \u00e0 disposition du Site.<\/p>\n<p><strong>1- Propri\u00e9t\u00e9 intellectuelle <\/strong><\/p>\n<p><strong>Propri\u00e9t\u00e9 litt\u00e9raire et artistique :<\/strong><\/p>\n<p>La soci\u00e9t\u00e9 NORAIL, filiale de la soci\u00e9t\u00e9 GROUPE C.D.E. BLANGIS, ainsi que cette derni\u00e8re, d\u00e9clarent \u00eatre titulaires de tous les droits de propri\u00e9t\u00e9 intellectuelle relatifs et pr\u00e9sents sur le Site, et \u00eatre titulaires du nom de domaine www.norail.fr.<\/p>\n<p>L\u2019acc\u00e8s au Site ne conf\u00e8re \u00e0 l\u2019utilisateur aucun droit sur les droits de propri\u00e9t\u00e9 intellectuelle relatifs et pr\u00e9sents sur le Site, qui restent la propri\u00e9t\u00e9 exclusive de l\u2019Editeur. <\/p>\n<p>Sont notamment prot\u00e9g\u00e9s par les lois fran\u00e7aises et internationales relatives \u00e0 la propri\u00e9t\u00e9 intellectuelle :<br \/>\n&#8211;\tLa charge graphique (logo, jeux de police, code couleurs, contenu r\u00e9dactionnel, choix et positionnement des illustrations, etc.).<br \/>\n&#8211;\tL\u2019aspect navigation (ensemble des fonctionnalit\u00e9s permettant \u00e0 l\u2019utilisateur de parcourir le site).<br \/>\n&#8211;\tL\u2019aspect d\u2019ensemble du site.<\/p>\n<p>Conform\u00e9ment \u00e0 l\u2019article L122-4 du Code de la propri\u00e9t\u00e9 intellectuelle, l\u2019exploitation non pr\u00e9alablement autoris\u00e9e par NORAIL, \u00e0 quelque titre que ce soit, de tout ou partie du site, et \u00e9l\u00e9ments y figurant, est illicite.<\/p>\n<p><strong>Droit des marques<\/strong><\/p>\n<p>L\u2019Editeur d\u00e9clare \u00eatre propri\u00e9taire ou licenci\u00e9 de toutes les marques qui peuvent \u00eatre pr\u00e9sentes et commercialis\u00e9es sur le Site. L\u2019Editeur v\u00e9rifie que chaque marque soit correctement d\u00e9pos\u00e9e aupr\u00e8s des services de l\u2019Institut National de la Propri\u00e9t\u00e9 Industrielle, ou tout autre office national \u00e9tranger comp\u00e9tent.<\/p>\n<p><strong>Droit d\u2019auteur, dessins ou mod\u00e8les, brevets<\/strong><\/p>\n<p>Chaque produit pr\u00e9sent\u00e9 et\/ou commercialis\u00e9 sur le Site a fait l\u2019objet d\u2019une protection par le droit d\u2019auteur. Ces produits ont \u00e9galement fait l\u2019objet d\u2019une protection par le droit des dessins ou mod\u00e8les, et par le droit des brevets le cas \u00e9ch\u00e9ant, aupr\u00e8s de l\u2019Institut National de la Propri\u00e9t\u00e9 Industrielle ou tout autre office national \u00e9tranger comp\u00e9tent.<\/p>\n<p><strong>Contrefa\u00e7on<\/strong><\/p>\n<p>Conform\u00e9ment aux articles L521-1, L615-1, L615-12 et L716-1 du Code de la propri\u00e9t\u00e9 intellectuelle, toute atteinte port\u00e9e aux droits de NORAIL, ou du GROUPE C.D.E BLANGIS, peut constituer une contrefa\u00e7on engageant la responsabilit\u00e9 civile ou p\u00e9nale de son auteur.<\/p>\n<p><strong>2- Liens hypertextes <\/strong><\/p>\n<p>Le Site peut contenir des liens hypertextes vers d\u2019autres sites pr\u00e9sents sur le r\u00e9seau Internet. Les liens vers ces autres ressources vous font quitter le Site. L\u2019Editeur d\u00e9cline toute responsabilit\u00e9 relative au contenu de ces sites tiers et ne saurait \u00eatre tenu responsable de l\u2019usage qui pourra en \u00eatre fait par les utilisateurs.<br \/>\nIl est possible de cr\u00e9er un lien vers la page de pr\u00e9sentation du Site sans autorisation expresse de l\u2019Editeur. Aucune autorisation ou demande d\u2019information pr\u00e9alable ne peut \u00eatre exig\u00e9e par l\u2019Editeur \u00e0 l\u2019\u00e9gard d\u2019un site tiers qui souhaite \u00e9tablir un lien vers le site de l\u2019Editeur.<br \/>\nIl convient toutefois d\u2019afficher ce site dans une nouvelle fen\u00eatre du navigateur.<br \/>\nCependant, l\u2019Editeur se r\u00e9serve le droit de demander la suppression d\u2019un lien qu\u2019il estime non conforme \u00e0 l\u2019objet du site ou si ledit lien proc\u00e8de d\u2019une d\u00e9marche d\u00e9lib\u00e9r\u00e9e et malicieuse, entreprise en toute connaissance de cause par l\u2019exploitant du site d\u2019origine.<br \/>\nEnfin, toute cr\u00e9ation d\u2019un lien hypertexte qualifi\u00e9 de \u00ab profond \u00bb ou le recours au \u00ab framing \u00bb ou au \u00ab inline linking \u00bb, entre autres, requiert l\u2019autorisation pr\u00e9alable expresse et \u00e9crite de l\u2019Editeur. <\/p>\n<p><strong>3- Responsabilit\u00e9 de l\u2019\u00e9diteur <\/strong><\/p>\n<p>Les informations et\/ou documents figurant sur ce Site sont susceptibles de contenir des inexactitudes techniques et des erreurs typographiques.<br \/>\nL\u2019Editeur se r\u00e9serve le droit de les corriger, d\u00e8s que ces erreurs sont port\u00e9es \u00e0 sa connaissance.<br \/>\nL\u2019Editeur ne pourra en aucun cas \u00eatre tenu responsable de tout dommage de quelque nature qu\u2019il soit r\u00e9sultant de l\u2019interpr\u00e9tation ou de l\u2019utilisation des informations et\/ou documents disponibles sur ce Site.<\/p>\n<p><strong>4- Donn\u00e9es personnelles <\/strong><\/p>\n<p>Lors de la visite par l\u2019Utilisateur, des donn\u00e9es nominatives collect\u00e9es peuvent faire l&#8217;objet d&#8217;un traitement informatique. Toutes les informations concernant les donn\u00e9es personnelles sont consultables sur la page \u00ab Donn\u00e9es personnelles \u00bb. <\/p>\n<p><strong>5- Acc\u00e8s au site <\/strong><\/p>\n<p>L\u2019Editeur s\u2019engage \u00e0 fournir les meilleurs efforts pour rendre et maintenir accessibles tous les services disponibles sur le site.<br \/>\nA cet \u00e9gard, l\u2019Editeur n\u2019est tenu qu\u2019\u00e0 une obligation de moyens \u00e0 l\u2019\u00e9gard de l\u2019Utilisateur. La responsabilit\u00e9 de NORAIL ne saurait en aucun cas \u00eatre recherch\u00e9e dans les cas suivants : <\/p>\n<p>&#8211;\tinterruptions momentan\u00e9es pour la mise \u00e0 jour de certains fichiers.<br \/>\n&#8211;\tdifficult\u00e9s de fonctionnement ou interruption momentan\u00e9e de ces services ind\u00e9pendamment de sa volont\u00e9, notamment en cas d&#8217;interruption des services d&#8217;\u00e9lectricit\u00e9 ou de t\u00e9l\u00e9communication.<br \/>\n&#8211;\tinterruptions momentan\u00e9es des services n\u00e9cessaires \u00e0 leurs \u00e9volutions ou maintenance.<br \/>\n&#8211;\td\u00e9faillance ou dysfonctionnements du r\u00e9seau Internet dans la transmission de messages ou documents.<\/p>\n<p><strong>6- Opposabilit\u00e9 <\/strong><\/p>\n<p>L\u2019Utilisateur accepte de plein droit et sans r\u00e9serve les pr\u00e9sentes CGU. En cas de non-acceptation des CGU stipul\u00e9es dans le pr\u00e9sent contrat, l&#8217;Utilisateur se doit de renoncer \u00e0 l&#8217;acc\u00e8s des services propos\u00e9s par le Site. <\/p>\n<p><strong>7- Nullit\u00e9 <\/strong><\/p>\n<p>Si une nullit\u00e9 partielle des pr\u00e9sentes CGU serait valid\u00e9e en application d\u2019une disposition l\u00e9gislative, d\u2019un r\u00e8glement, ou par toute autre d\u00e9cision ayant force de loi, les autres clauses garderont leur effet.<\/p>\n<p><strong>8- Modification des CGU et loi applicable<\/strong><\/p>\n<p>Les pr\u00e9sentes CGU ont \u00e9t\u00e9 mises en ligne le 14 Janvier 2019. Elles sont soumises au droit fran\u00e7ais.<br \/>\nL\u2019\u00e9diteur se r\u00e9serve le droit de les modifier \u00e0 tout moment et sans pr\u00e9avis.<\/p>\n<\/div>\n","protected":false},"excerpt":{"rendered":"<p>Conditions g\u00e9n\u00e9rales d\u2019utilisation : SITE www.norail.fr La soci\u00e9t\u00e9 NORAIL (ci-apr\u00e8s d\u00e9nomm\u00e9e \u00ab l\u2019Editeur \u00bb) \u00e9dite un site vitrine www.norail.fr (ci-apr\u00e8s d\u00e9nomm\u00e9 le \u00ab Site \u00bb). Les pr\u00e9sentes conditions g\u00e9n\u00e9rales d\u2019utilisation (ci-apr\u00e8s d\u00e9nomm\u00e9es \u00abCGU\u00bb), sont soumises au droit fran\u00e7ais et ont vocation \u00e0 r\u00e9gir l\u2019utilisation du Site. Les pr\u00e9sentes CGU ont pour but d\u2019\u00e9tablir les conditions &hellip;<\/p>\n","protected":false},"author":1,"featured_media":0,"parent":0,"menu_order":0,"comment_status":"closed","ping_status":"closed","template":"homepage.php","meta":{"footnotes":""},"class_list":["post-32","page","type-page","status-publish","hentry"],"yoast_head":"<!-- This site is optimized with the Yoast SEO plugin v27.1.1 - https:\/\/yoast.com\/product\/yoast-seo-wordpress\/ -->\n<title>Conditions g\u00e9n\u00e9rales d&#039;utilisation - Norail | Quincaillerie professionnelle<\/title>\n<meta name=\"robots\" content=\"index, follow, max-snippet:-1, max-image-preview:large, max-video-preview:-1\" \/>\n<link rel=\"canonical\" href=\"https:\/\/www.norail.fr\/atd\/conditions-generales-dutilisation\/\" \/>\n<meta property=\"og:locale\" content=\"fr_FR\" \/>\n<meta property=\"og:type\" content=\"article\" \/>\n<meta property=\"og:title\" content=\"Conditions g\u00e9n\u00e9rales d&#039;utilisation - Norail | Quincaillerie professionnelle\" \/>\n<meta property=\"og:description\" content=\"Conditions g\u00e9n\u00e9rales d\u2019utilisation : SITE www.norail.fr La soci\u00e9t\u00e9 NORAIL (ci-apr\u00e8s d\u00e9nomm\u00e9e \u00ab l\u2019Editeur \u00bb) \u00e9dite un site vitrine www.norail.fr (ci-apr\u00e8s d\u00e9nomm\u00e9 le \u00ab Site \u00bb). Les pr\u00e9sentes conditions g\u00e9n\u00e9rales d\u2019utilisation (ci-apr\u00e8s d\u00e9nomm\u00e9es \u00abCGU\u00bb), sont soumises au droit fran\u00e7ais et ont vocation \u00e0 r\u00e9gir l\u2019utilisation du Site. Les pr\u00e9sentes CGU ont pour but d\u2019\u00e9tablir les conditions &hellip;\" \/>\n<meta property=\"og:url\" content=\"https:\/\/www.norail.fr\/atd\/conditions-generales-dutilisation\/\" \/>\n<meta property=\"og:site_name\" content=\"Norail | Quincaillerie professionnelle\" \/>\n<meta property=\"article:modified_time\" content=\"2019-03-28T11:09:04+00:00\" \/>\n<meta name=\"twitter:card\" content=\"summary_large_image\" \/>\n<meta name=\"twitter:label1\" content=\"Dur\u00e9e de lecture estim\u00e9e\" \/>\n\t<meta name=\"twitter:data1\" content=\"5 minutes\" \/>\n<script type=\"application\/ld+json\" class=\"yoast-schema-graph\">{\"@context\":\"https:\/\/schema.org\",\"@graph\":[{\"@type\":\"WebPage\",\"@id\":\"https:\/\/www.norail.fr\/atd\/conditions-generales-dutilisation\/\",\"url\":\"https:\/\/www.norail.fr\/atd\/conditions-generales-dutilisation\/\",\"name\":\"Conditions g\u00e9n\u00e9rales d'utilisation - Norail | Quincaillerie professionnelle\",\"isPartOf\":{\"@id\":\"https:\/\/www.norail.fr\/atd\/#website\"},\"datePublished\":\"2016-08-25T06:40:36+00:00\",\"dateModified\":\"2019-03-28T11:09:04+00:00\",\"breadcrumb\":{\"@id\":\"https:\/\/www.norail.fr\/atd\/conditions-generales-dutilisation\/#breadcrumb\"},\"inLanguage\":\"fr-FR\",\"potentialAction\":[{\"@type\":\"ReadAction\",\"target\":[\"https:\/\/www.norail.fr\/atd\/conditions-generales-dutilisation\/\"]}]},{\"@type\":\"BreadcrumbList\",\"@id\":\"https:\/\/www.norail.fr\/atd\/conditions-generales-dutilisation\/#breadcrumb\",\"itemListElement\":[{\"@type\":\"ListItem\",\"position\":1,\"name\":\"Accueil\",\"item\":\"https:\/\/www.norail.fr\/atd\/\"},{\"@type\":\"ListItem\",\"position\":2,\"name\":\"Conditions g\u00e9n\u00e9rales d&#8217;utilisation\"}]},{\"@type\":\"WebSite\",\"@id\":\"https:\/\/www.norail.fr\/atd\/#website\",\"url\":\"https:\/\/www.norail.fr\/atd\/\",\"name\":\"Norail | Quincaillerie professionnelle\",\"description\":\"Au service des pros\",\"potentialAction\":[{\"@type\":\"SearchAction\",\"target\":{\"@type\":\"EntryPoint\",\"urlTemplate\":\"https:\/\/www.norail.fr\/atd\/?s={search_term_string}\"},\"query-input\":{\"@type\":\"PropertyValueSpecification\",\"valueRequired\":true,\"valueName\":\"search_term_string\"}}],\"inLanguage\":\"fr-FR\"}]}<\/script>\n<!-- \/ Yoast SEO plugin. -->","yoast_head_json":{"title":"Conditions g\u00e9n\u00e9rales d'utilisation - Norail | Quincaillerie professionnelle","robots":{"index":"index","follow":"follow","max-snippet":"max-snippet:-1","max-image-preview":"max-image-preview:large","max-video-preview":"max-video-preview:-1"},"canonical":"https:\/\/www.norail.fr\/atd\/conditions-generales-dutilisation\/","og_locale":"fr_FR","og_type":"article","og_title":"Conditions g\u00e9n\u00e9rales d'utilisation - Norail | Quincaillerie professionnelle","og_description":"Conditions g\u00e9n\u00e9rales d\u2019utilisation : SITE www.norail.fr La soci\u00e9t\u00e9 NORAIL (ci-apr\u00e8s d\u00e9nomm\u00e9e \u00ab l\u2019Editeur \u00bb) \u00e9dite un site vitrine www.norail.fr (ci-apr\u00e8s d\u00e9nomm\u00e9 le \u00ab Site \u00bb). Les pr\u00e9sentes conditions g\u00e9n\u00e9rales d\u2019utilisation (ci-apr\u00e8s d\u00e9nomm\u00e9es \u00abCGU\u00bb), sont soumises au droit fran\u00e7ais et ont vocation \u00e0 r\u00e9gir l\u2019utilisation du Site. Les pr\u00e9sentes CGU ont pour but d\u2019\u00e9tablir les conditions &hellip;","og_url":"https:\/\/www.norail.fr\/atd\/conditions-generales-dutilisation\/","og_site_name":"Norail | Quincaillerie professionnelle","article_modified_time":"2019-03-28T11:09:04+00:00","twitter_card":"summary_large_image","twitter_misc":{"Dur\u00e9e de lecture estim\u00e9e":"5 minutes"},"schema":{"@context":"https:\/\/schema.org","@graph":[{"@type":"WebPage","@id":"https:\/\/www.norail.fr\/atd\/conditions-generales-dutilisation\/","url":"https:\/\/www.norail.fr\/atd\/conditions-generales-dutilisation\/","name":"Conditions g\u00e9n\u00e9rales d'utilisation - Norail | Quincaillerie professionnelle","isPartOf":{"@id":"https:\/\/www.norail.fr\/atd\/#website"},"datePublished":"2016-08-25T06:40:36+00:00","dateModified":"2019-03-28T11:09:04+00:00","breadcrumb":{"@id":"https:\/\/www.norail.fr\/atd\/conditions-generales-dutilisation\/#breadcrumb"},"inLanguage":"fr-FR","potentialAction":[{"@type":"ReadAction","target":["https:\/\/www.norail.fr\/atd\/conditions-generales-dutilisation\/"]}]},{"@type":"BreadcrumbList","@id":"https:\/\/www.norail.fr\/atd\/conditions-generales-dutilisation\/#breadcrumb","itemListElement":[{"@type":"ListItem","position":1,"name":"Accueil","item":"https:\/\/www.norail.fr\/atd\/"},{"@type":"ListItem","position":2,"name":"Conditions g\u00e9n\u00e9rales d&#8217;utilisation"}]},{"@type":"WebSite","@id":"https:\/\/www.norail.fr\/atd\/#website","url":"https:\/\/www.norail.fr\/atd\/","name":"Norail | Quincaillerie professionnelle","description":"Au service des pros","potentialAction":[{"@type":"SearchAction","target":{"@type":"EntryPoint","urlTemplate":"https:\/\/www.norail.fr\/atd\/?s={search_term_string}"},"query-input":{"@type":"PropertyValueSpecification","valueRequired":true,"valueName":"search_term_string"}}],"inLanguage":"fr-FR"}]}},"_links":{"self":[{"href":"https:\/\/www.norail.fr\/atd\/wp-json\/wp\/v2\/pages\/32","targetHints":{"allow":["GET"]}}],"collection":[{"href":"https:\/\/www.norail.fr\/atd\/wp-json\/wp\/v2\/pages"}],"about":[{"href":"https:\/\/www.norail.fr\/atd\/wp-json\/wp\/v2\/types\/page"}],"author":[{"embeddable":true,"href":"https:\/\/www.norail.fr\/atd\/wp-json\/wp\/v2\/users\/1"}],"replies":[{"embeddable":true,"href":"https:\/\/www.norail.fr\/atd\/wp-json\/wp\/v2\/comments?post=32"}],"version-history":[{"count":7,"href":"https:\/\/www.norail.fr\/atd\/wp-json\/wp\/v2\/pages\/32\/revisions"}],"predecessor-version":[{"id":1309,"href":"https:\/\/www.norail.fr\/atd\/wp-json\/wp\/v2\/pages\/32\/revisions\/1309"}],"wp:attachment":[{"href":"https:\/\/www.norail.fr\/atd\/wp-json\/wp\/v2\/media?parent=32"}],"curies":[{"name":"wp","href":"https:\/\/api.w.org\/{rel}","templated":true}]}}