
{"id":6,"date":"2016-08-23T13:53:40","date_gmt":"2016-08-23T11:53:40","guid":{"rendered":"http:\/\/www.norail.fr\/otd_new\/?page_id=6"},"modified":"2026-03-12T10:19:16","modified_gmt":"2026-03-12T09:19:16","slug":"la-societe","status":"publish","type":"page","link":"https:\/\/www.norail.fr\/atd\/","title":{"rendered":"La soci\u00e9t\u00e9"},"content":{"rendered":"<div id=\"aq-template-wrapper-18\" class=\"aq-template-wrapper aq_row\"><div id=\"aq-block-18-1\" class=\"aq-block aq-block-aq_flexslider_block aq_span12 aq-first clearfix\">\r\n\t\t\t\r\r\n\t\t\r\n        \r\r\n        <\/div><\/div><\/div>\r\n        \r\r\n        <div class=\"mainflex flexslider loading  no_margin \">\r\r\n            \r\r\n        <div class=\"loading-inn\"><i class=\"fa fa-cog fa-spin\"><\/i><\/div>\r\r\n                \r\r\n        <ul class=\"slides\" >\r\r\n        \r\r\n            \r\r\n            \r\r\n            \r\r\n\t\t\t\r\n                    \r\r\n            <li>\r\r\n                    \r\r\n                    \r\n                        \r\r\n                             <a href=\"\" title=\"NORAIL x SCELL-IT : LA FIXATION DEVIENT PLUS FORTE\" >\r\r\n                             \r\r\n                                <img loading=\"lazy\" decoding=\"async\" width=\"1600\" height=\"570\" src=\"https:\/\/www.norail.fr\/atd\/wp-content\/uploads\/2025\/07\/Banniere-Site-Norail-1600x570.jpg\" class=\"tranz wp-post-image\" alt=\"\" srcset=\"https:\/\/www.norail.fr\/atd\/wp-content\/uploads\/2025\/07\/Banniere-Site-Norail-1600x570.jpg 1600w, https:\/\/www.norail.fr\/atd\/wp-content\/uploads\/2025\/07\/Banniere-Site-Norail-300x106.jpg 300w\" sizes=\"auto, (max-width: 1600px) 100vw, 1600px\" \/>\r\n                                \r\r\n                             <\/a>\r\r\n                        \r\r\n                    \r\n                \r\r\n                        <div class=\"flexinside tranz\" style=\"color:#fff;\">\r\r\n                        \r\r\n                            <h1><a style=\"color:#fff;\" href=\"\" title=\"NORAIL x SCELL-IT : LA FIXATION DEVIENT PLUS FORTE\" >NORAIL x SCELL-IT : LA FIXATION DEVIENT PLUS FORTE<\/a><\/h1>\r\r\n                            \r\r\n                            <div class=\"flexinside-inn\">\r\r\n                                \r\r\n                            \t<p>Norail, Starblock et Scell-it conjuguent leurs expertises pour vous proposer des solutions de fixation toujours plus performantes.<\/p>\n<a href=\"https:\/\/www.norail.fr\/atd\/2025\/07\/18\/scell-it-norail-une-nouvelle-etape-pour-mieux-vous-servir\/\" class=\"su-button su-button-style-flat\" style=\"color:#000000;background-color:#fed219;border-color:#cca814;border-radius:5px\" target=\"_blank\" rel=\"noopener noreferrer\"><span style=\"color:#000000;padding:6px 16px;font-size:13px;line-height:20px;border-color:#ffe05e;border-radius:5px;text-shadow:0px 0px 0px #ffffff\"><i class=\"sui sui-search-plus\" style=\"font-size:13px;color:#000000\"><\/i>  <strong><u>D\u00c9COUVRIR L\u2019ALLIANCE <\/u><\/strong><\/span><\/a>\n\r\n                            \r\r\n                            <\/div>\r\r\n                        \r\r\n                        <\/div>\r\r\n                        \r\r\n\t\t\t<\/li>\r\r\n            \r\r\n\t\t\t\r\n                    \r\r\n            <li>\r\r\n                    \r\r\n                    \r\n                        \r\r\n                             <a href=\"\" title=\"Catalogue G\u00e9n\u00e9ral Norail\" >\r\r\n                             \r\r\n                                <img loading=\"lazy\" decoding=\"async\" width=\"1600\" height=\"570\" src=\"https:\/\/www.norail.fr\/atd\/wp-content\/uploads\/2021\/07\/banniere_norail_CATALOGUE_GEN-1-1600x570.jpg\" class=\"tranz wp-post-image\" alt=\"\" srcset=\"https:\/\/www.norail.fr\/atd\/wp-content\/uploads\/2021\/07\/banniere_norail_CATALOGUE_GEN-1-1600x570.jpg 1600w, https:\/\/www.norail.fr\/atd\/wp-content\/uploads\/2021\/07\/banniere_norail_CATALOGUE_GEN-1-300x106.jpg 300w\" sizes=\"auto, (max-width: 1600px) 100vw, 1600px\" \/>\r\n                                \r\r\n                             <\/a>\r\r\n                        \r\r\n                    \r\n                \r\r\n                        <div class=\"flexinside tranz\" style=\"color:#fff;\">\r\r\n                        \r\r\n                            <h1><a style=\"color:#fff;\" href=\"\" title=\"Catalogue G\u00e9n\u00e9ral Norail\" >Catalogue G\u00e9n\u00e9ral Norail<\/a><\/h1>\r\r\n                            \r\r\n                            <div class=\"flexinside-inn\">\r\r\n                                \r\r\n                            \t<p><span style=\"font-size: large;\">Avec pr\u00e8s de 13 000 r\u00e9f\u00e9rences r\u00e9parties dans 10 familles de produits, le catalogue g\u00e9n\u00e9ral Norail dispose de milliers d&#8217;articles pour visser, fixer, accrocher, coulisser, rouler, suspendre, attacher&#8230;<\/span><\/p>\n<p style=\"text-align: right; margin-top: 30px;\"><a href=\"https:\/\/fr.calameo.com\/read\/0056648495f0eb7db18dd\" class=\"su-button su-button-style-flat\" style=\"color:#000000;background-color:#fed219;border-color:#cca814;border-radius:5px\" target=\"_blank\" rel=\"noopener noreferrer\"><span style=\"color:#000000;padding:6px 16px;font-size:13px;line-height:20px;border-color:#ffe05e;border-radius:5px;text-shadow:0px 0px 0px #ffffff\"><i class=\"sui sui-search-plus\" style=\"font-size:13px;color:#000000\"><\/i> Consultez le catalogue g\u00e9n\u00e9ral<\/span><\/a>\n\r\n                            \r\r\n                            <\/div>\r\r\n                        \r\r\n                        <\/div>\r\r\n                        \r\r\n\t\t\t<\/li>\r\r\n            \r\r\n\t\t\t\r\n                    \r\r\n            <li>\r\r\n                    \r\r\n                    \r\n                        \r\r\n                             <a href=\"https:\/\/www.calameo.com\/read\/00566484983e334f38a41\" title=\"Catalogue Terrasse Starblock\u00ae\" >\r\r\n                             \r\r\n                                <img loading=\"lazy\" decoding=\"async\" width=\"1600\" height=\"570\" src=\"https:\/\/www.norail.fr\/atd\/wp-content\/uploads\/2019\/03\/slider-brochure-terrasse.jpg\" class=\"tranz wp-post-image\" alt=\"\" srcset=\"https:\/\/www.norail.fr\/atd\/wp-content\/uploads\/2019\/03\/slider-brochure-terrasse.jpg 1600w, https:\/\/www.norail.fr\/atd\/wp-content\/uploads\/2019\/03\/slider-brochure-terrasse-300x107.jpg 300w, https:\/\/www.norail.fr\/atd\/wp-content\/uploads\/2019\/03\/slider-brochure-terrasse-768x274.jpg 768w, https:\/\/www.norail.fr\/atd\/wp-content\/uploads\/2019\/03\/slider-brochure-terrasse-1024x365.jpg 1024w\" sizes=\"auto, (max-width: 1600px) 100vw, 1600px\" \/>\r\n                                \r\r\n                             <\/a>\r\r\n                        \r\r\n                    \r\n                \r\r\n                        <div class=\"flexinside tranz\" style=\"color:#fff;\">\r\r\n                        \r\r\n                            <h1><a style=\"color:#fff;\" href=\"https:\/\/www.calameo.com\/read\/00566484983e334f38a41\" title=\"Catalogue Terrasse Starblock\u00ae\" >Catalogue Terrasse Starblock\u00ae<\/a><\/h1>\r\r\n                            \r\r\n                            <div class=\"flexinside-inn\">\r\r\n                                \r\r\n                            \t<p><span style=\"text-align: left; font-size: large;\">24 pages pour d\u00e9couvrir toute la gamme terrasse Starblock\u00ae<br \/>\n<\/span><\/p>\n<p style=\"text-align: right; margin-top: 30px;\"><a href=\"https:\/\/www.calameo.com\/read\/00566484983e334f38a41\" class=\"su-button su-button-style-flat\" style=\"color:#000000;background-color:#fed219;border-color:#cca814;border-radius:5px\" target=\"_blank\" rel=\"noopener noreferrer\"><span style=\"color:#000000;padding:6px 16px;font-size:13px;line-height:20px;border-color:#ffe05e;border-radius:5px;text-shadow:0px 0px 0px #ffffff\"><i class=\"sui sui-search-plus\" style=\"font-size:13px;color:#000000\"><\/i> Feuilletez le catalogue<\/span><\/a>\n\r\n                            \r\r\n                            <\/div>\r\r\n                        \r\r\n                        <\/div>\r\r\n                        \r\r\n\t\t\t<\/li>\r\r\n            \r\r\n\t\t\t\r\n            \r\r\n\t\t \r\r\n\r\r\n        <\/ul>\r\r\n        <\/div>\r\r\n        <div class=\"clearfix\"><\/div>\r\r\n\r\r\n\r\r\n        <div class=\"container_alt builder woocommerce\"><div><div>\r\n        \r\r\n        \r\r\n        <\/div><div id=\"aq-block-18-2\" class=\"aq-block aq-block-aq_text_block aq_span12 aq-first clearfix\">\r\n        <div class=\"widgetwrap widgetwrap-alt text-boxed\">\r\r\n        \r\r\n        <div class=\"block_bg\"  style=\"background-color:#fff;\"><\/div>\r\r\n        \r\r\n        <div class=\"container builder woocommerce\"  style=\"padding:0px 0;\">\r\r\n        \r\r\n\t\t\t\r\n            <h2 class=\"block\"  style=\"color:#333;\">\r\r\n                \r\r\n                <span class=\"maintitle\">UNE TRIPLE EXPERTISE POUR UN SERVICE GARANTI<\/span>\r\r\n                \r\r\n                \r\n                    <span class=\"subtitle\" style=\"color:#333;\">Norail con\u00e7oit, conditionne et distribue une large gamme de quincaillerie aupr\u00e8s des n\u00e9goces mat\u00e9riaux, quincaillers et des libres services agricoles.<\/span>\r\r\n                \r\n                    \r\r\n            <\/h2>\r\r\n            \r\n                   \r\r\n            \r\n            \r\r\n      \t<\/div>      \r\r\n\r\r\n      <\/div>\r\r\n      <\/div><div id=\"aq-block-18-3\" class=\"aq-block aq-block-aq_2_3_column_block aq_span8 aq-first clearfix\"><div id=\"aq-block-18-4\" class=\"aq-block aq-block-aq_ads_block aq_span12 aq-first clearfix\">\r\n\t\t\r\r\n\t\t\t\r\n            \r\r\n\t\t\t\r\n            \r\r\n                <a class=\"item\" href=\"http:\/\/norail.fr\/atd\/produits\/\">\r\r\n                \r\r\n                        <img decoding=\"async\" class=\"grayscale grayscale-fade\" src=\"http:\/\/norail.fr\/atd\/wp-content\/uploads\/2016\/09\/produits-norail.png\" alt=\"Visit Sponsor\" \/>\r\r\n                \r\r\n                <\/a>\r\r\n                        \r\r\n\t\t\t<\/div><\/div><div id=\"aq-block-18-5\" class=\"aq-block aq-block-aq_3_column_block aq_span4  clearfix\"><div id=\"aq-block-18-6\" class=\"aq-block aq-block-aq_text_block aq_span12 aq-first clearfix\">\r\n        <div class=\"widgetwrap widgetwrap-alt text-boxed\">\r\r\n        \r\r\n        <div class=\"block_bg\"  style=\"background-color:#fff;\"><\/div>\r\r\n        \r\r\n        <div class=\"container builder woocommerce\"  style=\"padding:0px 0;\">\r\r\n        \r\r\n\t\t\t\r\n            <h2 class=\"block\"  style=\"color:#333;\">\r\r\n                \r\r\n                <span class=\"maintitle\">Produits<\/span>\r\r\n                \r\r\n                \r\n                    <span class=\"subtitle\" style=\"color:#333;\">Un r\u00e9f\u00e9rencement large en quincaillerie<\/span>\r\r\n                \r\n                    \r\r\n            <\/h2>\r\r\n            \r\n                   \r\r\n            <p class=\"justify\">Norail propose pr\u00e8s de 13 000 r\u00e9f\u00e9rences r\u00e9parties dans 9 familles : Visserie \u2013 Boulonnerie \u2013 Clouterie & Pitonnerie \u2013 Inox \u2013 Fixation \u2013 Quincaillerie du b\u00e2timent et d\u2019ameublement \u2013 Cordes & Cha\u00eenes \u2013 Roues & Roulettes.\nUn r\u00e9f\u00e9rencement complet et adaptable selon les sp\u00e9cificit\u00e9s de votre point de vente.<br\/><b><a href=\"http:\/\/norail.fr\/atd\/produits\/\">D\u00e9couvrir les produits Norail<\/a><\/b><p>\r\n            \r\r\n      \t<\/div>      \r\r\n\r\r\n      <\/div>\r\r\n      <\/div><\/div><div id=\"aq-block-18-7\" class=\"aq-block aq-block-aq_clear_block aq_span12 aq-first clearfix\"><div class=\"aq-block-clear aq-block-hr-single\" style=\"height:px;\"><\/div><\/div><div id=\"aq-block-18-8\" class=\"aq-block aq-block-aq_3_column_block aq_span4 aq-first clearfix\"><div id=\"aq-block-18-9\" class=\"aq-block aq-block-aq_text_block aq_span12 aq-first clearfix\">\r\n        <div class=\"widgetwrap widgetwrap-alt text-boxed\">\r\r\n        \r\r\n        <div class=\"block_bg\"  style=\"background-color:#fff;\"><\/div>\r\r\n        \r\r\n        <div class=\"container builder woocommerce\"  style=\"padding:0px 0;\">\r\r\n        \r\r\n\t\t\t\r\n            <h2 class=\"block\"  style=\"color:#333;\">\r\r\n                \r\r\n                <span class=\"maintitle\">Conditionnement<\/span>\r\r\n                \r\r\n                \r\n                    <span class=\"subtitle\" style=\"color:#333;\">Une r\u00e9ponse r\u00e9active et personnalis\u00e9e<\/span>\r\r\n                \r\n                    \r\r\n            <\/h2>\r\r\n            \r\n                   \r\r\n            <p class=\"justify\">Vrac, sachet, bo\u00eete carton, blister, barquette, seau, ... \n<br\/> 4 cha\u00eenes de conditionnement, 1 studio de cr\u00e9ation multim\u00e9dia et 1 imprimerie num\u00e9rique quadri haute technologie permettent une personnalisation des conditionnements.<\/p>\n\r\n            \r\r\n      \t<\/div>      \r\r\n\r\r\n      <\/div>\r\r\n      <\/div><\/div><div id=\"aq-block-18-10\" class=\"aq-block aq-block-aq_2_3_column_block aq_span8  clearfix\"><div id=\"aq-block-18-11\" class=\"aq-block aq-block-aq_ads_block aq_span12 aq-first clearfix\">\r\n\t\t\r\r\n\t\t\t\r\n            \r\r\n\t\t\t\r\n            \r\r\n                <a class=\"item\" href=\"http:\/\/norail.fr\/atd\/packaging\/\">\r\r\n                \r\r\n                        <img decoding=\"async\" class=\"grayscale grayscale-fade\" src=\"http:\/\/norail.fr\/atd\/wp-content\/uploads\/2016\/08\/conditionnement-norail.jpg\" alt=\"Visit Sponsor\" \/>\r\r\n                \r\r\n                <\/a>\r\r\n                        \r\r\n\t\t\t<\/div><\/div><div id=\"aq-block-18-12\" class=\"aq-block aq-block-aq_clear_block aq_span12 aq-first clearfix\"><div class=\"aq-block-clear aq-block-hr-single\" style=\"height:px;\"><\/div><\/div><div id=\"aq-block-18-13\" class=\"aq-block aq-block-aq_2_3_column_block aq_span8 aq-first clearfix\"><div id=\"aq-block-18-14\" class=\"aq-block aq-block-aq_ads_block aq_span12 aq-first clearfix\">\r\n\t\t\r\r\n\t\t\t\r\n            \r\r\n\t\t\t\r\n            \r\r\n                <a class=\"item\" href=\"\">\r\r\n                \r\r\n                        <img decoding=\"async\" class=\"grayscale grayscale-fade\" src=\"http:\/\/norail.fr\/atd\/wp-content\/uploads\/2016\/08\/stock-logistique-norail.jpg\" alt=\"Visit Sponsor\" \/>\r\r\n                \r\r\n                <\/a>\r\r\n                        \r\r\n\t\t\t<\/div><\/div><div id=\"aq-block-18-15\" class=\"aq-block aq-block-aq_3_column_block aq_span4  clearfix\"><div id=\"aq-block-18-16\" class=\"aq-block aq-block-aq_text_block aq_span12 aq-first clearfix\">\r\n        <div class=\"widgetwrap widgetwrap-alt text-boxed\">\r\r\n        \r\r\n        <div class=\"block_bg\"  style=\"background-color:#fff;\"><\/div>\r\r\n        \r\r\n        <div class=\"container builder woocommerce\"  style=\"padding:0px 0;\">\r\r\n        \r\r\n\t\t\t\r\n            <h2 class=\"block\"  style=\"color:#333;\">\r\r\n                \r\r\n                <span class=\"maintitle\">Stock &amp; Logistique<\/span>\r\r\n                \r\r\n                \r\n                    <span class=\"subtitle\" style=\"color:#333;\">Disponibilit\u00e9 imm\u00e9diate, livraison en magasin ou sur plate-forme<\/span>\r\r\n                \r\n                    \r\r\n            <\/h2>\r\r\n            \r\n                   \r\r\n            <p class=\"justify\">Une logistique \u00e9prouv\u00e9e garantit \u00e0 nos clients une qualit\u00e9 constante de service.\nTout pour livrer d\u00e8s r\u00e9ception de commande !<\/p>\n\r\n            \r\r\n      \t<\/div>      \r\r\n\r\r\n      <\/div>\r\r\n      <\/div><\/div><div id=\"aq-block-18-17\" class=\"aq-block aq-block-aq_text_block_full aq_span12 aq-first clearfix\">\r\n        \r\r\n        <\/div><\/div><\/div>\r\r\n        \r\r\n        <div class=\"widgetwrap widgetwrap-alt text-full\"   style=\"padding:100px 0;color:#ffffff !important;background-color:#fff;background-image:url(http:\/\/norail.fr\/atd\/wp-content\/uploads\/2016\/08\/machine_3.jpg) !important;\">\r\r\n        \r\r\n        \r\r\n\t\t\t\r\n            <h2 class=\"block\"  style=\"color:#ffffff;\">\r\r\n                \r\r\n                <span class=\"maintitle\">UN PROCESS MAITRIS\u00c9 ET UNE EXP\u00c9RIENCE AV\u00c9R\u00c9E<\/span>\r\r\n                \r\r\n                \r\n                    <span class=\"subtitle\" style=\"color:#ffffff;\">En plus d\u2019une offre standard en lien avec les attentes du march\u00e9, Norail r\u00e9pond \u00e0 des besoins plus sp\u00e9cifiques en apportant des solutions sur mesure tant au niveau du produit, de son conditionnement que du merchandising.<\/span>\r\r\n                \r\n                    \r\r\n            <\/h2>\r\r\n            \r\n                   \r\r\n            \r\n\r\r\n        \r\r\n        <\/div>\r\r\n        \r\r\n        <div class=\"container_alt builder woocommerce\"><div><div>\r\r\n        \r\r\n        <\/div><div id=\"aq-block-18-18\" class=\"aq-block aq-block-aq_clear_block aq_span12 aq-first clearfix\"><div class=\"aq-block-clear aq-block-hr-single\" style=\"height:px;\"><\/div><\/div><div id=\"aq-block-18-19\" class=\"aq-block aq-block-aq_3_column_block aq_span4 aq-first clearfix\"><div id=\"aq-block-18-20\" class=\"aq-block aq-block-aq_text_block aq_span12 aq-first clearfix\">\r\n        <div class=\"widgetwrap widgetwrap-alt text-boxed\">\r\r\n        \r\r\n        <div class=\"block_bg\"  style=\"background-color:#fff;\"><\/div>\r\r\n        \r\r\n        <div class=\"container builder woocommerce\"  style=\"padding:0px 0;\">\r\r\n        \r\r\n\t\t\t\r\n            <h2 class=\"block\"  style=\"color:#333;\">\r\r\n                \r\r\n                <span class=\"maintitle\">LA SOCI\u00c9T\u00c9 NORAIL<\/span>\r\r\n                \r\r\n                \r\n                    <span class=\"subtitle\" style=\"color:#333;\">Une soci\u00e9t\u00e9 familiale fran\u00e7aise<\/span>\r\r\n                \r\n                    \r\r\n            <\/h2>\r\r\n            \r\n                   \r\r\n            <p class=\"justify\">L\u2019esprit volontaire qui soutient et anime le d\u00e9veloppement des activit\u00e9s depuis la\ncr\u00e9ation de Norail, a permis \u00e0 la soci\u00e9t\u00e9 de consolider ses positions sur le march\u00e9 du n\u00e9goce mat\u00e9riaux et du Libre Service Agricole.\nSitu\u00e9 au Cateau - Cambr\u00e9sis, le site de Norail s'appuie sur l\u2019histoire et les valeurs du Nord de la France. <\/p>\r\n            \r\r\n      \t<\/div>      \r\r\n\r\r\n      <\/div>\r\r\n      <\/div><\/div><div id=\"aq-block-18-21\" class=\"aq-block aq-block-aq_2_3_column_block aq_span8  clearfix\"><div id=\"aq-block-18-22\" class=\"aq-block aq-block-aq_ads_block aq_span12 aq-first clearfix\">\r\n\t\t\r\r\n\t\t\t\r\n            \r\r\n\t\t\t\r\n            \r\r\n                <a class=\"item\" href=\"\">\r\r\n                \r\r\n                        <img decoding=\"async\" class=\"grayscale grayscale-fade\" src=\"http:\/\/norail.fr\/atd\/wp-content\/uploads\/2016\/08\/chiffres.jpg\" alt=\"Visit Sponsor\" \/>\r\r\n                \r\r\n                <\/a>\r\r\n                        \r\r\n\t\t\t<\/div><\/div><div id=\"aq-block-18-23\" class=\"aq-block aq-block-aq_ads_block aq_span12 aq-first clearfix\">\r\n\t\t\r\r\n\t\t\t\r\n            \r\r\n\t\t\t\r\n            \r\r\n                <a class=\"item\" href=\"\">\r\r\n                \r\r\n                        <img decoding=\"async\" class=\"grayscale grayscale-fade\" src=\"http:\/\/www.norail.fr\/atd\/wp-content\/uploads\/2025\/04\/BandeauNorailScellit.jpg\" alt=\"Visit Sponsor\" \/>\r\r\n                \r\r\n                <\/a>\r\r\n                        \r\r\n\t\t\t<\/div><\/div>\n","protected":false},"excerpt":{"rendered":"","protected":false},"author":1,"featured_media":0,"parent":0,"menu_order":0,"comment_status":"closed","ping_status":"closed","template":"homepage.php","meta":{"footnotes":""},"class_list":["post-6","page","type-page","status-publish","hentry"],"yoast_head":"<!-- This site is optimized with the Yoast SEO plugin v27.1.1 - https:\/\/yoast.com\/product\/yoast-seo-wordpress\/ -->\n<title>NORAIL \u2013 Visserie Boulonnerie Quincaillerie pour les PROS<\/title>\n<meta name=\"description\" content=\"La soci\u00e9t\u00e9 NORAIL est distributeur de visserie, boulonnerie, clouterie, fixation, quincaillerie du b\u00e2timent &amp; d\u2019ameublement, corde &amp; cha\u00eene, roue &amp; roulette\" \/>\n<meta name=\"robots\" content=\"index, follow, max-snippet:-1, max-image-preview:large, max-video-preview:-1\" \/>\n<link rel=\"canonical\" href=\"https:\/\/www.norail.fr\/atd\/\" \/>\n<meta property=\"og:locale\" content=\"fr_FR\" \/>\n<meta property=\"og:type\" content=\"article\" \/>\n<meta property=\"og:title\" content=\"NORAIL \u2013 Visserie Boulonnerie Quincaillerie pour les PROS\" \/>\n<meta property=\"og:description\" content=\"La soci\u00e9t\u00e9 NORAIL est distributeur de visserie, boulonnerie, clouterie, fixation, quincaillerie du b\u00e2timent &amp; d\u2019ameublement, corde &amp; cha\u00eene, roue &amp; roulette\" \/>\n<meta property=\"og:url\" content=\"https:\/\/www.norail.fr\/atd\/\" \/>\n<meta property=\"og:site_name\" content=\"Norail | Quincaillerie professionnelle\" \/>\n<meta property=\"article:modified_time\" content=\"2026-03-12T09:19:16+00:00\" \/>\n<meta name=\"twitter:card\" content=\"summary_large_image\" \/>\n<script type=\"application\/ld+json\" class=\"yoast-schema-graph\">{\"@context\":\"https:\/\/schema.org\",\"@graph\":[{\"@type\":\"WebPage\",\"@id\":\"https:\/\/www.norail.fr\/atd\/\",\"url\":\"https:\/\/www.norail.fr\/atd\/\",\"name\":\"NORAIL \u2013 Visserie Boulonnerie Quincaillerie pour les PROS\",\"isPartOf\":{\"@id\":\"https:\/\/www.norail.fr\/atd\/#website\"},\"datePublished\":\"2016-08-23T11:53:40+00:00\",\"dateModified\":\"2026-03-12T09:19:16+00:00\",\"description\":\"La soci\u00e9t\u00e9 NORAIL est distributeur de visserie, boulonnerie, clouterie, fixation, quincaillerie du b\u00e2timent & d\u2019ameublement, corde & cha\u00eene, roue & roulette\",\"breadcrumb\":{\"@id\":\"https:\/\/www.norail.fr\/atd\/#breadcrumb\"},\"inLanguage\":\"fr-FR\",\"potentialAction\":[{\"@type\":\"ReadAction\",\"target\":[\"https:\/\/www.norail.fr\/atd\/\"]}]},{\"@type\":\"BreadcrumbList\",\"@id\":\"https:\/\/www.norail.fr\/atd\/#breadcrumb\",\"itemListElement\":[{\"@type\":\"ListItem\",\"position\":1,\"name\":\"Accueil\",\"item\":\"https:\/\/www.norail.fr\/atd\/\"},{\"@type\":\"ListItem\",\"position\":2,\"name\":\"La soci\u00e9t\u00e9\"}]},{\"@type\":\"WebSite\",\"@id\":\"https:\/\/www.norail.fr\/atd\/#website\",\"url\":\"https:\/\/www.norail.fr\/atd\/\",\"name\":\"Norail | Quincaillerie professionnelle\",\"description\":\"Au service des pros\",\"potentialAction\":[{\"@type\":\"SearchAction\",\"target\":{\"@type\":\"EntryPoint\",\"urlTemplate\":\"https:\/\/www.norail.fr\/atd\/?s={search_term_string}\"},\"query-input\":{\"@type\":\"PropertyValueSpecification\",\"valueRequired\":true,\"valueName\":\"search_term_string\"}}],\"inLanguage\":\"fr-FR\"}]}<\/script>\n<!-- \/ Yoast SEO plugin. -->","yoast_head_json":{"title":"NORAIL \u2013 Visserie Boulonnerie Quincaillerie pour les PROS","description":"La soci\u00e9t\u00e9 NORAIL est distributeur de visserie, boulonnerie, clouterie, fixation, quincaillerie du b\u00e2timent & d\u2019ameublement, corde & cha\u00eene, roue & roulette","robots":{"index":"index","follow":"follow","max-snippet":"max-snippet:-1","max-image-preview":"max-image-preview:large","max-video-preview":"max-video-preview:-1"},"canonical":"https:\/\/www.norail.fr\/atd\/","og_locale":"fr_FR","og_type":"article","og_title":"NORAIL \u2013 Visserie Boulonnerie Quincaillerie pour les PROS","og_description":"La soci\u00e9t\u00e9 NORAIL est distributeur de visserie, boulonnerie, clouterie, fixation, quincaillerie du b\u00e2timent & d\u2019ameublement, corde & cha\u00eene, roue & roulette","og_url":"https:\/\/www.norail.fr\/atd\/","og_site_name":"Norail | Quincaillerie professionnelle","article_modified_time":"2026-03-12T09:19:16+00:00","twitter_card":"summary_large_image","schema":{"@context":"https:\/\/schema.org","@graph":[{"@type":"WebPage","@id":"https:\/\/www.norail.fr\/atd\/","url":"https:\/\/www.norail.fr\/atd\/","name":"NORAIL \u2013 Visserie Boulonnerie Quincaillerie pour les PROS","isPartOf":{"@id":"https:\/\/www.norail.fr\/atd\/#website"},"datePublished":"2016-08-23T11:53:40+00:00","dateModified":"2026-03-12T09:19:16+00:00","description":"La soci\u00e9t\u00e9 NORAIL est distributeur de visserie, boulonnerie, clouterie, fixation, quincaillerie du b\u00e2timent & d\u2019ameublement, corde & cha\u00eene, roue & roulette","breadcrumb":{"@id":"https:\/\/www.norail.fr\/atd\/#breadcrumb"},"inLanguage":"fr-FR","potentialAction":[{"@type":"ReadAction","target":["https:\/\/www.norail.fr\/atd\/"]}]},{"@type":"BreadcrumbList","@id":"https:\/\/www.norail.fr\/atd\/#breadcrumb","itemListElement":[{"@type":"ListItem","position":1,"name":"Accueil","item":"https:\/\/www.norail.fr\/atd\/"},{"@type":"ListItem","position":2,"name":"La soci\u00e9t\u00e9"}]},{"@type":"WebSite","@id":"https:\/\/www.norail.fr\/atd\/#website","url":"https:\/\/www.norail.fr\/atd\/","name":"Norail | Quincaillerie professionnelle","description":"Au service des pros","potentialAction":[{"@type":"SearchAction","target":{"@type":"EntryPoint","urlTemplate":"https:\/\/www.norail.fr\/atd\/?s={search_term_string}"},"query-input":{"@type":"PropertyValueSpecification","valueRequired":true,"valueName":"search_term_string"}}],"inLanguage":"fr-FR"}]}},"_links":{"self":[{"href":"https:\/\/www.norail.fr\/atd\/wp-json\/wp\/v2\/pages\/6","targetHints":{"allow":["GET"]}}],"collection":[{"href":"https:\/\/www.norail.fr\/atd\/wp-json\/wp\/v2\/pages"}],"about":[{"href":"https:\/\/www.norail.fr\/atd\/wp-json\/wp\/v2\/types\/page"}],"author":[{"embeddable":true,"href":"https:\/\/www.norail.fr\/atd\/wp-json\/wp\/v2\/users\/1"}],"replies":[{"embeddable":true,"href":"https:\/\/www.norail.fr\/atd\/wp-json\/wp\/v2\/comments?post=6"}],"version-history":[{"count":4,"href":"https:\/\/www.norail.fr\/atd\/wp-json\/wp\/v2\/pages\/6\/revisions"}],"predecessor-version":[{"id":10602,"href":"https:\/\/www.norail.fr\/atd\/wp-json\/wp\/v2\/pages\/6\/revisions\/10602"}],"wp:attachment":[{"href":"https:\/\/www.norail.fr\/atd\/wp-json\/wp\/v2\/media?parent=6"}],"curies":[{"name":"wp","href":"https:\/\/api.w.org\/{rel}","templated":true}]}}