
{"id":76,"date":"2016-08-30T09:58:20","date_gmt":"2016-08-30T07:58:20","guid":{"rendered":"http:\/\/www.norail.fr\/otd_new\/?page_id=76"},"modified":"2026-03-12T10:21:09","modified_gmt":"2026-03-12T09:21:09","slug":"concept-point-de-vente","status":"publish","type":"page","link":"https:\/\/www.norail.fr\/atd\/concept-point-de-vente\/","title":{"rendered":"Concept point de vente"},"content":{"rendered":"<div id=\"aq-template-wrapper-157\" class=\"aq-template-wrapper aq_row\"><div id=\"aq-block-157-1\" class=\"aq-block aq-block-aq_clear_block aq_span12 aq-first clearfix\"><div class=\"aq-block-clear aq-block-hr-single\" style=\"height:px;\"><\/div><\/div><div id=\"aq-block-157-2\" class=\"aq-block aq-block-aq_ads_block aq_span12 aq-first clearfix\">\r\n\t\t\r\r\n\t\t\t\r\n            \r\r\n\t\t\t\r\n                    \r\r\n           \t\t<div class=\"body3 bgfix\"><div style=\"margin-left:20px; margin-right:20px;\"><h1>Nos concepts pour les points de vente<\/h1>\n<h3>Chaque concept est \u00e9tudi\u00e9 afin d'optimiser la visibilit\u00e9 des produits en fonction du lieu de vente avec un balisage dynamique du lin\u00e9aire et des informations techniques d'aide aux choix avec un habillage de frontons de couleurs, bandeaux d\u2019aide \u00e0 la vente et \u00e9tiquettes personnalis\u00e9es au produit.\n<\/h3><\/div><\/div>\r\r\n\t\t\r\r\n\t\t \t<\/div><div id=\"aq-block-157-3\" class=\"aq-block aq-block-aq_2_3_column_block aq_span8 aq-first clearfix\"><div id=\"aq-block-157-4\" class=\"aq-block aq-block-aq_text_block aq_span12 aq-first clearfix\">\r\n        <div class=\"widgetwrap widgetwrap-alt text-boxed\">\r\r\n        \r\r\n        <div class=\"block_bg\"  style=\"background-color:#fff;\"><\/div>\r\r\n        \r\r\n        <div class=\"container builder woocommerce\"  style=\"padding:0px 0;\">\r\r\n        \r\r\n\t\t\t\r\n            <h2 class=\"block\"  style=\"color:#333;\">\r\r\n                \r\r\n                <span class=\"maintitle\">Clouterie<\/span>\r\r\n                \r\r\n                \r\n                    \r\r\n            <\/h2>\r\r\n            \r\n                   \r\r\n            Vous souhaitez des informations sur une implantation en magasin de la gamme Clouterie Pitonnerie ? <br\/>\nContactez-nous pour une demande de devis.<br\/><br\/><a href=\"http:\/\/norail.fr\/atd\/contactez-nous\/\" class=\"su-button su-button-style-flat demandedevisclouterie\" style=\"color:#FFFFFF;background-color:#e94835;border-color:#bb3a2b;border-radius:5px\" target=\"_blank\" rel=\"noopener noreferrer\"><span style=\"color:#FFFFFF;padding:6px 16px;font-size:13px;line-height:20px;border-color:#f07f72;border-radius:5px;text-shadow:0px 0px 0px #ffffff\"><i class=\"sui sui-search-plus\" style=\"font-size:13px;color:#FFFFFF\"><\/i> Demander un devis<\/span><\/a>\r\n            \r\r\n      \t<\/div>      \r\r\n\r\r\n      <\/div>\r\r\n      <\/div><\/div><div id=\"aq-block-157-5\" class=\"aq-block aq-block-aq_3_column_block aq_span4  clearfix\"><div id=\"aq-block-157-6\" class=\"aq-block aq-block-aq_ads_block aq_span12 aq-first clearfix\">\r\n\t\t\r\r\n\t\t\t\r\n            \r\r\n\t\t\t\r\n            \r\r\n                <a class=\"item\" href=\"\">\r\r\n                \r\r\n                        <img decoding=\"async\" class=\"grayscale grayscale-fade\" src=\"http:\/\/norail.fr\/atd\/wp-content\/uploads\/2016\/09\/clouterie-lineaire.jpg\" alt=\"Visit Sponsor\" \/>\r\r\n                \r\r\n                <\/a>\r\r\n                        \r\r\n\t\t\t<\/div><\/div><div id=\"aq-block-157-7\" class=\"aq-block aq-block-aq_clear_block aq_span12 aq-first clearfix\"><div class=\"aq-block-clear aq-block-hr-single\" style=\"height:px;\"><\/div><\/div><div id=\"aq-block-157-8\" class=\"aq-block aq-block-aq_2_3_column_block aq_span8 aq-first clearfix\"><div id=\"aq-block-157-9\" class=\"aq-block aq-block-aq_text_block aq_span12 aq-first clearfix\">\r\n        <div class=\"widgetwrap widgetwrap-alt text-boxed\">\r\r\n        \r\r\n        <div class=\"block_bg\"  style=\"background-color:#fff;\"><\/div>\r\r\n        \r\r\n        <div class=\"container builder woocommerce\"  style=\"padding:0px 0;\">\r\r\n        \r\r\n\t\t\t\r\n            <h2 class=\"block\"  style=\"color:#333;\">\r\r\n                \r\r\n                <span class=\"maintitle\">Visserie<\/span>\r\r\n                \r\r\n                \r\n                    \r\r\n            <\/h2>\r\r\n            \r\n                   \r\r\n            Vous souhaitez des informations sur une implantation en magasin de la gamme Visserie ? <br\/>\nContactez-nous pour une demande de devis.<br\/><br\/><a href=\"http:\/\/norail.fr\/atd\/contactez-nous\/\" class=\"su-button su-button-style-flat demandedevisvisserie\" style=\"color:#FFFFFF;background-color:#07a045;border-color:#068038;border-radius:5px\" target=\"_blank\" rel=\"noopener noreferrer\"><span style=\"color:#FFFFFF;padding:6px 16px;font-size:13px;line-height:20px;border-color:#52bd7d;border-radius:5px;text-shadow:0px 0px 0px #ffffff\"><i class=\"sui sui-search-plus\" style=\"font-size:13px;color:#FFFFFF\"><\/i> Demander un devis<\/span><\/a>\r\n            \r\r\n      \t<\/div>      \r\r\n\r\r\n      <\/div>\r\r\n      <\/div><\/div><div id=\"aq-block-157-10\" class=\"aq-block aq-block-aq_3_column_block aq_span4  clearfix\"><div id=\"aq-block-157-11\" class=\"aq-block aq-block-aq_ads_block aq_span12 aq-first clearfix\">\r\n\t\t\r\r\n\t\t\t\r\n            \r\r\n\t\t\t\r\n            \r\r\n                <a class=\"item\" href=\"\">\r\r\n                \r\r\n                        <img decoding=\"async\" class=\"grayscale grayscale-fade\" src=\"http:\/\/norail.fr\/atd\/wp-content\/uploads\/2016\/09\/visserie-lineaire.jpg\" alt=\"Visit Sponsor\" \/>\r\r\n                \r\r\n                <\/a>\r\r\n                        \r\r\n\t\t\t<\/div><\/div><div id=\"aq-block-157-12\" class=\"aq-block aq-block-aq_clear_block aq_span12 aq-first clearfix\"><div class=\"aq-block-clear aq-block-hr-single\" style=\"height:px;\"><\/div><\/div><div id=\"aq-block-157-13\" class=\"aq-block aq-block-aq_2_3_column_block aq_span8 aq-first clearfix\"><div id=\"aq-block-157-14\" class=\"aq-block aq-block-aq_text_block aq_span12 aq-first clearfix\">\r\n        <div class=\"widgetwrap widgetwrap-alt text-boxed\">\r\r\n        \r\r\n        <div class=\"block_bg\"  style=\"background-color:#fff;\"><\/div>\r\r\n        \r\r\n        <div class=\"container builder woocommerce\"  style=\"padding:0px 0;\">\r\r\n        \r\r\n\t\t\t\r\n            <h2 class=\"block\"  style=\"color:#333;\">\r\r\n                \r\r\n                <span class=\"maintitle\">Boulonnerie<\/span>\r\r\n                \r\r\n                \r\n                    \r\r\n            <\/h2>\r\r\n            \r\n                   \r\r\n            Vous souhaitez des informations sur une implantation en magasin de la gamme Boulonnerie ? <br\/>\nContactez-nous pour une demande de devis. <br\/><br\/><a href=\"http:\/\/norail.fr\/atd\/contactez-nous\/\" class=\"su-button su-button-style-flat demandedevisboulonnerie\" style=\"color:#FFFFFF;background-color:#0e74bb;border-color:#0c5d96;border-radius:5px\" target=\"_blank\" rel=\"noopener noreferrer\"><span style=\"color:#FFFFFF;padding:6px 16px;font-size:13px;line-height:20px;border-color:#579ed0;border-radius:5px;text-shadow:0px 0px 0px #ffffff\"><i class=\"sui sui-search-plus\" style=\"font-size:13px;color:#FFFFFF\"><\/i>  Demander un devis <\/span><\/a>\r\n            \r\r\n      \t<\/div>      \r\r\n\r\r\n      <\/div>\r\r\n      <\/div><\/div><div id=\"aq-block-157-15\" class=\"aq-block aq-block-aq_3_column_block aq_span4  clearfix\"><div id=\"aq-block-157-16\" class=\"aq-block aq-block-aq_ads_block aq_span12 aq-first clearfix\">\r\n\t\t\r\r\n\t\t\t\r\n            \r\r\n\t\t\t\r\n            \r\r\n                <a class=\"item\" href=\"\">\r\r\n                \r\r\n                        <img decoding=\"async\" class=\"grayscale grayscale-fade\" src=\"http:\/\/norail.fr\/atd\/wp-content\/uploads\/2016\/09\/boulonnerie-lineaire.jpg\" alt=\"Visit Sponsor\" \/>\r\r\n                \r\r\n                <\/a>\r\r\n                        \r\r\n\t\t\t<\/div><\/div><div id=\"aq-block-157-17\" class=\"aq-block aq-block-aq_clear_block aq_span12 aq-first clearfix\"><div class=\"aq-block-clear aq-block-hr-single\" style=\"height:px;\"><\/div><\/div><div id=\"aq-block-157-18\" class=\"aq-block aq-block-aq_2_3_column_block aq_span8 aq-first clearfix\"><div id=\"aq-block-157-19\" class=\"aq-block aq-block-aq_text_block aq_span12 aq-first clearfix\">\r\n        <div class=\"widgetwrap widgetwrap-alt text-boxed\">\r\r\n        \r\r\n        <div class=\"block_bg\"  style=\"background-color:#fff;\"><\/div>\r\r\n        \r\r\n        <div class=\"container builder woocommerce\"  style=\"padding:0px 0;\">\r\r\n        \r\r\n\t\t\t\r\n            <h2 class=\"block\"  style=\"color:#333;\">\r\r\n                \r\r\n                <span class=\"maintitle\">Vis STARBLOCK<\/span>\r\r\n                \r\r\n                \r\n                    <span class=\"subtitle\" style=\"color:#333;\">Conforme \u00e0 la r\u00e9glementation des produits de construction<\/span>\r\r\n                \r\n                    \r\r\n            <\/h2>\r\r\n            \r\n                   \r\r\n            D\u00e9velopp\u00e9e pour r\u00e9pondre aux besoins des professionnels sur les chantiers : vis charpente, vis bois\/agglo, tirefond, vis menuiserie, vis b\u00e9ton et vis anti-corrosion.<br\/>\nPlus d\u2019infos sur <b><a href=\"http:\/\/www.starblock.fr\/\" target=\"_blank\">www.starblock.fr<\/a><\/b><br\/>\nContactez-nous pour une demande de devis. <br\/><br\/><a href=\"http:\/\/norail.fr\/atd\/contactez-nous\/\" class=\"su-button su-button-style-flat demandedevisvisstarblock\" style=\"color:#FFFFFF;background-color:#000000;border-color:#000000;border-radius:5px\" target=\"_blank\" rel=\"noopener noreferrer\"><span style=\"color:#FFFFFF;padding:6px 16px;font-size:13px;line-height:20px;border-color:#4d4d4d;border-radius:5px;text-shadow:0px 0px 0px #ffffff\"><i class=\"sui sui-search-plus\" style=\"font-size:13px;color:#FFFFFF\"><\/i>  Demander un devis <\/span><\/a>\n\r\n            \r\r\n      \t<\/div>      \r\r\n\r\r\n      <\/div>\r\r\n      <\/div><\/div><div id=\"aq-block-157-20\" class=\"aq-block aq-block-aq_3_column_block aq_span4  clearfix\"><div id=\"aq-block-157-21\" class=\"aq-block aq-block-aq_ads_block aq_span12 aq-first clearfix\">\r\n\t\t\r\r\n\t\t\t\r\n            \r\r\n\t\t\t\r\n            \r\r\n                <a class=\"item\" href=\"\">\r\r\n                \r\r\n                        <img decoding=\"async\" class=\"grayscale grayscale-fade\" src=\"http:\/\/norail.fr\/atd\/wp-content\/uploads\/2016\/09\/starblock-lineaire.jpg\" alt=\"Visit Sponsor\" \/>\r\r\n                \r\r\n                <\/a>\r\r\n                        \r\r\n\t\t\t<\/div><\/div><div id=\"aq-block-157-22\" class=\"aq-block aq-block-aq_clear_block aq_span12 aq-first clearfix\"><div class=\"aq-block-clear aq-block-hr-single\" style=\"height:px;\"><\/div><\/div><div id=\"aq-block-157-23\" class=\"aq-block aq-block-aq_2_3_column_block aq_span8 aq-first clearfix\"><div id=\"aq-block-157-24\" class=\"aq-block aq-block-aq_text_block aq_span12 aq-first clearfix\">\r\n        <div class=\"widgetwrap widgetwrap-alt text-boxed\">\r\r\n        \r\r\n        <div class=\"block_bg\"  style=\"background-color:#fff;\"><\/div>\r\r\n        \r\r\n        <div class=\"container builder woocommerce\"  style=\"padding:0px 0;\">\r\r\n        \r\r\n\t\t\t\r\n            <h2 class=\"block\"  style=\"color:#333;\">\r\r\n                \r\r\n                <span class=\"maintitle\">Inox - Fixation<\/span>\r\r\n                \r\r\n                \r\n                    \r\r\n            <\/h2>\r\r\n            \r\n                   \r\r\n            Vous souhaitez des informations sur une implantation en magasin de la gamme Inox Fixation ? <br\/>\nContactez-nous pour une demande de devis. <br\/><br\/><a href=\"http:\/\/norail.fr\/atd\/contactez-nous\/\" class=\"su-button su-button-style-flat demandedevisinoxfixation\" style=\"color:#FFFFFF;background-color:#4b3162;border-color:#3c284f;border-radius:5px\" target=\"_blank\" rel=\"noopener noreferrer\"><span style=\"color:#FFFFFF;padding:6px 16px;font-size:13px;line-height:20px;border-color:#816f92;border-radius:5px;text-shadow:0px 0px 0px #ffffff\"><i class=\"sui sui-search-plus\" style=\"font-size:13px;color:#FFFFFF\"><\/i>  Demander un devis <\/span><\/a>\r\n            \r\r\n      \t<\/div>      \r\r\n\r\r\n      <\/div>\r\r\n      <\/div><\/div><div id=\"aq-block-157-25\" class=\"aq-block aq-block-aq_3_column_block aq_span4  clearfix\"><div id=\"aq-block-157-26\" class=\"aq-block aq-block-aq_ads_block aq_span12 aq-first clearfix\">\r\n\t\t\r\r\n\t\t\t\r\n            \r\r\n\t\t\t\r\n            \r\r\n                <a class=\"item\" href=\"\">\r\r\n                \r\r\n                        <img decoding=\"async\" class=\"grayscale grayscale-fade\" src=\"http:\/\/norail.fr\/atd\/wp-content\/uploads\/2016\/09\/inox-fixation-lineaire.jpg\" alt=\"Visit Sponsor\" \/>\r\r\n                \r\r\n                <\/a>\r\r\n                        \r\r\n\t\t\t<\/div><\/div><div id=\"aq-block-157-27\" class=\"aq-block aq-block-aq_clear_block aq_span12 aq-first clearfix\"><div class=\"aq-block-clear aq-block-hr-single\" style=\"height:px;\"><\/div><\/div><div id=\"aq-block-157-28\" class=\"aq-block aq-block-aq_2_3_column_block aq_span8 aq-first clearfix\"><div id=\"aq-block-157-29\" class=\"aq-block aq-block-aq_text_block aq_span12 aq-first clearfix\">\r\n        <div class=\"widgetwrap widgetwrap-alt text-boxed\">\r\r\n        \r\r\n        <div class=\"block_bg\"  style=\"background-color:#fff;\"><\/div>\r\r\n        \r\r\n        <div class=\"container builder woocommerce\"  style=\"padding:0px 0;\">\r\r\n        \r\r\n\t\t\t\r\n            <h2 class=\"block\"  style=\"color:#333;\">\r\r\n                \r\r\n                <span class=\"maintitle\">Cordes et cha\u00eenes<\/span>\r\r\n                \r\r\n                \r\n                    \r\r\n            <\/h2>\r\r\n            \r\n                   \r\r\n            Vous souhaitez des informations sur une implantation en magasin de la gamme Cordes et Cha\u00eenes ? <br\/>\nContactez-nous pour une demande de devis.<br\/><br\/> <a href=\"http:\/\/norail.fr\/atd\/contactez-nous\/\" class=\"su-button su-button-style-flat demandedeviscordeschaines\" style=\"color:#FFFFFF;background-color:#e83c2e;border-color:#ba3025;border-radius:5px\" target=\"_blank\" rel=\"noopener noreferrer\"><span style=\"color:#FFFFFF;padding:6px 16px;font-size:13px;line-height:20px;border-color:#ef776d;border-radius:5px;text-shadow:0px 0px 0px #ffffff\"><i class=\"sui sui-search-plus\" style=\"font-size:13px;color:#FFFFFF\"><\/i>  Demander un devis <\/span><\/a>\r\n            \r\r\n      \t<\/div>      \r\r\n\r\r\n      <\/div>\r\r\n      <\/div><\/div><div id=\"aq-block-157-30\" class=\"aq-block aq-block-aq_3_column_block aq_span4  clearfix\"><div id=\"aq-block-157-31\" class=\"aq-block aq-block-aq_ads_block aq_span12 aq-first clearfix\">\r\n\t\t\r\r\n\t\t\t\r\n            \r\r\n\t\t\t\r\n            \r\r\n                <a class=\"item\" href=\"\">\r\r\n                \r\r\n                        <img decoding=\"async\" class=\"grayscale grayscale-fade\" src=\"http:\/\/norail.fr\/atd\/wp-content\/uploads\/2016\/09\/cordes-chaines-lineaire.jpg\" alt=\"Visit Sponsor\" \/>\r\r\n                \r\r\n                <\/a>\r\r\n                        \r\r\n\t\t\t<\/div><\/div><div id=\"aq-block-157-32\" class=\"aq-block aq-block-aq_clear_block aq_span12 aq-first clearfix\"><div class=\"aq-block-clear aq-block-hr-single\" style=\"height:px;\"><\/div><\/div><div id=\"aq-block-157-33\" class=\"aq-block aq-block-aq_2_3_column_block aq_span8 aq-first clearfix\"><div id=\"aq-block-157-34\" class=\"aq-block aq-block-aq_text_block aq_span12 aq-first clearfix\">\r\n        <div class=\"widgetwrap widgetwrap-alt text-boxed\">\r\r\n        \r\r\n        <div class=\"block_bg\"  style=\"background-color:#fff;\"><\/div>\r\r\n        \r\r\n        <div class=\"container builder woocommerce\"  style=\"padding:0px 0;\">\r\r\n        \r\r\n\t\t\t\r\n            <h2 class=\"block\"  style=\"color:#333;\">\r\r\n                \r\r\n                <span class=\"maintitle\">Quincaillerie du b\u00e2timent<\/span>\r\r\n                \r\r\n                \r\n                    \r\r\n            <\/h2>\r\r\n            \r\n                   \r\r\n            Vous souhaitez des informations sur une implantation en magasin de la gamme Quincaillerie du b\u00e2timent ? <br\/>\nContactez-nous pour une demande de devis.<br\/><br\/> <a href=\"http:\/\/norail.fr\/atd\/contactez-nous\/\" class=\"su-button su-button-style-flat demandedevisquincailleriebatiment\" style=\"color:#FFFFFF;background-color:#3b638f;border-color:#305073;border-radius:5px\" target=\"_blank\" rel=\"noopener noreferrer\"><span style=\"color:#FFFFFF;padding:6px 16px;font-size:13px;line-height:20px;border-color:#7692b1;border-radius:5px;text-shadow:0px 0px 0px #ffffff\"><i class=\"sui sui-search-plus\" style=\"font-size:13px;color:#FFFFFF\"><\/i>  Demander un devis <\/span><\/a>\r\n            \r\r\n      \t<\/div>      \r\r\n\r\r\n      <\/div>\r\r\n      <\/div><\/div><div id=\"aq-block-157-35\" class=\"aq-block aq-block-aq_3_column_block aq_span4  clearfix\"><div id=\"aq-block-157-36\" class=\"aq-block aq-block-aq_ads_block aq_span12 aq-first clearfix\">\r\n\t\t\r\r\n\t\t\t\r\n            \r\r\n\t\t\t\r\n            \r\r\n                <a class=\"item\" href=\"\">\r\r\n                \r\r\n                        <img decoding=\"async\" class=\"grayscale grayscale-fade\" src=\"http:\/\/norail.fr\/atd\/wp-content\/uploads\/2016\/09\/quincaillerie-batiment-lineaire.jpg\" alt=\"Visit Sponsor\" \/>\r\r\n                \r\r\n                <\/a>\r\r\n                        \r\r\n\t\t\t<\/div><\/div><div id=\"aq-block-157-37\" class=\"aq-block aq-block-aq_clear_block aq_span12 aq-first clearfix\"><div class=\"aq-block-clear aq-block-hr-single\" style=\"height:px;\"><\/div><\/div><div id=\"aq-block-157-38\" class=\"aq-block aq-block-aq_2_3_column_block aq_span8 aq-first clearfix\"><div id=\"aq-block-157-39\" class=\"aq-block aq-block-aq_text_block aq_span12 aq-first clearfix\">\r\n        <div class=\"widgetwrap widgetwrap-alt text-boxed\">\r\r\n        \r\r\n        <div class=\"block_bg\"  style=\"background-color:#fff;\"><\/div>\r\r\n        \r\r\n        <div class=\"container builder woocommerce\"  style=\"padding:0px 0;\">\r\r\n        \r\r\n\t\t\t\r\n            <h2 class=\"block\"  style=\"color:#333;\">\r\r\n                \r\r\n                <span class=\"maintitle\">Quincaillerie d&#039;ameublement<\/span>\r\r\n                \r\r\n                \r\n                    \r\r\n            <\/h2>\r\r\n            \r\n                   \r\r\n            Vous souhaitez des informations sur une implantation en magasin de la gamme Quincaillerie d\u2019ameublement ? <br\/>\nContactez-nous pour une demande de devis. <br\/><br\/><a href=\"http:\/\/norail.fr\/atd\/contactez-nous\/\" class=\"su-button su-button-style-flat demandedevisquincaillerieameublement\" style=\"color:#FFFFFF;background-color:#0e73bb;border-color:#0c5c96;border-radius:5px\" target=\"_blank\" rel=\"noopener noreferrer\"><span style=\"color:#FFFFFF;padding:6px 16px;font-size:13px;line-height:20px;border-color:#579dd0;border-radius:5px;text-shadow:0px 0px 0px #ffffff\"><i class=\"sui sui-search-plus\" style=\"font-size:13px;color:#FFFFFF\"><\/i>  Demander un devis <\/span><\/a>\r\n            \r\r\n      \t<\/div>      \r\r\n\r\r\n      <\/div>\r\r\n      <\/div><\/div><div id=\"aq-block-157-40\" class=\"aq-block aq-block-aq_3_column_block aq_span4  clearfix\"><div id=\"aq-block-157-41\" class=\"aq-block aq-block-aq_ads_block aq_span12 aq-first clearfix\">\r\n\t\t\r\r\n\t\t\t\r\n            \r\r\n\t\t\t\r\n            \r\r\n                <a class=\"item\" href=\"\">\r\r\n                \r\r\n                        <img decoding=\"async\" class=\"grayscale grayscale-fade\" src=\"http:\/\/norail.fr\/atd\/wp-content\/uploads\/2016\/09\/quincaillerie_ameublement-lineaire.jpg\" alt=\"Visit Sponsor\" \/>\r\r\n                \r\r\n                <\/a>\r\r\n                        \r\r\n\t\t\t<\/div><\/div><\/div>\n","protected":false},"excerpt":{"rendered":"","protected":false},"author":1,"featured_media":0,"parent":0,"menu_order":0,"comment_status":"closed","ping_status":"closed","template":"homepage.php","meta":{"footnotes":""},"class_list":["post-76","page","type-page","status-publish","hentry"],"yoast_head":"<!-- This site is optimized with the Yoast SEO plugin v27.1.1 - https:\/\/yoast.com\/product\/yoast-seo-wordpress\/ -->\n<title>Concept point de vente - Norail | Quincaillerie professionnelle<\/title>\n<meta name=\"description\" content=\"Norail \u00e9labore des concepts lin\u00e9aires optimis\u00e9s et attractifs pour les magasins : visibilit\u00e9 des produits, balisage dynamique du lin\u00e9aire, infos techniques.\" \/>\n<meta name=\"robots\" content=\"index, follow, max-snippet:-1, max-image-preview:large, max-video-preview:-1\" \/>\n<link rel=\"canonical\" href=\"https:\/\/www.norail.fr\/atd\/concept-point-de-vente\/\" \/>\n<meta property=\"og:locale\" content=\"fr_FR\" \/>\n<meta property=\"og:type\" content=\"article\" \/>\n<meta property=\"og:title\" content=\"Concept point de vente - Norail | Quincaillerie professionnelle\" \/>\n<meta property=\"og:description\" content=\"Norail \u00e9labore des concepts lin\u00e9aires optimis\u00e9s et attractifs pour les magasins : visibilit\u00e9 des produits, balisage dynamique du lin\u00e9aire, infos techniques.\" \/>\n<meta property=\"og:url\" content=\"https:\/\/www.norail.fr\/atd\/concept-point-de-vente\/\" \/>\n<meta property=\"og:site_name\" content=\"Norail | Quincaillerie professionnelle\" \/>\n<meta property=\"article:modified_time\" content=\"2026-03-12T09:21:09+00:00\" \/>\n<meta name=\"twitter:card\" content=\"summary_large_image\" \/>\n<script type=\"application\/ld+json\" class=\"yoast-schema-graph\">{\"@context\":\"https:\/\/schema.org\",\"@graph\":[{\"@type\":\"WebPage\",\"@id\":\"https:\/\/www.norail.fr\/atd\/concept-point-de-vente\/\",\"url\":\"https:\/\/www.norail.fr\/atd\/concept-point-de-vente\/\",\"name\":\"Concept point de vente - Norail | Quincaillerie professionnelle\",\"isPartOf\":{\"@id\":\"https:\/\/www.norail.fr\/atd\/#website\"},\"datePublished\":\"2016-08-30T07:58:20+00:00\",\"dateModified\":\"2026-03-12T09:21:09+00:00\",\"description\":\"Norail \u00e9labore des concepts lin\u00e9aires optimis\u00e9s et attractifs pour les magasins : visibilit\u00e9 des produits, balisage dynamique du lin\u00e9aire, infos techniques.\",\"breadcrumb\":{\"@id\":\"https:\/\/www.norail.fr\/atd\/concept-point-de-vente\/#breadcrumb\"},\"inLanguage\":\"fr-FR\",\"potentialAction\":[{\"@type\":\"ReadAction\",\"target\":[\"https:\/\/www.norail.fr\/atd\/concept-point-de-vente\/\"]}]},{\"@type\":\"BreadcrumbList\",\"@id\":\"https:\/\/www.norail.fr\/atd\/concept-point-de-vente\/#breadcrumb\",\"itemListElement\":[{\"@type\":\"ListItem\",\"position\":1,\"name\":\"Accueil\",\"item\":\"https:\/\/www.norail.fr\/atd\/\"},{\"@type\":\"ListItem\",\"position\":2,\"name\":\"Concept point de vente\"}]},{\"@type\":\"WebSite\",\"@id\":\"https:\/\/www.norail.fr\/atd\/#website\",\"url\":\"https:\/\/www.norail.fr\/atd\/\",\"name\":\"Norail | Quincaillerie professionnelle\",\"description\":\"Au service des pros\",\"potentialAction\":[{\"@type\":\"SearchAction\",\"target\":{\"@type\":\"EntryPoint\",\"urlTemplate\":\"https:\/\/www.norail.fr\/atd\/?s={search_term_string}\"},\"query-input\":{\"@type\":\"PropertyValueSpecification\",\"valueRequired\":true,\"valueName\":\"search_term_string\"}}],\"inLanguage\":\"fr-FR\"}]}<\/script>\n<!-- \/ Yoast SEO plugin. -->","yoast_head_json":{"title":"Concept point de vente - Norail | Quincaillerie professionnelle","description":"Norail \u00e9labore des concepts lin\u00e9aires optimis\u00e9s et attractifs pour les magasins : visibilit\u00e9 des produits, balisage dynamique du lin\u00e9aire, infos techniques.","robots":{"index":"index","follow":"follow","max-snippet":"max-snippet:-1","max-image-preview":"max-image-preview:large","max-video-preview":"max-video-preview:-1"},"canonical":"https:\/\/www.norail.fr\/atd\/concept-point-de-vente\/","og_locale":"fr_FR","og_type":"article","og_title":"Concept point de vente - Norail | Quincaillerie professionnelle","og_description":"Norail \u00e9labore des concepts lin\u00e9aires optimis\u00e9s et attractifs pour les magasins : visibilit\u00e9 des produits, balisage dynamique du lin\u00e9aire, infos techniques.","og_url":"https:\/\/www.norail.fr\/atd\/concept-point-de-vente\/","og_site_name":"Norail | Quincaillerie professionnelle","article_modified_time":"2026-03-12T09:21:09+00:00","twitter_card":"summary_large_image","schema":{"@context":"https:\/\/schema.org","@graph":[{"@type":"WebPage","@id":"https:\/\/www.norail.fr\/atd\/concept-point-de-vente\/","url":"https:\/\/www.norail.fr\/atd\/concept-point-de-vente\/","name":"Concept point de vente - Norail | Quincaillerie professionnelle","isPartOf":{"@id":"https:\/\/www.norail.fr\/atd\/#website"},"datePublished":"2016-08-30T07:58:20+00:00","dateModified":"2026-03-12T09:21:09+00:00","description":"Norail \u00e9labore des concepts lin\u00e9aires optimis\u00e9s et attractifs pour les magasins : visibilit\u00e9 des produits, balisage dynamique du lin\u00e9aire, infos techniques.","breadcrumb":{"@id":"https:\/\/www.norail.fr\/atd\/concept-point-de-vente\/#breadcrumb"},"inLanguage":"fr-FR","potentialAction":[{"@type":"ReadAction","target":["https:\/\/www.norail.fr\/atd\/concept-point-de-vente\/"]}]},{"@type":"BreadcrumbList","@id":"https:\/\/www.norail.fr\/atd\/concept-point-de-vente\/#breadcrumb","itemListElement":[{"@type":"ListItem","position":1,"name":"Accueil","item":"https:\/\/www.norail.fr\/atd\/"},{"@type":"ListItem","position":2,"name":"Concept point de vente"}]},{"@type":"WebSite","@id":"https:\/\/www.norail.fr\/atd\/#website","url":"https:\/\/www.norail.fr\/atd\/","name":"Norail | Quincaillerie professionnelle","description":"Au service des pros","potentialAction":[{"@type":"SearchAction","target":{"@type":"EntryPoint","urlTemplate":"https:\/\/www.norail.fr\/atd\/?s={search_term_string}"},"query-input":{"@type":"PropertyValueSpecification","valueRequired":true,"valueName":"search_term_string"}}],"inLanguage":"fr-FR"}]}},"_links":{"self":[{"href":"https:\/\/www.norail.fr\/atd\/wp-json\/wp\/v2\/pages\/76","targetHints":{"allow":["GET"]}}],"collection":[{"href":"https:\/\/www.norail.fr\/atd\/wp-json\/wp\/v2\/pages"}],"about":[{"href":"https:\/\/www.norail.fr\/atd\/wp-json\/wp\/v2\/types\/page"}],"author":[{"embeddable":true,"href":"https:\/\/www.norail.fr\/atd\/wp-json\/wp\/v2\/users\/1"}],"replies":[{"embeddable":true,"href":"https:\/\/www.norail.fr\/atd\/wp-json\/wp\/v2\/comments?post=76"}],"version-history":[{"count":8,"href":"https:\/\/www.norail.fr\/atd\/wp-json\/wp\/v2\/pages\/76\/revisions"}],"predecessor-version":[{"id":10604,"href":"https:\/\/www.norail.fr\/atd\/wp-json\/wp\/v2\/pages\/76\/revisions\/10604"}],"wp:attachment":[{"href":"https:\/\/www.norail.fr\/atd\/wp-json\/wp\/v2\/media?parent=76"}],"curies":[{"name":"wp","href":"https:\/\/api.w.org\/{rel}","templated":true}]}}