
{"id":80,"date":"2016-08-30T09:59:02","date_gmt":"2016-08-30T07:59:02","guid":{"rendered":"http:\/\/www.norail.fr\/otd_new\/?page_id=80"},"modified":"2016-09-28T13:55:14","modified_gmt":"2016-09-28T11:55:14","slug":"videos","status":"publish","type":"page","link":"https:\/\/www.norail.fr\/atd\/videos\/","title":{"rendered":"Vid\u00e9os"},"content":{"rendered":"<div id=\"aq-template-wrapper-248\" class=\"aq-template-wrapper aq_row\"><div id=\"aq-block-248-1\" class=\"aq-block aq-block-aq_text_block aq_span12 aq-first clearfix\">\r\n        <div class=\"widgetwrap widgetwrap-alt text-boxed\">\r\r\n        \r\r\n        <div class=\"block_bg\"  style=\"background-color:#fff;\"><\/div>\r\r\n        \r\r\n        <div class=\"container builder woocommerce\"  style=\"padding:0px 0;\">\r\r\n        \r\r\n\t\t\t\r\n            <h2 class=\"block\"  style=\"color:#333;\">\r\r\n                \r\r\n                <span class=\"maintitle\">D\u00e9couvrez les vid\u00e9os de NORAIL<\/span>\r\r\n                \r\r\n                \r\n                    <span class=\"subtitle\" style=\"color:#333;\">La soci\u00e9t\u00e9 NORAIL et ses produits vous attendent sur youtube !<\/span>\r\r\n                \r\n                    \r\r\n            <\/h2>\r\r\n            \r\n                   \r\r\n            \r\n            \r\r\n      \t<\/div>      \r\r\n\r\r\n      <\/div>\r\r\n      <\/div><div id=\"aq-block-248-2\" class=\"aq-block aq-block-aq_3_column_block aq_span4 aq-first clearfix\"><div id=\"aq-block-248-3\" class=\"aq-block aq-block-aq_ads_block aq_span12 aq-first clearfix\">\r\n\t\t\r\r\n\t\t\t\r\n            \r\r\n\t\t\t\r\n                    \r\r\n           \t\t<div class=\"body3 bgfix\"><h2>FiX'BoX Terrasse STARBLOCK\u00ae<\/h2>\n<a href=\"https:\/\/youtu.be\/ly-3MSEMeSA\" target=\"_blank\"><img decoding=\"async\" src=\"http:\/\/www.norail.fr\/atd\/wp-content\/uploads\/2019\/03\/video-fix-box.jpg\" alt=\"Youtube de Norail\" \/><\/a><br\/>\n<p><center><a href=\"https:\/\/youtu.be\/ly-3MSEMeSA\" class=\"su-button su-button-style-flat videofixboxterrasse\" style=\"color:#FFFFFF;background-color:#f61c0d;border-color:#c5170b;border-radius:5px\" target=\"_blank\" rel=\"noopener noreferrer\"><span style=\"color:#FFFFFF;padding:6px 16px;font-size:13px;line-height:20px;border-color:#f96156;border-radius:5px;text-shadow:0px 0px 0px #ffffff\"><i class=\"sui sui-video-camera\" style=\"font-size:13px;color:#FFFFFF\"><\/i> Voir la vid\u00e9o<\/span><\/a><\/center><\/p><\/div>\r\r\n\t\t\r\r\n\t\t \t<\/div><\/div><div id=\"aq-block-248-4\" class=\"aq-block aq-block-aq_3_column_block aq_span4  clearfix\"><div id=\"aq-block-248-5\" class=\"aq-block aq-block-aq_ads_block aq_span12 aq-first clearfix\">\r\n\t\t\r\r\n\t\t\t\r\n            \r\r\n\t\t\t\r\n                    \r\r\n           \t\t<div class=\"body3 bgfix\"><h2>La gamme STARBLOCK\u00ae<\/h2>\n<a href=\"https:\/\/youtu.be\/xWVxdiLwUzI?list=PLUaUj12zfEg2VJkvgpgK1Q_Bc_xgTBmT7\" target=\"_blank\"><img decoding=\"async\" src=\"http:\/\/norail.fr\/atd\/wp-content\/uploads\/2016\/09\/starblock-video.jpg\" alt=\"Youtube de Norail\" \/><\/a><br\/>\n<p><center><a href=\"https:\/\/youtu.be\/xWVxdiLwUzI?list=PLUaUj12zfEg2VJkvgpgK1Q_Bc_xgTBmT7\" class=\"su-button su-button-style-flat videogammestarblock\" style=\"color:#FFFFFF;background-color:#f61c0d;border-color:#c5170b;border-radius:5px\" target=\"_blank\" rel=\"noopener noreferrer\"><span style=\"color:#FFFFFF;padding:6px 16px;font-size:13px;line-height:20px;border-color:#f96156;border-radius:5px;text-shadow:0px 0px 0px #ffffff\"><i class=\"sui sui-video-camera\" style=\"font-size:13px;color:#FFFFFF\"><\/i> Voir la vid\u00e9o<\/span><\/a><\/center><\/p><\/div>\r\r\n\t\t\r\r\n\t\t \t<\/div><\/div><div id=\"aq-block-248-6\" class=\"aq-block aq-block-aq_3_column_block aq_span4  clearfix\"><div id=\"aq-block-248-7\" class=\"aq-block aq-block-aq_ads_block aq_span12 aq-first clearfix\">\r\n\t\t\r\r\n\t\t\t\r\n            \r\r\n\t\t\t\r\n                    \r\r\n           \t\t<div class=\"body3 bgfix\"><h2>Foret terrasse pour perceuse<\/h2>\n<a href=\"https:\/\/youtu.be\/N21qKkcnCzk\" target=\"_blank\"><img decoding=\"async\" src=\"http:\/\/norail.fr\/atd\/wp-content\/uploads\/2017\/03\/video-foret-terrasse.jpg\" alt=\"Foret terrasse pour perceuse\" \/><\/a><br\/>\n<p><center><a href=\"https:\/\/youtu.be\/N21qKkcnCzk\" class=\"su-button su-button-style-flat videoforetterrasseperceuse\" style=\"color:#FFFFFF;background-color:#f61c0d;border-color:#c5170b;border-radius:5px\" target=\"_blank\" rel=\"noopener noreferrer\"><span style=\"color:#FFFFFF;padding:6px 16px;font-size:13px;line-height:20px;border-color:#f96156;border-radius:5px;text-shadow:0px 0px 0px #ffffff\"><i class=\"sui sui-video-camera\" style=\"font-size:13px;color:#FFFFFF\"><\/i> Voir la vid\u00e9o<\/span><\/a><\/center><\/p><\/div>\r\r\n\t\t\r\r\n\t\t \t<\/div><\/div><div id=\"aq-block-248-8\" class=\"aq-block aq-block-aq_3_column_block aq_span4 aq-first clearfix\"><div id=\"aq-block-248-9\" class=\"aq-block aq-block-aq_ads_block aq_span12 aq-first clearfix\">\r\n\t\t\r\r\n\t\t\t\r\n            \r\r\n\t\t\t\r\n                    \r\r\n           \t\t<div class=\"body3 bgfix\"><h2>Embout de vissage magn\u00e9tique<\/h2>\n<a href=\"https:\/\/youtu.be\/CQNUAoSsJg4\" target=\"_blank\"><img decoding=\"async\" src=\"http:\/\/www.norail.fr\/atd\/wp-content\/uploads\/2017\/03\/video-embout_vissage.jpg\" alt=\"Video embout de vissage magn\u00e9tique Starblock\" \/><\/a><br\/>\n<p><center><a href=\"https:\/\/youtu.be\/CQNUAoSsJg4\" class=\"su-button su-button-style-flat videoemboutvissagemagnetique\" style=\"color:#FFFFFF;background-color:#f61c0d;border-color:#c5170b;border-radius:5px\" target=\"_blank\" rel=\"noopener noreferrer\"><span style=\"color:#FFFFFF;padding:6px 16px;font-size:13px;line-height:20px;border-color:#f96156;border-radius:5px;text-shadow:0px 0px 0px #ffffff\"><i class=\"sui sui-video-camera\" style=\"font-size:13px;color:#FFFFFF\"><\/i> Voir la vid\u00e9o<\/span><\/a><\/center><\/p><\/div>\r\r\n\t\t\r\r\n\t\t \t<\/div><\/div><div id=\"aq-block-248-10\" class=\"aq-block aq-block-aq_3_column_block aq_span4  clearfix\"><div id=\"aq-block-248-11\" class=\"aq-block aq-block-aq_ads_block aq_span12 aq-first clearfix\">\r\n\t\t\r\r\n\t\t\t\r\n            \r\r\n\t\t\t\r\n                    \r\r\n           \t\t<div class=\"body3 bgfix\"><h2>La soci\u00e9t\u00e9 NORAIL<\/h2>\n<a href=\"https:\/\/youtu.be\/e1PC0gMm0Jc?list=PLUaUj12zfEg2VJkvgpgK1Q_Bc_xgTBmT7\" target=\"_blank\"><img decoding=\"async\" src=\"http:\/\/norail.fr\/atd\/wp-content\/uploads\/2016\/09\/video-norail.jpg\" alt=\"Youtube de Norail\" \/><\/a><br\/>\n<p><center><a href=\"https:\/\/youtu.be\/e1PC0gMm0Jc?list=PLUaUj12zfEg2VJkvgpgK1Q_Bc_xgTBmT7\" class=\"su-button su-button-style-flat videosocietenorail\" style=\"color:#FFFFFF;background-color:#f61c0d;border-color:#c5170b;border-radius:5px\" target=\"_blank\" rel=\"noopener noreferrer\"><span style=\"color:#FFFFFF;padding:6px 16px;font-size:13px;line-height:20px;border-color:#f96156;border-radius:5px;text-shadow:0px 0px 0px #ffffff\"><i class=\"sui sui-video-camera\" style=\"font-size:13px;color:#FFFFFF\"><\/i> Voir la vid\u00e9o<\/span><\/a><\/center><\/p><\/div>\r\r\n\t\t\r\r\n\t\t \t<\/div><\/div><div id=\"aq-block-248-12\" class=\"aq-block aq-block-aq_3_column_block aq_span4  clearfix\"><\/div><\/div>\n","protected":false},"excerpt":{"rendered":"","protected":false},"author":1,"featured_media":0,"parent":0,"menu_order":0,"comment_status":"closed","ping_status":"closed","template":"homepage.php","meta":{"footnotes":""},"class_list":["post-80","page","type-page","status-publish","hentry"],"yoast_head":"<!-- This site is optimized with the Yoast SEO plugin v27.1.1 - https:\/\/yoast.com\/product\/yoast-seo-wordpress\/ -->\n<title>Vid\u00e9os - Norail | Quincaillerie professionnelle<\/title>\n<meta name=\"description\" content=\"Pr\u00e9sentation de la soci\u00e9t\u00e9, nouveaut\u00e9s, d\u00e9monstration produits ... tout cela en vid\u00e9o ! Retrouvez toutes nos vid\u00e9os sur la cha\u00eene You Tube Norail\" \/>\n<meta name=\"robots\" content=\"index, follow, max-snippet:-1, max-image-preview:large, max-video-preview:-1\" \/>\n<link rel=\"canonical\" href=\"https:\/\/www.norail.fr\/atd\/videos\/\" \/>\n<meta property=\"og:locale\" content=\"fr_FR\" \/>\n<meta property=\"og:type\" content=\"article\" \/>\n<meta property=\"og:title\" content=\"Vid\u00e9os - Norail | Quincaillerie professionnelle\" \/>\n<meta property=\"og:description\" content=\"Pr\u00e9sentation de la soci\u00e9t\u00e9, nouveaut\u00e9s, d\u00e9monstration produits ... tout cela en vid\u00e9o ! Retrouvez toutes nos vid\u00e9os sur la cha\u00eene You Tube Norail\" \/>\n<meta property=\"og:url\" content=\"https:\/\/www.norail.fr\/atd\/videos\/\" \/>\n<meta property=\"og:site_name\" content=\"Norail | Quincaillerie professionnelle\" \/>\n<meta property=\"article:modified_time\" content=\"2016-09-28T11:55:14+00:00\" \/>\n<meta name=\"twitter:card\" content=\"summary_large_image\" \/>\n<script type=\"application\/ld+json\" class=\"yoast-schema-graph\">{\"@context\":\"https:\/\/schema.org\",\"@graph\":[{\"@type\":\"WebPage\",\"@id\":\"https:\/\/www.norail.fr\/atd\/videos\/\",\"url\":\"https:\/\/www.norail.fr\/atd\/videos\/\",\"name\":\"Vid\u00e9os - Norail | Quincaillerie professionnelle\",\"isPartOf\":{\"@id\":\"https:\/\/www.norail.fr\/atd\/#website\"},\"datePublished\":\"2016-08-30T07:59:02+00:00\",\"dateModified\":\"2016-09-28T11:55:14+00:00\",\"description\":\"Pr\u00e9sentation de la soci\u00e9t\u00e9, nouveaut\u00e9s, d\u00e9monstration produits ... tout cela en vid\u00e9o ! Retrouvez toutes nos vid\u00e9os sur la cha\u00eene You Tube Norail\",\"breadcrumb\":{\"@id\":\"https:\/\/www.norail.fr\/atd\/videos\/#breadcrumb\"},\"inLanguage\":\"fr-FR\",\"potentialAction\":[{\"@type\":\"ReadAction\",\"target\":[\"https:\/\/www.norail.fr\/atd\/videos\/\"]}]},{\"@type\":\"BreadcrumbList\",\"@id\":\"https:\/\/www.norail.fr\/atd\/videos\/#breadcrumb\",\"itemListElement\":[{\"@type\":\"ListItem\",\"position\":1,\"name\":\"Accueil\",\"item\":\"https:\/\/www.norail.fr\/atd\/\"},{\"@type\":\"ListItem\",\"position\":2,\"name\":\"Vid\u00e9os\"}]},{\"@type\":\"WebSite\",\"@id\":\"https:\/\/www.norail.fr\/atd\/#website\",\"url\":\"https:\/\/www.norail.fr\/atd\/\",\"name\":\"Norail | Quincaillerie professionnelle\",\"description\":\"Au service des pros\",\"potentialAction\":[{\"@type\":\"SearchAction\",\"target\":{\"@type\":\"EntryPoint\",\"urlTemplate\":\"https:\/\/www.norail.fr\/atd\/?s={search_term_string}\"},\"query-input\":{\"@type\":\"PropertyValueSpecification\",\"valueRequired\":true,\"valueName\":\"search_term_string\"}}],\"inLanguage\":\"fr-FR\"}]}<\/script>\n<!-- \/ Yoast SEO plugin. -->","yoast_head_json":{"title":"Vid\u00e9os - Norail | Quincaillerie professionnelle","description":"Pr\u00e9sentation de la soci\u00e9t\u00e9, nouveaut\u00e9s, d\u00e9monstration produits ... tout cela en vid\u00e9o ! Retrouvez toutes nos vid\u00e9os sur la cha\u00eene You Tube Norail","robots":{"index":"index","follow":"follow","max-snippet":"max-snippet:-1","max-image-preview":"max-image-preview:large","max-video-preview":"max-video-preview:-1"},"canonical":"https:\/\/www.norail.fr\/atd\/videos\/","og_locale":"fr_FR","og_type":"article","og_title":"Vid\u00e9os - Norail | Quincaillerie professionnelle","og_description":"Pr\u00e9sentation de la soci\u00e9t\u00e9, nouveaut\u00e9s, d\u00e9monstration produits ... tout cela en vid\u00e9o ! Retrouvez toutes nos vid\u00e9os sur la cha\u00eene You Tube Norail","og_url":"https:\/\/www.norail.fr\/atd\/videos\/","og_site_name":"Norail | Quincaillerie professionnelle","article_modified_time":"2016-09-28T11:55:14+00:00","twitter_card":"summary_large_image","schema":{"@context":"https:\/\/schema.org","@graph":[{"@type":"WebPage","@id":"https:\/\/www.norail.fr\/atd\/videos\/","url":"https:\/\/www.norail.fr\/atd\/videos\/","name":"Vid\u00e9os - Norail | Quincaillerie professionnelle","isPartOf":{"@id":"https:\/\/www.norail.fr\/atd\/#website"},"datePublished":"2016-08-30T07:59:02+00:00","dateModified":"2016-09-28T11:55:14+00:00","description":"Pr\u00e9sentation de la soci\u00e9t\u00e9, nouveaut\u00e9s, d\u00e9monstration produits ... tout cela en vid\u00e9o ! Retrouvez toutes nos vid\u00e9os sur la cha\u00eene You Tube Norail","breadcrumb":{"@id":"https:\/\/www.norail.fr\/atd\/videos\/#breadcrumb"},"inLanguage":"fr-FR","potentialAction":[{"@type":"ReadAction","target":["https:\/\/www.norail.fr\/atd\/videos\/"]}]},{"@type":"BreadcrumbList","@id":"https:\/\/www.norail.fr\/atd\/videos\/#breadcrumb","itemListElement":[{"@type":"ListItem","position":1,"name":"Accueil","item":"https:\/\/www.norail.fr\/atd\/"},{"@type":"ListItem","position":2,"name":"Vid\u00e9os"}]},{"@type":"WebSite","@id":"https:\/\/www.norail.fr\/atd\/#website","url":"https:\/\/www.norail.fr\/atd\/","name":"Norail | Quincaillerie professionnelle","description":"Au service des pros","potentialAction":[{"@type":"SearchAction","target":{"@type":"EntryPoint","urlTemplate":"https:\/\/www.norail.fr\/atd\/?s={search_term_string}"},"query-input":{"@type":"PropertyValueSpecification","valueRequired":true,"valueName":"search_term_string"}}],"inLanguage":"fr-FR"}]}},"_links":{"self":[{"href":"https:\/\/www.norail.fr\/atd\/wp-json\/wp\/v2\/pages\/80","targetHints":{"allow":["GET"]}}],"collection":[{"href":"https:\/\/www.norail.fr\/atd\/wp-json\/wp\/v2\/pages"}],"about":[{"href":"https:\/\/www.norail.fr\/atd\/wp-json\/wp\/v2\/types\/page"}],"author":[{"embeddable":true,"href":"https:\/\/www.norail.fr\/atd\/wp-json\/wp\/v2\/users\/1"}],"replies":[{"embeddable":true,"href":"https:\/\/www.norail.fr\/atd\/wp-json\/wp\/v2\/comments?post=80"}],"version-history":[{"count":5,"href":"https:\/\/www.norail.fr\/atd\/wp-json\/wp\/v2\/pages\/80\/revisions"}],"predecessor-version":[{"id":249,"href":"https:\/\/www.norail.fr\/atd\/wp-json\/wp\/v2\/pages\/80\/revisions\/249"}],"wp:attachment":[{"href":"https:\/\/www.norail.fr\/atd\/wp-json\/wp\/v2\/media?parent=80"}],"curies":[{"name":"wp","href":"https:\/\/api.w.org\/{rel}","templated":true}]}}