
{"id":82,"date":"2016-08-30T09:59:20","date_gmt":"2016-08-30T07:59:20","guid":{"rendered":"http:\/\/www.norail.fr\/otd_new\/?page_id=82"},"modified":"2016-09-28T11:54:44","modified_gmt":"2016-09-28T09:54:44","slug":"informations-reglementaires","status":"publish","type":"page","link":"https:\/\/www.norail.fr\/atd\/informations-reglementaires\/","title":{"rendered":"Informations r\u00e9glementaires"},"content":{"rendered":"<div style=\"margin: 20px;\">\n<h2>Tous nos produits techniques sont conformes \u00e0 la r\u00e9glementation des produits de construction.<\/h2>\n<h3>Documents \u00e0 t\u00e9l\u00e9charger dans votre <a href=\"https:\/\/www.norail.fr\/atd\/interface-client\/\" target=\"_blank\">espace client<\/a>.<\/h3>\n<\/div>\n","protected":false},"excerpt":{"rendered":"<p>Tous nos produits techniques sont conformes \u00e0 la r\u00e9glementation des produits de construction. Documents \u00e0 t\u00e9l\u00e9charger dans votre espace client.<\/p>\n","protected":false},"author":1,"featured_media":0,"parent":0,"menu_order":0,"comment_status":"closed","ping_status":"closed","template":"homepage.php","meta":{"footnotes":""},"class_list":["post-82","page","type-page","status-publish","hentry"],"yoast_head":"<!-- This site is optimized with the Yoast SEO plugin v27.1.1 - https:\/\/yoast.com\/product\/yoast-seo-wordpress\/ -->\n<title>Informations r\u00e9glementaires - Norail | Quincaillerie professionnelle<\/title>\n<meta name=\"description\" content=\"Dans un souci de qualit\u00e9 et de s\u00e9curit\u00e9, tous les produits techniques NORAIL sont conformes \u00e0 la r\u00e9glementation des produits de construction.\" \/>\n<meta name=\"robots\" content=\"index, follow, max-snippet:-1, max-image-preview:large, max-video-preview:-1\" \/>\n<link rel=\"canonical\" href=\"https:\/\/www.norail.fr\/atd\/informations-reglementaires\/\" \/>\n<meta property=\"og:locale\" content=\"fr_FR\" \/>\n<meta property=\"og:type\" content=\"article\" \/>\n<meta property=\"og:title\" content=\"Informations r\u00e9glementaires - Norail | Quincaillerie professionnelle\" \/>\n<meta property=\"og:description\" content=\"Dans un souci de qualit\u00e9 et de s\u00e9curit\u00e9, tous les produits techniques NORAIL sont conformes \u00e0 la r\u00e9glementation des produits de construction.\" \/>\n<meta property=\"og:url\" content=\"https:\/\/www.norail.fr\/atd\/informations-reglementaires\/\" \/>\n<meta property=\"og:site_name\" content=\"Norail | Quincaillerie professionnelle\" \/>\n<meta property=\"article:modified_time\" content=\"2016-09-28T09:54:44+00:00\" \/>\n<meta name=\"twitter:card\" content=\"summary_large_image\" \/>\n<script type=\"application\/ld+json\" class=\"yoast-schema-graph\">{\"@context\":\"https:\/\/schema.org\",\"@graph\":[{\"@type\":\"WebPage\",\"@id\":\"https:\/\/www.norail.fr\/atd\/informations-reglementaires\/\",\"url\":\"https:\/\/www.norail.fr\/atd\/informations-reglementaires\/\",\"name\":\"Informations r\u00e9glementaires - Norail | Quincaillerie professionnelle\",\"isPartOf\":{\"@id\":\"https:\/\/www.norail.fr\/atd\/#website\"},\"datePublished\":\"2016-08-30T07:59:20+00:00\",\"dateModified\":\"2016-09-28T09:54:44+00:00\",\"description\":\"Dans un souci de qualit\u00e9 et de s\u00e9curit\u00e9, tous les produits techniques NORAIL sont conformes \u00e0 la r\u00e9glementation des produits de construction.\",\"breadcrumb\":{\"@id\":\"https:\/\/www.norail.fr\/atd\/informations-reglementaires\/#breadcrumb\"},\"inLanguage\":\"fr-FR\",\"potentialAction\":[{\"@type\":\"ReadAction\",\"target\":[\"https:\/\/www.norail.fr\/atd\/informations-reglementaires\/\"]}]},{\"@type\":\"BreadcrumbList\",\"@id\":\"https:\/\/www.norail.fr\/atd\/informations-reglementaires\/#breadcrumb\",\"itemListElement\":[{\"@type\":\"ListItem\",\"position\":1,\"name\":\"Accueil\",\"item\":\"https:\/\/www.norail.fr\/atd\/\"},{\"@type\":\"ListItem\",\"position\":2,\"name\":\"Informations r\u00e9glementaires\"}]},{\"@type\":\"WebSite\",\"@id\":\"https:\/\/www.norail.fr\/atd\/#website\",\"url\":\"https:\/\/www.norail.fr\/atd\/\",\"name\":\"Norail | Quincaillerie professionnelle\",\"description\":\"Au service des pros\",\"potentialAction\":[{\"@type\":\"SearchAction\",\"target\":{\"@type\":\"EntryPoint\",\"urlTemplate\":\"https:\/\/www.norail.fr\/atd\/?s={search_term_string}\"},\"query-input\":{\"@type\":\"PropertyValueSpecification\",\"valueRequired\":true,\"valueName\":\"search_term_string\"}}],\"inLanguage\":\"fr-FR\"}]}<\/script>\n<!-- \/ Yoast SEO plugin. -->","yoast_head_json":{"title":"Informations r\u00e9glementaires - Norail | Quincaillerie professionnelle","description":"Dans un souci de qualit\u00e9 et de s\u00e9curit\u00e9, tous les produits techniques NORAIL sont conformes \u00e0 la r\u00e9glementation des produits de construction.","robots":{"index":"index","follow":"follow","max-snippet":"max-snippet:-1","max-image-preview":"max-image-preview:large","max-video-preview":"max-video-preview:-1"},"canonical":"https:\/\/www.norail.fr\/atd\/informations-reglementaires\/","og_locale":"fr_FR","og_type":"article","og_title":"Informations r\u00e9glementaires - Norail | Quincaillerie professionnelle","og_description":"Dans un souci de qualit\u00e9 et de s\u00e9curit\u00e9, tous les produits techniques NORAIL sont conformes \u00e0 la r\u00e9glementation des produits de construction.","og_url":"https:\/\/www.norail.fr\/atd\/informations-reglementaires\/","og_site_name":"Norail | Quincaillerie professionnelle","article_modified_time":"2016-09-28T09:54:44+00:00","twitter_card":"summary_large_image","schema":{"@context":"https:\/\/schema.org","@graph":[{"@type":"WebPage","@id":"https:\/\/www.norail.fr\/atd\/informations-reglementaires\/","url":"https:\/\/www.norail.fr\/atd\/informations-reglementaires\/","name":"Informations r\u00e9glementaires - Norail | Quincaillerie professionnelle","isPartOf":{"@id":"https:\/\/www.norail.fr\/atd\/#website"},"datePublished":"2016-08-30T07:59:20+00:00","dateModified":"2016-09-28T09:54:44+00:00","description":"Dans un souci de qualit\u00e9 et de s\u00e9curit\u00e9, tous les produits techniques NORAIL sont conformes \u00e0 la r\u00e9glementation des produits de construction.","breadcrumb":{"@id":"https:\/\/www.norail.fr\/atd\/informations-reglementaires\/#breadcrumb"},"inLanguage":"fr-FR","potentialAction":[{"@type":"ReadAction","target":["https:\/\/www.norail.fr\/atd\/informations-reglementaires\/"]}]},{"@type":"BreadcrumbList","@id":"https:\/\/www.norail.fr\/atd\/informations-reglementaires\/#breadcrumb","itemListElement":[{"@type":"ListItem","position":1,"name":"Accueil","item":"https:\/\/www.norail.fr\/atd\/"},{"@type":"ListItem","position":2,"name":"Informations r\u00e9glementaires"}]},{"@type":"WebSite","@id":"https:\/\/www.norail.fr\/atd\/#website","url":"https:\/\/www.norail.fr\/atd\/","name":"Norail | Quincaillerie professionnelle","description":"Au service des pros","potentialAction":[{"@type":"SearchAction","target":{"@type":"EntryPoint","urlTemplate":"https:\/\/www.norail.fr\/atd\/?s={search_term_string}"},"query-input":{"@type":"PropertyValueSpecification","valueRequired":true,"valueName":"search_term_string"}}],"inLanguage":"fr-FR"}]}},"_links":{"self":[{"href":"https:\/\/www.norail.fr\/atd\/wp-json\/wp\/v2\/pages\/82","targetHints":{"allow":["GET"]}}],"collection":[{"href":"https:\/\/www.norail.fr\/atd\/wp-json\/wp\/v2\/pages"}],"about":[{"href":"https:\/\/www.norail.fr\/atd\/wp-json\/wp\/v2\/types\/page"}],"author":[{"embeddable":true,"href":"https:\/\/www.norail.fr\/atd\/wp-json\/wp\/v2\/users\/1"}],"replies":[{"embeddable":true,"href":"https:\/\/www.norail.fr\/atd\/wp-json\/wp\/v2\/comments?post=82"}],"version-history":[{"count":7,"href":"https:\/\/www.norail.fr\/atd\/wp-json\/wp\/v2\/pages\/82\/revisions"}],"predecessor-version":[{"id":341,"href":"https:\/\/www.norail.fr\/atd\/wp-json\/wp\/v2\/pages\/82\/revisions\/341"}],"wp:attachment":[{"href":"https:\/\/www.norail.fr\/atd\/wp-json\/wp\/v2\/media?parent=82"}],"curies":[{"name":"wp","href":"https:\/\/api.w.org\/{rel}","templated":true}]}}