
{"id":88,"date":"2016-08-30T10:07:40","date_gmt":"2016-08-30T08:07:40","guid":{"rendered":"http:\/\/www.norail.fr\/otd_new\/?page_id=88"},"modified":"2020-11-12T17:18:05","modified_gmt":"2020-11-12T16:18:05","slug":"salons-et-evenements","status":"publish","type":"page","link":"https:\/\/www.norail.fr\/atd\/salons-et-evenements\/","title":{"rendered":"Salons et \u00e9v\u00e8nements"},"content":{"rendered":"<div style=\"margin: 40px;\">\n<h2>La soci\u00e9t\u00e9 Norail est pr\u00e9sente sur de nombreux \u00e9v\u00e9nements.<\/h2>\n<h4>Venez nous rencontrer lors d\u2019un prochain salon :<\/h4>\n[table id=1 \/]\n<div class=\"su-button-center\"><a href=\"https:\/\/www.norail.fr\/atd\/contactez-nous\/\" class=\"su-button su-button-style-flat actusalonetevenement su-button-wide\" style=\"color:#ffffff;background-color:#51bd7d;border-color:#419864;border-radius:5px\" target=\"_self\"><span style=\"color:#ffffff;padding:6px 16px;font-size:13px;line-height:20px;border-color:#86d1a4;border-radius:5px;text-shadow:none\"><i class=\"sui sui-child\" style=\"font-size:13px;color:#ffffff\"><\/i> Vous souhaitez nous contacter, cliquez ici<\/span><\/a><\/div>\n<\/div>\n","protected":false},"excerpt":{"rendered":"<p>La soci\u00e9t\u00e9 Norail est pr\u00e9sente sur de nombreux \u00e9v\u00e9nements. Venez nous rencontrer lors d\u2019un prochain salon : table id=1 \/<\/p>\n","protected":false},"author":1,"featured_media":0,"parent":0,"menu_order":0,"comment_status":"closed","ping_status":"closed","template":"homepage.php","meta":{"footnotes":""},"class_list":["post-88","page","type-page","status-publish","hentry"],"yoast_head":"<!-- This site is optimized with the Yoast SEO plugin v27.1.1 - https:\/\/yoast.com\/product\/yoast-seo-wordpress\/ -->\n<title>Salons et \u00e9v\u00e8nements - Norail | Quincaillerie professionnelle<\/title>\n<meta name=\"description\" content=\"La soci\u00e9t\u00e9 Norail est pr\u00e9sente sur de nombreux \u00e9v\u00e9nements professionnels du b\u00e2timent. Venez nous rencontrer lors d\u2019un salon pour d\u00e9couvrir nos produits\" \/>\n<meta name=\"robots\" content=\"index, follow, max-snippet:-1, max-image-preview:large, max-video-preview:-1\" \/>\n<link rel=\"canonical\" href=\"https:\/\/www.norail.fr\/atd\/salons-et-evenements\/\" \/>\n<meta property=\"og:locale\" content=\"fr_FR\" \/>\n<meta property=\"og:type\" content=\"article\" \/>\n<meta property=\"og:title\" content=\"Salons et \u00e9v\u00e8nements - Norail | Quincaillerie professionnelle\" \/>\n<meta property=\"og:description\" content=\"La soci\u00e9t\u00e9 Norail est pr\u00e9sente sur de nombreux \u00e9v\u00e9nements professionnels du b\u00e2timent. Venez nous rencontrer lors d\u2019un salon pour d\u00e9couvrir nos produits\" \/>\n<meta property=\"og:url\" content=\"https:\/\/www.norail.fr\/atd\/salons-et-evenements\/\" \/>\n<meta property=\"og:site_name\" content=\"Norail | Quincaillerie professionnelle\" \/>\n<meta property=\"article:modified_time\" content=\"2020-11-12T16:18:05+00:00\" \/>\n<meta name=\"twitter:card\" content=\"summary_large_image\" \/>\n<script type=\"application\/ld+json\" class=\"yoast-schema-graph\">{\"@context\":\"https:\/\/schema.org\",\"@graph\":[{\"@type\":\"WebPage\",\"@id\":\"https:\/\/www.norail.fr\/atd\/salons-et-evenements\/\",\"url\":\"https:\/\/www.norail.fr\/atd\/salons-et-evenements\/\",\"name\":\"Salons et \u00e9v\u00e8nements - Norail | Quincaillerie professionnelle\",\"isPartOf\":{\"@id\":\"https:\/\/www.norail.fr\/atd\/#website\"},\"datePublished\":\"2016-08-30T08:07:40+00:00\",\"dateModified\":\"2020-11-12T16:18:05+00:00\",\"description\":\"La soci\u00e9t\u00e9 Norail est pr\u00e9sente sur de nombreux \u00e9v\u00e9nements professionnels du b\u00e2timent. Venez nous rencontrer lors d\u2019un salon pour d\u00e9couvrir nos produits\",\"breadcrumb\":{\"@id\":\"https:\/\/www.norail.fr\/atd\/salons-et-evenements\/#breadcrumb\"},\"inLanguage\":\"fr-FR\",\"potentialAction\":[{\"@type\":\"ReadAction\",\"target\":[\"https:\/\/www.norail.fr\/atd\/salons-et-evenements\/\"]}]},{\"@type\":\"BreadcrumbList\",\"@id\":\"https:\/\/www.norail.fr\/atd\/salons-et-evenements\/#breadcrumb\",\"itemListElement\":[{\"@type\":\"ListItem\",\"position\":1,\"name\":\"Accueil\",\"item\":\"https:\/\/www.norail.fr\/atd\/\"},{\"@type\":\"ListItem\",\"position\":2,\"name\":\"Salons et \u00e9v\u00e8nements\"}]},{\"@type\":\"WebSite\",\"@id\":\"https:\/\/www.norail.fr\/atd\/#website\",\"url\":\"https:\/\/www.norail.fr\/atd\/\",\"name\":\"Norail | Quincaillerie professionnelle\",\"description\":\"Au service des pros\",\"potentialAction\":[{\"@type\":\"SearchAction\",\"target\":{\"@type\":\"EntryPoint\",\"urlTemplate\":\"https:\/\/www.norail.fr\/atd\/?s={search_term_string}\"},\"query-input\":{\"@type\":\"PropertyValueSpecification\",\"valueRequired\":true,\"valueName\":\"search_term_string\"}}],\"inLanguage\":\"fr-FR\"}]}<\/script>\n<!-- \/ Yoast SEO plugin. -->","yoast_head_json":{"title":"Salons et \u00e9v\u00e8nements - Norail | Quincaillerie professionnelle","description":"La soci\u00e9t\u00e9 Norail est pr\u00e9sente sur de nombreux \u00e9v\u00e9nements professionnels du b\u00e2timent. Venez nous rencontrer lors d\u2019un salon pour d\u00e9couvrir nos produits","robots":{"index":"index","follow":"follow","max-snippet":"max-snippet:-1","max-image-preview":"max-image-preview:large","max-video-preview":"max-video-preview:-1"},"canonical":"https:\/\/www.norail.fr\/atd\/salons-et-evenements\/","og_locale":"fr_FR","og_type":"article","og_title":"Salons et \u00e9v\u00e8nements - Norail | Quincaillerie professionnelle","og_description":"La soci\u00e9t\u00e9 Norail est pr\u00e9sente sur de nombreux \u00e9v\u00e9nements professionnels du b\u00e2timent. Venez nous rencontrer lors d\u2019un salon pour d\u00e9couvrir nos produits","og_url":"https:\/\/www.norail.fr\/atd\/salons-et-evenements\/","og_site_name":"Norail | Quincaillerie professionnelle","article_modified_time":"2020-11-12T16:18:05+00:00","twitter_card":"summary_large_image","schema":{"@context":"https:\/\/schema.org","@graph":[{"@type":"WebPage","@id":"https:\/\/www.norail.fr\/atd\/salons-et-evenements\/","url":"https:\/\/www.norail.fr\/atd\/salons-et-evenements\/","name":"Salons et \u00e9v\u00e8nements - Norail | Quincaillerie professionnelle","isPartOf":{"@id":"https:\/\/www.norail.fr\/atd\/#website"},"datePublished":"2016-08-30T08:07:40+00:00","dateModified":"2020-11-12T16:18:05+00:00","description":"La soci\u00e9t\u00e9 Norail est pr\u00e9sente sur de nombreux \u00e9v\u00e9nements professionnels du b\u00e2timent. Venez nous rencontrer lors d\u2019un salon pour d\u00e9couvrir nos produits","breadcrumb":{"@id":"https:\/\/www.norail.fr\/atd\/salons-et-evenements\/#breadcrumb"},"inLanguage":"fr-FR","potentialAction":[{"@type":"ReadAction","target":["https:\/\/www.norail.fr\/atd\/salons-et-evenements\/"]}]},{"@type":"BreadcrumbList","@id":"https:\/\/www.norail.fr\/atd\/salons-et-evenements\/#breadcrumb","itemListElement":[{"@type":"ListItem","position":1,"name":"Accueil","item":"https:\/\/www.norail.fr\/atd\/"},{"@type":"ListItem","position":2,"name":"Salons et \u00e9v\u00e8nements"}]},{"@type":"WebSite","@id":"https:\/\/www.norail.fr\/atd\/#website","url":"https:\/\/www.norail.fr\/atd\/","name":"Norail | Quincaillerie professionnelle","description":"Au service des pros","potentialAction":[{"@type":"SearchAction","target":{"@type":"EntryPoint","urlTemplate":"https:\/\/www.norail.fr\/atd\/?s={search_term_string}"},"query-input":{"@type":"PropertyValueSpecification","valueRequired":true,"valueName":"search_term_string"}}],"inLanguage":"fr-FR"}]}},"_links":{"self":[{"href":"https:\/\/www.norail.fr\/atd\/wp-json\/wp\/v2\/pages\/88","targetHints":{"allow":["GET"]}}],"collection":[{"href":"https:\/\/www.norail.fr\/atd\/wp-json\/wp\/v2\/pages"}],"about":[{"href":"https:\/\/www.norail.fr\/atd\/wp-json\/wp\/v2\/types\/page"}],"author":[{"embeddable":true,"href":"https:\/\/www.norail.fr\/atd\/wp-json\/wp\/v2\/users\/1"}],"replies":[{"embeddable":true,"href":"https:\/\/www.norail.fr\/atd\/wp-json\/wp\/v2\/comments?post=88"}],"version-history":[{"count":13,"href":"https:\/\/www.norail.fr\/atd\/wp-json\/wp\/v2\/pages\/88\/revisions"}],"predecessor-version":[{"id":2997,"href":"https:\/\/www.norail.fr\/atd\/wp-json\/wp\/v2\/pages\/88\/revisions\/2997"}],"wp:attachment":[{"href":"https:\/\/www.norail.fr\/atd\/wp-json\/wp\/v2\/media?parent=88"}],"curies":[{"name":"wp","href":"https:\/\/api.w.org\/{rel}","templated":true}]}}