
{"id":90,"date":"2016-08-30T10:07:55","date_gmt":"2016-08-30T08:07:55","guid":{"rendered":"http:\/\/www.norail.fr\/otd_new\/?page_id=90"},"modified":"2020-11-12T17:26:23","modified_gmt":"2020-11-12T16:26:23","slug":"communique-de-presse","status":"publish","type":"page","link":"https:\/\/www.norail.fr\/atd\/communique-de-presse\/","title":{"rendered":"Communiqu\u00e9 de presse"},"content":{"rendered":"<div class=\"su-spacer\" style=\"height:10px\"><\/div>\n<div style=\"margin: 20px;\">\n<h2>Avril 2019 &#8211; Emmenez votre atelier sur chantier avec le coffret STARBLOCK\u00ae 1350 vis bois\/agglo<\/h2>\n<p>Ergonomique et polyvalent, le coffret de 14 \u00e9tuis de vis STARBLOCK\u00ae est capable de supporter les conditions les plus rudes et permet de transporter facilement un v\u00e9ritable arsenal compos\u00e9 de :<\/p>\n<p>1 350 vis de 15 tailles diff\u00e9rentes (du 3 x 16 mm jusqu\u2019au 6 x 200 mm) r\u00e9partis dans 14 \u00e9tuis, 1 porte embout de visseuse et 5 embouts.<br \/>\n<a href=\"https:\/\/www.norail.fr\/atd\/wp-content\/uploads\/2019\/04\/CP-Norail-CoffretStarBlock.pdf\" class=\"su-button su-button-style-flat actucommuniquedepressecoffretstarblock\" style=\"color:#FFFFFF;background-color:#0098d8;border-color:#007aad;border-radius:5px\" target=\"_blank\" rel=\"noopener noreferrer\"><span style=\"color:#FFFFFF;padding:6px 16px;font-size:13px;line-height:20px;border-color:#4db7e4;border-radius:5px;text-shadow:0px 0px 0px #ffffff\"><i class=\"sui sui-download\" style=\"font-size:13px;color:#FFFFFF\"><\/i> T\u00e9l\u00e9charger le communiqu\u00e9 de presse<\/span><\/a>\n<\/div>\n<div class=\"su-spacer\" style=\"height:10px\"><\/div>\n<div style=\"margin: 20px;\">\n<h2>Novembre 2018 &#8211; Nouveau packaging Starblock\u00ae FiX&#8217;BoX Terrasse<\/h2>\n<p>Innovation, la premi\u00e8re bo\u00eete de vis terrasse avec gabarit de pose int\u00e9gr\u00e9. Invention brevet\u00e9e, mod\u00e8le d\u00e9pos\u00e9.<br \/>\n<a href=\"https:\/\/www.norail.fr\/atd\/wp-content\/uploads\/2019\/03\/CP-Norail-StarBlock.pdf\" class=\"su-button su-button-style-flat actucommuniquedepressenouveaupackaging\" style=\"color:#FFFFFF;background-color:#0098d8;border-color:#007aad;border-radius:5px\" target=\"_blank\" rel=\"noopener noreferrer\"><span style=\"color:#FFFFFF;padding:6px 16px;font-size:13px;line-height:20px;border-color:#4db7e4;border-radius:5px;text-shadow:0px 0px 0px #ffffff\"><i class=\"sui sui-download\" style=\"font-size:13px;color:#FFFFFF\"><\/i> T\u00e9l\u00e9charger le communiqu\u00e9 de presse<\/span><\/a>\n<\/div>\n<p>&nbsp;<\/p>\n<div class=\"su-spacer\" style=\"height:10px\"><\/div>\n<div style=\"margin: 20px;\">\n<h2>Juin 2016 &#8211; Nouveau catalogue Visserie-Boulonnerie-Clouterie-Fixation<\/h2>\n<p>Norail scinde son catalogue g\u00e9n\u00e9ral en catalogues GAMMES<br \/>\n<a href=\"http:\/\/www.norail.fr\/marketing_norail\/doc_tel\/Communique_presse_nouveau_catalogue_norail_clouterie_visserie_boulonnerie.pdf\" class=\"su-button su-button-style-flat actucommuniquedepressenouveaucatalogue\" style=\"color:#FFFFFF;background-color:#0098d8;border-color:#007aad;border-radius:5px\" target=\"_blank\" rel=\"noopener noreferrer\"><span style=\"color:#FFFFFF;padding:6px 16px;font-size:13px;line-height:20px;border-color:#4db7e4;border-radius:5px;text-shadow:0px 0px 0px #ffffff\"><i class=\"sui sui-download\" style=\"font-size:13px;color:#FFFFFF\"><\/i> T\u00e9l\u00e9charger le communiqu\u00e9 de presse<\/span><\/a>\n<\/div>\n<p>&nbsp;<\/p>\n<div class=\"su-spacer\" style=\"height:40px\"><\/div>\n","protected":false},"excerpt":{"rendered":"<p>Avril 2019 &#8211; Emmenez votre atelier sur chantier avec le coffret STARBLOCK\u00ae 1350 vis bois\/agglo Ergonomique et polyvalent, le coffret de 14 \u00e9tuis de vis STARBLOCK\u00ae est capable de supporter les conditions les plus rudes et permet de transporter facilement un v\u00e9ritable arsenal compos\u00e9 de : 1 350 vis de 15 tailles diff\u00e9rentes (du 3 &hellip;<\/p>\n","protected":false},"author":1,"featured_media":0,"parent":0,"menu_order":0,"comment_status":"closed","ping_status":"closed","template":"homepage.php","meta":{"footnotes":""},"class_list":["post-90","page","type-page","status-publish","hentry"],"yoast_head":"<!-- This site is optimized with the Yoast SEO plugin v27.1.1 - https:\/\/yoast.com\/product\/yoast-seo-wordpress\/ -->\n<title>Communiqu\u00e9 de presse - Norail | Quincaillerie professionnelle<\/title>\n<meta name=\"description\" content=\"Consultez les communiqu\u00e9s de presse NORAIL : nouveaux produits, innovation, \u00e9largissement de gammes, nouveaux conditionnements, actualit\u00e9 de la soci\u00e9t\u00e9 ...\" \/>\n<meta name=\"robots\" content=\"index, follow, max-snippet:-1, max-image-preview:large, max-video-preview:-1\" \/>\n<link rel=\"canonical\" href=\"https:\/\/www.norail.fr\/atd\/communique-de-presse\/\" \/>\n<meta property=\"og:locale\" content=\"fr_FR\" \/>\n<meta property=\"og:type\" content=\"article\" \/>\n<meta property=\"og:title\" content=\"Communiqu\u00e9 de presse - Norail | Quincaillerie professionnelle\" \/>\n<meta property=\"og:description\" content=\"Consultez les communiqu\u00e9s de presse NORAIL : nouveaux produits, innovation, \u00e9largissement de gammes, nouveaux conditionnements, actualit\u00e9 de la soci\u00e9t\u00e9 ...\" \/>\n<meta property=\"og:url\" content=\"https:\/\/www.norail.fr\/atd\/communique-de-presse\/\" \/>\n<meta property=\"og:site_name\" content=\"Norail | Quincaillerie professionnelle\" \/>\n<meta property=\"article:modified_time\" content=\"2020-11-12T16:26:23+00:00\" \/>\n<meta name=\"twitter:card\" content=\"summary_large_image\" \/>\n<meta name=\"twitter:label1\" content=\"Dur\u00e9e de lecture estim\u00e9e\" \/>\n\t<meta name=\"twitter:data1\" content=\"1 minute\" \/>\n<script type=\"application\/ld+json\" class=\"yoast-schema-graph\">{\"@context\":\"https:\/\/schema.org\",\"@graph\":[{\"@type\":\"WebPage\",\"@id\":\"https:\/\/www.norail.fr\/atd\/communique-de-presse\/\",\"url\":\"https:\/\/www.norail.fr\/atd\/communique-de-presse\/\",\"name\":\"Communiqu\u00e9 de presse - Norail | Quincaillerie professionnelle\",\"isPartOf\":{\"@id\":\"https:\/\/www.norail.fr\/atd\/#website\"},\"datePublished\":\"2016-08-30T08:07:55+00:00\",\"dateModified\":\"2020-11-12T16:26:23+00:00\",\"description\":\"Consultez les communiqu\u00e9s de presse NORAIL : nouveaux produits, innovation, \u00e9largissement de gammes, nouveaux conditionnements, actualit\u00e9 de la soci\u00e9t\u00e9 ...\",\"breadcrumb\":{\"@id\":\"https:\/\/www.norail.fr\/atd\/communique-de-presse\/#breadcrumb\"},\"inLanguage\":\"fr-FR\",\"potentialAction\":[{\"@type\":\"ReadAction\",\"target\":[\"https:\/\/www.norail.fr\/atd\/communique-de-presse\/\"]}]},{\"@type\":\"BreadcrumbList\",\"@id\":\"https:\/\/www.norail.fr\/atd\/communique-de-presse\/#breadcrumb\",\"itemListElement\":[{\"@type\":\"ListItem\",\"position\":1,\"name\":\"Accueil\",\"item\":\"https:\/\/www.norail.fr\/atd\/\"},{\"@type\":\"ListItem\",\"position\":2,\"name\":\"Communiqu\u00e9 de presse\"}]},{\"@type\":\"WebSite\",\"@id\":\"https:\/\/www.norail.fr\/atd\/#website\",\"url\":\"https:\/\/www.norail.fr\/atd\/\",\"name\":\"Norail | Quincaillerie professionnelle\",\"description\":\"Au service des pros\",\"potentialAction\":[{\"@type\":\"SearchAction\",\"target\":{\"@type\":\"EntryPoint\",\"urlTemplate\":\"https:\/\/www.norail.fr\/atd\/?s={search_term_string}\"},\"query-input\":{\"@type\":\"PropertyValueSpecification\",\"valueRequired\":true,\"valueName\":\"search_term_string\"}}],\"inLanguage\":\"fr-FR\"}]}<\/script>\n<!-- \/ Yoast SEO plugin. -->","yoast_head_json":{"title":"Communiqu\u00e9 de presse - Norail | Quincaillerie professionnelle","description":"Consultez les communiqu\u00e9s de presse NORAIL : nouveaux produits, innovation, \u00e9largissement de gammes, nouveaux conditionnements, actualit\u00e9 de la soci\u00e9t\u00e9 ...","robots":{"index":"index","follow":"follow","max-snippet":"max-snippet:-1","max-image-preview":"max-image-preview:large","max-video-preview":"max-video-preview:-1"},"canonical":"https:\/\/www.norail.fr\/atd\/communique-de-presse\/","og_locale":"fr_FR","og_type":"article","og_title":"Communiqu\u00e9 de presse - Norail | Quincaillerie professionnelle","og_description":"Consultez les communiqu\u00e9s de presse NORAIL : nouveaux produits, innovation, \u00e9largissement de gammes, nouveaux conditionnements, actualit\u00e9 de la soci\u00e9t\u00e9 ...","og_url":"https:\/\/www.norail.fr\/atd\/communique-de-presse\/","og_site_name":"Norail | Quincaillerie professionnelle","article_modified_time":"2020-11-12T16:26:23+00:00","twitter_card":"summary_large_image","twitter_misc":{"Dur\u00e9e de lecture estim\u00e9e":"1 minute"},"schema":{"@context":"https:\/\/schema.org","@graph":[{"@type":"WebPage","@id":"https:\/\/www.norail.fr\/atd\/communique-de-presse\/","url":"https:\/\/www.norail.fr\/atd\/communique-de-presse\/","name":"Communiqu\u00e9 de presse - Norail | Quincaillerie professionnelle","isPartOf":{"@id":"https:\/\/www.norail.fr\/atd\/#website"},"datePublished":"2016-08-30T08:07:55+00:00","dateModified":"2020-11-12T16:26:23+00:00","description":"Consultez les communiqu\u00e9s de presse NORAIL : nouveaux produits, innovation, \u00e9largissement de gammes, nouveaux conditionnements, actualit\u00e9 de la soci\u00e9t\u00e9 ...","breadcrumb":{"@id":"https:\/\/www.norail.fr\/atd\/communique-de-presse\/#breadcrumb"},"inLanguage":"fr-FR","potentialAction":[{"@type":"ReadAction","target":["https:\/\/www.norail.fr\/atd\/communique-de-presse\/"]}]},{"@type":"BreadcrumbList","@id":"https:\/\/www.norail.fr\/atd\/communique-de-presse\/#breadcrumb","itemListElement":[{"@type":"ListItem","position":1,"name":"Accueil","item":"https:\/\/www.norail.fr\/atd\/"},{"@type":"ListItem","position":2,"name":"Communiqu\u00e9 de presse"}]},{"@type":"WebSite","@id":"https:\/\/www.norail.fr\/atd\/#website","url":"https:\/\/www.norail.fr\/atd\/","name":"Norail | Quincaillerie professionnelle","description":"Au service des pros","potentialAction":[{"@type":"SearchAction","target":{"@type":"EntryPoint","urlTemplate":"https:\/\/www.norail.fr\/atd\/?s={search_term_string}"},"query-input":{"@type":"PropertyValueSpecification","valueRequired":true,"valueName":"search_term_string"}}],"inLanguage":"fr-FR"}]}},"_links":{"self":[{"href":"https:\/\/www.norail.fr\/atd\/wp-json\/wp\/v2\/pages\/90","targetHints":{"allow":["GET"]}}],"collection":[{"href":"https:\/\/www.norail.fr\/atd\/wp-json\/wp\/v2\/pages"}],"about":[{"href":"https:\/\/www.norail.fr\/atd\/wp-json\/wp\/v2\/types\/page"}],"author":[{"embeddable":true,"href":"https:\/\/www.norail.fr\/atd\/wp-json\/wp\/v2\/users\/1"}],"replies":[{"embeddable":true,"href":"https:\/\/www.norail.fr\/atd\/wp-json\/wp\/v2\/comments?post=90"}],"version-history":[{"count":16,"href":"https:\/\/www.norail.fr\/atd\/wp-json\/wp\/v2\/pages\/90\/revisions"}],"predecessor-version":[{"id":3002,"href":"https:\/\/www.norail.fr\/atd\/wp-json\/wp\/v2\/pages\/90\/revisions\/3002"}],"wp:attachment":[{"href":"https:\/\/www.norail.fr\/atd\/wp-json\/wp\/v2\/media?parent=90"}],"curies":[{"name":"wp","href":"https:\/\/api.w.org\/{rel}","templated":true}]}}