
{"id":92,"date":"2016-08-30T10:08:07","date_gmt":"2016-08-30T08:08:07","guid":{"rendered":"http:\/\/www.norail.fr\/otd_new\/?page_id=92"},"modified":"2016-09-28T11:52:25","modified_gmt":"2016-09-28T09:52:25","slug":"dans-les-medias","status":"publish","type":"page","link":"https:\/\/www.norail.fr\/atd\/dans-les-medias\/","title":{"rendered":"Dans les m\u00e9dias"},"content":{"rendered":"<div class=\"su-spacer\" style=\"height:10px\"><\/div>\n<div style=\"margin: 20px;\">\n<h2>Retrouvez ici l&#8217;ensemble des articles de presse et reportages concernant Norail et ses produits<\/h2>\n<\/div>\n<div id=\"aq-template-wrapper-263\" class=\"aq-template-wrapper aq_row\"><div id=\"aq-block-263-1\" class=\"aq-block aq-block-aq_4_column_block aq_span3 aq-first clearfix\"><div id=\"aq-block-263-2\" class=\"aq-block aq-block-aq_ads_block aq_span12 aq-first clearfix\">\r\n\t\t\r\r\n\t\t\t\r\n            \r\r\n\t\t\t\r\n                    \r\r\n           \t\t<div class=\"body3 bgfix\"><a href=\"http:\/\/www.norail.fr\/atd\/pdf\/Negoce-0719-Trophee.pdf\" target=\"blank\"><img decoding=\"async\" src=\"http:\/\/www.norail.fr\/atd\/wp-content\/uploads\/2019\/07\/Negoce-0619-Concept-Terrasse.jpg\" alt=\"Magazine Negoce\"\/><\/a>\n<h4>NEGOCE, article de 07\/2019<\/h4>\n<p>Norail laur\u00e9at des Troph\u00e9es du n\u00e9goce 2019<\/p><\/div>\r\r\n\t\t\r\r\n\t\t \t<\/div><\/div><div id=\"aq-block-263-3\" class=\"aq-block aq-block-aq_4_column_block aq_span3  clearfix\"><div id=\"aq-block-263-4\" class=\"aq-block aq-block-aq_ads_block aq_span12 aq-first clearfix\">\r\n\t\t\r\r\n\t\t\t\r\n            \r\r\n\t\t\t\r\n                    \r\r\n           \t\t<div class=\"body3 bgfix\"><a href=\"http:\/\/www.norail.fr\/atd\/wp-content\/uploads\/2019\/06\/Negoce-0619-Concept-Terrasse.pdf\" target=\"blank\"><img decoding=\"async\" src=\"http:\/\/www.norail.fr\/atd\/wp-content\/uploads\/2019\/06\/Negoce-0619-Concept-Terrasse.jpg\" alt=\"Magazine Negoce\"\/><\/a>\n<h4>NEGOCE, article de 06\/2019<\/h4>\n<p>Norail s'\u00e9quipe d'un nouveau concept de packaging.<\/p><\/div>\r\r\n\t\t\r\r\n\t\t \t<\/div><\/div><div id=\"aq-block-263-5\" class=\"aq-block aq-block-aq_4_column_block aq_span3  clearfix\"><div id=\"aq-block-263-6\" class=\"aq-block aq-block-aq_ads_block aq_span12 aq-first clearfix\">\r\n\t\t\r\r\n\t\t\t\r\n            \r\r\n\t\t\t\r\n                    \r\r\n           \t\t<div class=\"body3 bgfix\"><a href=\"http:\/\/www.norail.fr\/atd\/wp-content\/uploads\/2019\/03\/article_web_batipresse_fev2019.pdf\" target=\"blank\"><img decoding=\"async\" src=\"http:\/\/www.norail.fr\/atd\/wp-content\/uploads\/2019\/03\/batipresse.jpg\" alt=\"Magazine BATIPRESSE\"\/><\/a>\n<h4>BATIPRESSE, article de 02\/2019<\/h4>\n<p>Nouveaux packaging int\u00e9grant un outil de pose \u00e0 la bo\u00eete de vis pour faciliter la fixation des lames de terrasse.<\/p><\/div>\r\r\n\t\t\r\r\n\t\t \t<\/div><\/div><div id=\"aq-block-263-7\" class=\"aq-block aq-block-aq_4_column_block aq_span3  clearfix\"><div id=\"aq-block-263-8\" class=\"aq-block aq-block-aq_ads_block aq_span12 aq-first clearfix\">\r\n\t\t\r\r\n\t\t\t\r\n            \r\r\n\t\t\t\r\n                    \r\r\n           \t\t<div class=\"body3 bgfix\"><a href=\"http:\/\/www.norail.fr\/marketing_norail\/doc_tel\/article_batirama_mars2016.pdf\" target=\"blank\"><img decoding=\"async\" src=\"http:\/\/norail.fr\/atd\/wp-content\/uploads\/2016\/09\/batirama-starblock.jpg\" alt=\"Magazine BATIRAMA\"\/><\/a>\n<h4>Magazine BATIRAMA, article de 03\/2016<\/h4>\n<p>Les vis Starblock ont plus d\u2019un tour dans leurs bo\u00eetes.<\/p><\/div>\r\r\n\t\t\r\r\n\t\t \t<\/div><\/div><div id=\"aq-block-263-9\" class=\"aq-block aq-block-aq_clear_block aq_span12 aq-first clearfix\"><div class=\"aq-block-clear aq-block-hr-single\" style=\"height:px;\"><\/div><\/div><div id=\"aq-block-263-10\" class=\"aq-block aq-block-aq_4_column_block aq_span3 aq-first clearfix\"><div id=\"aq-block-263-11\" class=\"aq-block aq-block-aq_ads_block aq_span12 aq-first clearfix\">\r\n\t\t\r\r\n\t\t\t\r\n            \r\r\n\t\t\t\r\n                    \r\r\n           \t\t<div class=\"body3 bgfix\"><a href=\"http:\/\/www.norail.fr\/marketing_norail\/doc_tel\/article_BBI_dec_2015.pdf\" target=\"blank\"><img decoding=\"async\" src=\"http:\/\/norail.fr\/atd\/wp-content\/uploads\/2016\/09\/starblock-bbi.jpg\" alt=\"Magazine BBI starblock\"\/><\/a>\n<h4>Magazine BBI (Bricolage B\u00e2timent Industrie), article du 12\/2015<\/h4>\n<p>Starblock lance son tirefond et sa vis b\u00e9ton.<\/p><\/div>\r\r\n\t\t\r\r\n\t\t \t<\/div><\/div><div id=\"aq-block-263-12\" class=\"aq-block aq-block-aq_4_column_block aq_span3  clearfix\"><div id=\"aq-block-263-13\" class=\"aq-block aq-block-aq_ads_block aq_span12 aq-first clearfix\">\r\n\t\t\r\r\n\t\t\t\r\n            \r\r\n\t\t\t\r\n                    \r\r\n           \t\t<div class=\"body3 bgfix\"><a href=\"http:\/\/www.norail.fr\/marketing_norail\/doc_tel\/Zone_outillage_Starblock_devoile_sa_gamme_de_visserie_2016_au_salon_batimat_nov2015.pdf\" target=\"blank\"><img decoding=\"async\" src=\"http:\/\/norail.fr\/atd\/wp-content\/uploads\/2016\/09\/zone-outillage-starblock.jpg\" alt=\"zone outillage norail\"\/><\/a>\n<h4>Magazine Zone-Outillage, article du 13\/11\/2015<\/h4>\n<p>Starblock d\u00e9voile sa nouvelle gamme de visserie 2016 au salon Batimat.<\/p><\/div>\r\r\n\t\t\r\r\n\t\t \t<\/div><\/div><div id=\"aq-block-263-14\" class=\"aq-block aq-block-aq_4_column_block aq_span3  clearfix\"><div id=\"aq-block-263-15\" class=\"aq-block aq-block-aq_ads_block aq_span12 aq-first clearfix\">\r\n\t\t\r\r\n\t\t\t\r\n            \r\r\n\t\t\t\r\n                    \r\r\n           \t\t<div class=\"body3 bgfix\"><a href=\"http:\/\/www.norail.fr\/marketing_norail\/doc_tel\/ARTISANS_DU_BOIS_mai_juin_2015.pdf\" target=\"blank\"><img decoding=\"async\" src=\"http:\/\/norail.fr\/atd\/wp-content\/uploads\/2016\/09\/artisan-du-bois-norail-1.jpg\" alt=\"artisan-du-bois-norail\"\/><\/a>\n<h4>Magazine Artisans du Bois, 06\/2015<\/h4>\n<p>Le merchandising pro selon Norail<\/p><\/div>\r\r\n\t\t\r\r\n\t\t \t<\/div><\/div><div id=\"aq-block-263-16\" class=\"aq-block aq-block-aq_4_column_block aq_span3  clearfix\"><div id=\"aq-block-263-17\" class=\"aq-block aq-block-aq_ads_block aq_span12 aq-first clearfix\">\r\n\t\t\r\r\n\t\t\t\r\n            \r\r\n\t\t\t\r\n                    \r\r\n           \t\t<div class=\"body3 bgfix\"><a href=\"http:\/\/www.norail.fr\/marketing_norail\/doc_tel\/Zone Outillage_Test_Coffret de vissage Starblock_juin 2015.pdf\" target=\"blank\"><img decoding=\"async\" src=\"http:\/\/norail.fr\/atd\/wp-content\/uploads\/2016\/09\/zone-outillage.jpg\" alt=\"zone outillage du coffret starblock\"\/><\/a>\n<h4>Magazine Zone-Outillage, article du 27\/05\/2015<\/h4>\n<p>Test du coffret de chantier STARBLOCK, test r\u00e9ussi !<\/p><\/div>\r\r\n\t\t\r\r\n\t\t \t<\/div><\/div><div id=\"aq-block-263-18\" class=\"aq-block aq-block-aq_clear_block aq_span12 aq-first clearfix\"><div class=\"aq-block-clear aq-block-hr-single\" style=\"height:px;\"><\/div><\/div><div id=\"aq-block-263-19\" class=\"aq-block aq-block-aq_4_column_block aq_span3 aq-first clearfix\"><div id=\"aq-block-263-20\" class=\"aq-block aq-block-aq_ads_block aq_span12 aq-first clearfix\">\r\n\t\t\r\r\n\t\t\t\r\n            \r\r\n\t\t\t\r\n                    \r\r\n           \t\t<div class=\"body3 bgfix\"><a href=\"http:\/\/www.norail.fr\/marketing_norail\/doc_tel\/La_lettre_du_negoce_mars2015.pdf\" target=\"blank\"><img decoding=\"async\" src=\"http:\/\/norail.fr\/atd\/wp-content\/uploads\/2016\/09\/la-lettre-du-negoce-norail.jpg\" alt=\"Lettre du n\u00e9goce - Norail\"\/><\/a>\n<h4>Lettre du n\u00e9goce, 03\/2015<\/h4>\n<p>Le merchandising pro selon Norail<\/p><\/div>\r\r\n\t\t\r\r\n\t\t \t<\/div><\/div><div id=\"aq-block-263-21\" class=\"aq-block aq-block-aq_4_column_block aq_span3  clearfix\"><div id=\"aq-block-263-22\" class=\"aq-block aq-block-aq_ads_block aq_span12 aq-first clearfix\">\r\n\t\t\r\r\n\t\t\t\r\n            \r\r\n\t\t\t\r\n                    \r\r\n           \t\t<div class=\"body3 bgfix\"><a href=\"http:\/\/www.norail.fr\/marketing_norail\/doc_tel\/BBI_Elargissement_gamme _Starblock_ mars 2015.pdf\" target=\"blank\"><img decoding=\"async\" src=\"http:\/\/norail.fr\/atd\/wp-content\/uploads\/2016\/09\/bbi-starblock.jpg\" alt=\"BBI - Gamme STARBLOCK\"\/><\/a>\n<h4>Magazine BBI (Bricolage B\u00e2timent Industrie), article du 03\/2015<\/h4>\n<p>Starblock \u00e9largit sa gamme.<\/p><\/div>\r\r\n\t\t\r\r\n\t\t \t<\/div><\/div><div id=\"aq-block-263-23\" class=\"aq-block aq-block-aq_4_column_block aq_span3  clearfix\"><\/div><div id=\"aq-block-263-24\" class=\"aq-block aq-block-aq_4_column_block aq_span3  clearfix\"><\/div><\/div>\n<div class=\"su-spacer\" style=\"height:40px\"><\/div>\n","protected":false},"excerpt":{"rendered":"<p>Retrouvez ici l&#8217;ensemble des articles de presse et reportages concernant Norail et ses produits<\/p>\n","protected":false},"author":1,"featured_media":0,"parent":0,"menu_order":0,"comment_status":"closed","ping_status":"closed","template":"homepage.php","meta":{"footnotes":""},"class_list":["post-92","page","type-page","status-publish","hentry"],"yoast_head":"<!-- This site is optimized with the Yoast SEO plugin v27.1.1 - https:\/\/yoast.com\/product\/yoast-seo-wordpress\/ -->\n<title>Dans les m\u00e9dias - Norail | Quincaillerie professionnelle<\/title>\n<meta name=\"description\" content=\"Consultez l\u2019ensemble des articles de presse et reportages concernant la soci\u00e9t\u00e9 Norail et ses produits : test de la vis Starblock, nouveau conditionnement ..\" \/>\n<meta name=\"robots\" content=\"index, follow, max-snippet:-1, max-image-preview:large, max-video-preview:-1\" \/>\n<link rel=\"canonical\" href=\"https:\/\/www.norail.fr\/atd\/dans-les-medias\/\" \/>\n<meta property=\"og:locale\" content=\"fr_FR\" \/>\n<meta property=\"og:type\" content=\"article\" \/>\n<meta property=\"og:title\" content=\"Dans les m\u00e9dias - Norail | Quincaillerie professionnelle\" \/>\n<meta property=\"og:description\" content=\"Consultez l\u2019ensemble des articles de presse et reportages concernant la soci\u00e9t\u00e9 Norail et ses produits : test de la vis Starblock, nouveau conditionnement ..\" \/>\n<meta property=\"og:url\" content=\"https:\/\/www.norail.fr\/atd\/dans-les-medias\/\" \/>\n<meta property=\"og:site_name\" content=\"Norail | Quincaillerie professionnelle\" \/>\n<meta property=\"article:modified_time\" content=\"2016-09-28T09:52:25+00:00\" \/>\n<meta name=\"twitter:card\" content=\"summary_large_image\" \/>\n<script type=\"application\/ld+json\" class=\"yoast-schema-graph\">{\"@context\":\"https:\/\/schema.org\",\"@graph\":[{\"@type\":\"WebPage\",\"@id\":\"https:\/\/www.norail.fr\/atd\/dans-les-medias\/\",\"url\":\"https:\/\/www.norail.fr\/atd\/dans-les-medias\/\",\"name\":\"Dans les m\u00e9dias - Norail | Quincaillerie professionnelle\",\"isPartOf\":{\"@id\":\"https:\/\/www.norail.fr\/atd\/#website\"},\"datePublished\":\"2016-08-30T08:08:07+00:00\",\"dateModified\":\"2016-09-28T09:52:25+00:00\",\"description\":\"Consultez l\u2019ensemble des articles de presse et reportages concernant la soci\u00e9t\u00e9 Norail et ses produits : test de la vis Starblock, nouveau conditionnement ..\",\"breadcrumb\":{\"@id\":\"https:\/\/www.norail.fr\/atd\/dans-les-medias\/#breadcrumb\"},\"inLanguage\":\"fr-FR\",\"potentialAction\":[{\"@type\":\"ReadAction\",\"target\":[\"https:\/\/www.norail.fr\/atd\/dans-les-medias\/\"]}]},{\"@type\":\"BreadcrumbList\",\"@id\":\"https:\/\/www.norail.fr\/atd\/dans-les-medias\/#breadcrumb\",\"itemListElement\":[{\"@type\":\"ListItem\",\"position\":1,\"name\":\"Accueil\",\"item\":\"https:\/\/www.norail.fr\/atd\/\"},{\"@type\":\"ListItem\",\"position\":2,\"name\":\"Dans les m\u00e9dias\"}]},{\"@type\":\"WebSite\",\"@id\":\"https:\/\/www.norail.fr\/atd\/#website\",\"url\":\"https:\/\/www.norail.fr\/atd\/\",\"name\":\"Norail | Quincaillerie professionnelle\",\"description\":\"Au service des pros\",\"potentialAction\":[{\"@type\":\"SearchAction\",\"target\":{\"@type\":\"EntryPoint\",\"urlTemplate\":\"https:\/\/www.norail.fr\/atd\/?s={search_term_string}\"},\"query-input\":{\"@type\":\"PropertyValueSpecification\",\"valueRequired\":true,\"valueName\":\"search_term_string\"}}],\"inLanguage\":\"fr-FR\"}]}<\/script>\n<!-- \/ Yoast SEO plugin. -->","yoast_head_json":{"title":"Dans les m\u00e9dias - Norail | Quincaillerie professionnelle","description":"Consultez l\u2019ensemble des articles de presse et reportages concernant la soci\u00e9t\u00e9 Norail et ses produits : test de la vis Starblock, nouveau conditionnement ..","robots":{"index":"index","follow":"follow","max-snippet":"max-snippet:-1","max-image-preview":"max-image-preview:large","max-video-preview":"max-video-preview:-1"},"canonical":"https:\/\/www.norail.fr\/atd\/dans-les-medias\/","og_locale":"fr_FR","og_type":"article","og_title":"Dans les m\u00e9dias - Norail | Quincaillerie professionnelle","og_description":"Consultez l\u2019ensemble des articles de presse et reportages concernant la soci\u00e9t\u00e9 Norail et ses produits : test de la vis Starblock, nouveau conditionnement ..","og_url":"https:\/\/www.norail.fr\/atd\/dans-les-medias\/","og_site_name":"Norail | Quincaillerie professionnelle","article_modified_time":"2016-09-28T09:52:25+00:00","twitter_card":"summary_large_image","schema":{"@context":"https:\/\/schema.org","@graph":[{"@type":"WebPage","@id":"https:\/\/www.norail.fr\/atd\/dans-les-medias\/","url":"https:\/\/www.norail.fr\/atd\/dans-les-medias\/","name":"Dans les m\u00e9dias - Norail | Quincaillerie professionnelle","isPartOf":{"@id":"https:\/\/www.norail.fr\/atd\/#website"},"datePublished":"2016-08-30T08:08:07+00:00","dateModified":"2016-09-28T09:52:25+00:00","description":"Consultez l\u2019ensemble des articles de presse et reportages concernant la soci\u00e9t\u00e9 Norail et ses produits : test de la vis Starblock, nouveau conditionnement ..","breadcrumb":{"@id":"https:\/\/www.norail.fr\/atd\/dans-les-medias\/#breadcrumb"},"inLanguage":"fr-FR","potentialAction":[{"@type":"ReadAction","target":["https:\/\/www.norail.fr\/atd\/dans-les-medias\/"]}]},{"@type":"BreadcrumbList","@id":"https:\/\/www.norail.fr\/atd\/dans-les-medias\/#breadcrumb","itemListElement":[{"@type":"ListItem","position":1,"name":"Accueil","item":"https:\/\/www.norail.fr\/atd\/"},{"@type":"ListItem","position":2,"name":"Dans les m\u00e9dias"}]},{"@type":"WebSite","@id":"https:\/\/www.norail.fr\/atd\/#website","url":"https:\/\/www.norail.fr\/atd\/","name":"Norail | Quincaillerie professionnelle","description":"Au service des pros","potentialAction":[{"@type":"SearchAction","target":{"@type":"EntryPoint","urlTemplate":"https:\/\/www.norail.fr\/atd\/?s={search_term_string}"},"query-input":{"@type":"PropertyValueSpecification","valueRequired":true,"valueName":"search_term_string"}}],"inLanguage":"fr-FR"}]}},"_links":{"self":[{"href":"https:\/\/www.norail.fr\/atd\/wp-json\/wp\/v2\/pages\/92","targetHints":{"allow":["GET"]}}],"collection":[{"href":"https:\/\/www.norail.fr\/atd\/wp-json\/wp\/v2\/pages"}],"about":[{"href":"https:\/\/www.norail.fr\/atd\/wp-json\/wp\/v2\/types\/page"}],"author":[{"embeddable":true,"href":"https:\/\/www.norail.fr\/atd\/wp-json\/wp\/v2\/users\/1"}],"replies":[{"embeddable":true,"href":"https:\/\/www.norail.fr\/atd\/wp-json\/wp\/v2\/comments?post=92"}],"version-history":[{"count":6,"href":"https:\/\/www.norail.fr\/atd\/wp-json\/wp\/v2\/pages\/92\/revisions"}],"predecessor-version":[{"id":340,"href":"https:\/\/www.norail.fr\/atd\/wp-json\/wp\/v2\/pages\/92\/revisions\/340"}],"wp:attachment":[{"href":"https:\/\/www.norail.fr\/atd\/wp-json\/wp\/v2\/media?parent=92"}],"curies":[{"name":"wp","href":"https:\/\/api.w.org\/{rel}","templated":true}]}}