
{"id":96,"date":"2016-08-30T10:08:44","date_gmt":"2016-08-30T08:08:44","guid":{"rendered":"http:\/\/www.norail.fr\/otd_new\/?page_id=96"},"modified":"2026-03-12T10:26:55","modified_gmt":"2026-03-12T09:26:55","slug":"ou-trouver-nos-produits","status":"publish","type":"page","link":"https:\/\/www.norail.fr\/atd\/ou-trouver-nos-produits\/","title":{"rendered":"O\u00f9 trouver nos produits"},"content":{"rendered":"<div id=\"aq-template-wrapper-211\" class=\"aq-template-wrapper aq_row\"><div id=\"aq-block-211-1\" class=\"aq-block aq-block-aq_3_column_block aq_span4 aq-first clearfix\"><div id=\"aq-block-211-2\" class=\"aq-block aq-block-aq_ads_block aq_span12 aq-first clearfix\">\r\n\t\t\r\r\n\t\t\t\r\n            \r\r\n\t\t\t\r\n            \r\r\n                <a class=\"item\" href=\"\">\r\r\n                \r\r\n                        <img decoding=\"async\" class=\"grayscale grayscale-fade\" src=\"http:\/\/norail.fr\/atd\/wp-content\/uploads\/2016\/09\/merch.png\" alt=\"Visit Sponsor\" \/>\r\r\n                \r\r\n                <\/a>\r\r\n                        \r\r\n\t\t\t<\/div><\/div><div id=\"aq-block-211-3\" class=\"aq-block aq-block-aq_2_3_column_block aq_span8  clearfix\"><div id=\"aq-block-211-4\" class=\"aq-block aq-block-aq_ads_block aq_span12 aq-first clearfix\">\r\n\t\t\r\r\n\t\t\t\r\n            \r\r\n\t\t\t\r\n                    \r\r\n           \t\t<div class=\"body3 bgfix\"><h2>Vous souhaitez retrouver en magasin les produits Norail ?<\/h2>\n<h3>Pr\u00e9cisez votre code postal, vous recevrez la liste des points de vente les plus proches de chez vous.<\/h3>\n\n<div class=\"wpcf7 no-js\" id=\"wpcf7-f210-o1\" lang=\"fr-FR\" dir=\"ltr\" data-wpcf7-id=\"210\">\n<div class=\"screen-reader-response\"><p role=\"status\" aria-live=\"polite\" aria-atomic=\"true\"><\/p> <ul><\/ul><\/div>\n<form action=\"\/atd\/wp-json\/wp\/v2\/pages\/96#wpcf7-f210-o1\" method=\"post\" class=\"wpcf7-form init\" aria-label=\"Formulaire de contact\" novalidate=\"novalidate\" data-status=\"init\">\n<fieldset class=\"hidden-fields-container\"><input type=\"hidden\" name=\"_wpcf7\" value=\"210\" \/><input type=\"hidden\" name=\"_wpcf7_version\" value=\"6.1.5\" \/><input type=\"hidden\" name=\"_wpcf7_locale\" value=\"fr_FR\" \/><input type=\"hidden\" name=\"_wpcf7_unit_tag\" value=\"wpcf7-f210-o1\" \/><input type=\"hidden\" name=\"_wpcf7_container_post\" value=\"0\" \/><input type=\"hidden\" name=\"_wpcf7_posted_data_hash\" value=\"\" \/><input type=\"hidden\" name=\"_wpcf7_recaptcha_response\" value=\"\" \/>\n<\/fieldset>\n<div class=\"wpcf7-turnstile cf-turnstile\" data-sitekey=\"0x4AAAAAACpxH1HwibgnMSXw\" data-response-field-name=\"_wpcf7_turnstile_response\"><\/div>\n\n<p>[honeypot champ-187]<label> Vos informations personnelles<br \/>\n<span class=\"wpcf7-form-control-wrap\" data-name=\"your-name\"><input size=\"40\" maxlength=\"400\" class=\"wpcf7-form-control wpcf7-text wpcf7-validates-as-required\" aria-required=\"true\" aria-invalid=\"false\" placeholder=\"Votre nom*\" value=\"\" type=\"text\" name=\"your-name\" \/><\/span> <\/label>\n<\/p>\n<p><label><span class=\"wpcf7-form-control-wrap\" data-name=\"your-email\"><input size=\"40\" maxlength=\"400\" class=\"wpcf7-form-control wpcf7-email wpcf7-validates-as-required wpcf7-text wpcf7-validates-as-email\" aria-required=\"true\" aria-invalid=\"false\" placeholder=\"Votre adresse email*\" value=\"\" type=\"email\" name=\"your-email\" \/><\/span> <\/label>\n<\/p>\n<p><label><span class=\"wpcf7-form-control-wrap\" data-name=\"your-codepost\"><input size=\"40\" maxlength=\"400\" class=\"wpcf7-form-control wpcf7-text wpcf7-validates-as-required\" aria-required=\"true\" aria-invalid=\"false\" placeholder=\"Votre code postal*\" value=\"\" type=\"text\" name=\"your-codepost\" \/><\/span> <\/label>\n<\/p>\n<p><label> Type de produits recherch\u00e9s :<br \/>\n<span class=\"wpcf7-form-control-wrap\" data-name=\"your-product\"><textarea cols=\"40\" rows=\"10\" maxlength=\"2000\" class=\"wpcf7-form-control wpcf7-textarea\" aria-invalid=\"false\" placeholder=\"Veuillez lister les produits que vous recherchez\" name=\"your-product\"><\/textarea><\/span> <\/label>\n<\/p>\n\n<p><input class=\"wpcf7-form-control wpcf7-submit has-spinner\" type=\"submit\" value=\"Envoyer\" \/>\n<\/p><input type='hidden' class='wpcf7-pum' value='{\"closepopup\":false,\"closedelay\":0,\"openpopup\":false,\"openpopup_id\":0}' \/><div class=\"wpcf7-response-output\" aria-hidden=\"true\"><\/div>\n<\/form>\n<\/div>\n\n\n<p class=\"text-reglement\">Conform\u00e9ment aux articles 39 et suivants de la loi n\u00b0 78-17 du 6 janvier 1978 modifi\u00e9e en 2004 relative \u00e0 l\u2019informatique, aux fichiers et aux libert\u00e9s, toute personne peut obtenir communication et, le cas \u00e9ch\u00e9ant, rectification ou suppression des informations la concernant. Pour en savoir plus, consultez notre politique de confidentialit\u00e9.\n<\/p><\/div>\r\r\n\t\t\r\r\n\t\t \t<\/div><\/div><\/div>\n","protected":false},"excerpt":{"rendered":"","protected":false},"author":1,"featured_media":0,"parent":0,"menu_order":0,"comment_status":"closed","ping_status":"closed","template":"homepage.php","meta":{"footnotes":""},"class_list":["post-96","page","type-page","status-publish","hentry"],"yoast_head":"<!-- This site is optimized with the Yoast SEO plugin v27.1.1 - https:\/\/yoast.com\/product\/yoast-seo-wordpress\/ -->\n<title>O\u00f9 trouver nos produits - Norail | Quincaillerie professionnelle<\/title>\n<meta name=\"description\" content=\"Vous souhaitez retrouver les produits Norail en magasin ? Pr\u00e9cisez votre code postal, vous recevrez la liste des points de vente les plus proches.\" \/>\n<meta name=\"robots\" content=\"index, follow, max-snippet:-1, max-image-preview:large, max-video-preview:-1\" \/>\n<link rel=\"canonical\" href=\"https:\/\/www.norail.fr\/atd\/ou-trouver-nos-produits\/\" \/>\n<meta property=\"og:locale\" content=\"fr_FR\" \/>\n<meta property=\"og:type\" content=\"article\" \/>\n<meta property=\"og:title\" content=\"O\u00f9 trouver nos produits - Norail | Quincaillerie professionnelle\" \/>\n<meta property=\"og:description\" content=\"Vous souhaitez retrouver les produits Norail en magasin ? Pr\u00e9cisez votre code postal, vous recevrez la liste des points de vente les plus proches.\" \/>\n<meta property=\"og:url\" content=\"https:\/\/www.norail.fr\/atd\/ou-trouver-nos-produits\/\" \/>\n<meta property=\"og:site_name\" content=\"Norail | Quincaillerie professionnelle\" \/>\n<meta property=\"article:modified_time\" content=\"2026-03-12T09:26:55+00:00\" \/>\n<meta name=\"twitter:card\" content=\"summary_large_image\" \/>\n<script type=\"application\/ld+json\" class=\"yoast-schema-graph\">{\"@context\":\"https:\/\/schema.org\",\"@graph\":[{\"@type\":\"WebPage\",\"@id\":\"https:\/\/www.norail.fr\/atd\/ou-trouver-nos-produits\/\",\"url\":\"https:\/\/www.norail.fr\/atd\/ou-trouver-nos-produits\/\",\"name\":\"O\u00f9 trouver nos produits - Norail | Quincaillerie professionnelle\",\"isPartOf\":{\"@id\":\"https:\/\/www.norail.fr\/atd\/#website\"},\"datePublished\":\"2016-08-30T08:08:44+00:00\",\"dateModified\":\"2026-03-12T09:26:55+00:00\",\"description\":\"Vous souhaitez retrouver les produits Norail en magasin ? Pr\u00e9cisez votre code postal, vous recevrez la liste des points de vente les plus proches.\",\"breadcrumb\":{\"@id\":\"https:\/\/www.norail.fr\/atd\/ou-trouver-nos-produits\/#breadcrumb\"},\"inLanguage\":\"fr-FR\",\"potentialAction\":[{\"@type\":\"ReadAction\",\"target\":[\"https:\/\/www.norail.fr\/atd\/ou-trouver-nos-produits\/\"]}]},{\"@type\":\"BreadcrumbList\",\"@id\":\"https:\/\/www.norail.fr\/atd\/ou-trouver-nos-produits\/#breadcrumb\",\"itemListElement\":[{\"@type\":\"ListItem\",\"position\":1,\"name\":\"Accueil\",\"item\":\"https:\/\/www.norail.fr\/atd\/\"},{\"@type\":\"ListItem\",\"position\":2,\"name\":\"O\u00f9 trouver nos produits\"}]},{\"@type\":\"WebSite\",\"@id\":\"https:\/\/www.norail.fr\/atd\/#website\",\"url\":\"https:\/\/www.norail.fr\/atd\/\",\"name\":\"Norail | Quincaillerie professionnelle\",\"description\":\"Au service des pros\",\"potentialAction\":[{\"@type\":\"SearchAction\",\"target\":{\"@type\":\"EntryPoint\",\"urlTemplate\":\"https:\/\/www.norail.fr\/atd\/?s={search_term_string}\"},\"query-input\":{\"@type\":\"PropertyValueSpecification\",\"valueRequired\":true,\"valueName\":\"search_term_string\"}}],\"inLanguage\":\"fr-FR\"}]}<\/script>\n<!-- \/ Yoast SEO plugin. -->","yoast_head_json":{"title":"O\u00f9 trouver nos produits - Norail | Quincaillerie professionnelle","description":"Vous souhaitez retrouver les produits Norail en magasin ? Pr\u00e9cisez votre code postal, vous recevrez la liste des points de vente les plus proches.","robots":{"index":"index","follow":"follow","max-snippet":"max-snippet:-1","max-image-preview":"max-image-preview:large","max-video-preview":"max-video-preview:-1"},"canonical":"https:\/\/www.norail.fr\/atd\/ou-trouver-nos-produits\/","og_locale":"fr_FR","og_type":"article","og_title":"O\u00f9 trouver nos produits - Norail | Quincaillerie professionnelle","og_description":"Vous souhaitez retrouver les produits Norail en magasin ? Pr\u00e9cisez votre code postal, vous recevrez la liste des points de vente les plus proches.","og_url":"https:\/\/www.norail.fr\/atd\/ou-trouver-nos-produits\/","og_site_name":"Norail | Quincaillerie professionnelle","article_modified_time":"2026-03-12T09:26:55+00:00","twitter_card":"summary_large_image","schema":{"@context":"https:\/\/schema.org","@graph":[{"@type":"WebPage","@id":"https:\/\/www.norail.fr\/atd\/ou-trouver-nos-produits\/","url":"https:\/\/www.norail.fr\/atd\/ou-trouver-nos-produits\/","name":"O\u00f9 trouver nos produits - Norail | Quincaillerie professionnelle","isPartOf":{"@id":"https:\/\/www.norail.fr\/atd\/#website"},"datePublished":"2016-08-30T08:08:44+00:00","dateModified":"2026-03-12T09:26:55+00:00","description":"Vous souhaitez retrouver les produits Norail en magasin ? Pr\u00e9cisez votre code postal, vous recevrez la liste des points de vente les plus proches.","breadcrumb":{"@id":"https:\/\/www.norail.fr\/atd\/ou-trouver-nos-produits\/#breadcrumb"},"inLanguage":"fr-FR","potentialAction":[{"@type":"ReadAction","target":["https:\/\/www.norail.fr\/atd\/ou-trouver-nos-produits\/"]}]},{"@type":"BreadcrumbList","@id":"https:\/\/www.norail.fr\/atd\/ou-trouver-nos-produits\/#breadcrumb","itemListElement":[{"@type":"ListItem","position":1,"name":"Accueil","item":"https:\/\/www.norail.fr\/atd\/"},{"@type":"ListItem","position":2,"name":"O\u00f9 trouver nos produits"}]},{"@type":"WebSite","@id":"https:\/\/www.norail.fr\/atd\/#website","url":"https:\/\/www.norail.fr\/atd\/","name":"Norail | Quincaillerie professionnelle","description":"Au service des pros","potentialAction":[{"@type":"SearchAction","target":{"@type":"EntryPoint","urlTemplate":"https:\/\/www.norail.fr\/atd\/?s={search_term_string}"},"query-input":{"@type":"PropertyValueSpecification","valueRequired":true,"valueName":"search_term_string"}}],"inLanguage":"fr-FR"}]}},"_links":{"self":[{"href":"https:\/\/www.norail.fr\/atd\/wp-json\/wp\/v2\/pages\/96","targetHints":{"allow":["GET"]}}],"collection":[{"href":"https:\/\/www.norail.fr\/atd\/wp-json\/wp\/v2\/pages"}],"about":[{"href":"https:\/\/www.norail.fr\/atd\/wp-json\/wp\/v2\/types\/page"}],"author":[{"embeddable":true,"href":"https:\/\/www.norail.fr\/atd\/wp-json\/wp\/v2\/users\/1"}],"replies":[{"embeddable":true,"href":"https:\/\/www.norail.fr\/atd\/wp-json\/wp\/v2\/comments?post=96"}],"version-history":[{"count":4,"href":"https:\/\/www.norail.fr\/atd\/wp-json\/wp\/v2\/pages\/96\/revisions"}],"predecessor-version":[{"id":10610,"href":"https:\/\/www.norail.fr\/atd\/wp-json\/wp\/v2\/pages\/96\/revisions\/10610"}],"wp:attachment":[{"href":"https:\/\/www.norail.fr\/atd\/wp-json\/wp\/v2\/media?parent=96"}],"curies":[{"name":"wp","href":"https:\/\/api.w.org\/{rel}","templated":true}]}}