
{"id":98,"date":"2016-08-30T10:09:00","date_gmt":"2016-08-30T08:09:00","guid":{"rendered":"http:\/\/www.norail.fr\/otd_new\/?page_id=98"},"modified":"2025-03-27T09:40:28","modified_gmt":"2025-03-27T08:40:28","slug":"recrutement","status":"publish","type":"page","link":"https:\/\/www.norail.fr\/atd\/recrutement\/","title":{"rendered":"Recrutement"},"content":{"rendered":"<div id=\"aq-template-wrapper-213\" class=\"aq-template-wrapper aq_row\"><div id=\"aq-block-213-1\" class=\"aq-block aq-block-aq_3_column_block aq_span4 aq-first clearfix\"><div id=\"aq-block-213-2\" class=\"aq-block aq-block-aq_text_block aq_span12 aq-first clearfix\">\r\n        <div class=\"widgetwrap widgetwrap-alt text-boxed\">\r\r\n        \r\r\n        <div class=\"block_bg\"  style=\"background-color:#fff;\"><\/div>\r\r\n        \r\r\n        <div class=\"container builder woocommerce\"  style=\"padding:15px 0;\">\r\r\n        \r\r\n\t\t\t\r\n                   \r\r\n            <h2>Nos Offres d'emploi<\/h2>\n\n\n\r\n            \r\r\n      \t<\/div>      \r\r\n\r\r\n      <\/div>\r\r\n      <\/div><\/div><div id=\"aq-block-213-3\" class=\"aq-block aq-block-aq_2_3_column_block aq_span8  clearfix\"><div id=\"aq-block-213-4\" class=\"aq-block aq-block-aq_ads_block aq_span12 aq-first clearfix\">\r\n\t\t\r\r\n\t\t\t\r\n            \r\r\n\t\t\t\r\n                    \r\r\n           \t\t<div class=\"body3 bgfix\"><h2 id=\"formulaire\">Candidature spontan\u00e9e<\/h2>\n\n<div class=\"wpcf7 no-js\" id=\"wpcf7-f215-o1\" lang=\"fr-FR\" dir=\"ltr\" data-wpcf7-id=\"215\">\n<div class=\"screen-reader-response\"><p role=\"status\" aria-live=\"polite\" aria-atomic=\"true\"><\/p> <ul><\/ul><\/div>\n<form action=\"\/atd\/wp-json\/wp\/v2\/pages\/98#wpcf7-f215-o1\" method=\"post\" class=\"wpcf7-form init\" aria-label=\"Formulaire de contact\" enctype=\"multipart\/form-data\" novalidate=\"novalidate\" data-status=\"init\">\n<fieldset class=\"hidden-fields-container\"><input type=\"hidden\" name=\"_wpcf7\" value=\"215\" \/><input type=\"hidden\" name=\"_wpcf7_version\" value=\"6.1.5\" \/><input type=\"hidden\" name=\"_wpcf7_locale\" value=\"fr_FR\" \/><input type=\"hidden\" name=\"_wpcf7_unit_tag\" value=\"wpcf7-f215-o1\" \/><input type=\"hidden\" name=\"_wpcf7_container_post\" value=\"0\" \/><input type=\"hidden\" name=\"_wpcf7_posted_data_hash\" value=\"\" \/><input type=\"hidden\" name=\"_wpcf7_recaptcha_response\" value=\"\" \/>\n<\/fieldset>\n<div class=\"wpcf7-turnstile cf-turnstile\" data-sitekey=\"0x4AAAAAACpxH1HwibgnMSXw\" data-response-field-name=\"_wpcf7_turnstile_response\"><\/div>\n\n<p><label> Vos informations personnelles<br \/>\n<span class=\"wpcf7-form-control-wrap\" data-name=\"your-name\"><input size=\"40\" maxlength=\"400\" class=\"wpcf7-form-control wpcf7-text wpcf7-validates-as-required\" aria-required=\"true\" aria-invalid=\"false\" placeholder=\"Votre nom (obligatoire)\" value=\"\" type=\"text\" name=\"your-name\" \/><\/span> <\/label>\n<\/p>\n<p><label><span class=\"wpcf7-form-control-wrap\" data-name=\"your-email\"><input size=\"40\" maxlength=\"400\" class=\"wpcf7-form-control wpcf7-email wpcf7-validates-as-required wpcf7-text wpcf7-validates-as-email\" aria-required=\"true\" aria-invalid=\"false\" placeholder=\"Votre e-mail (obligatoire)\" value=\"\" type=\"email\" name=\"your-email\" \/><\/span> <\/label>\n<\/p>\n<p><label><span class=\"wpcf7-form-control-wrap\" data-name=\"your-tel\"><input size=\"40\" maxlength=\"400\" class=\"wpcf7-form-control wpcf7-tel wpcf7-text wpcf7-validates-as-tel\" aria-invalid=\"false\" placeholder=\"Votre num\u00e9ro de t\u00e9l\u00e9phone\" value=\"\" type=\"tel\" name=\"your-tel\" \/><\/span> <\/label>\n<\/p>\n<p><label><span class=\"wpcf7-form-control-wrap\" data-name=\"your-profil\"><input size=\"40\" maxlength=\"400\" class=\"wpcf7-form-control wpcf7-text\" aria-invalid=\"false\" placeholder=\"Intitul\u00e9 du profil\" value=\"\" type=\"text\" name=\"your-profil\" \/><\/span> <\/label>\n<\/p>\n<p><label> Votre message<br \/>\n<span class=\"wpcf7-form-control-wrap\" data-name=\"your-message\"><textarea cols=\"40\" rows=\"10\" maxlength=\"2000\" class=\"wpcf7-form-control wpcf7-textarea\" aria-invalid=\"false\" name=\"your-message\"><\/textarea><\/span> <\/label>\n<\/p>\n<p><label> Votre lettre de motivation<br \/>\n<span class=\"wpcf7-form-control-wrap\" data-name=\"lettre-motivation\"><input size=\"40\" class=\"wpcf7-form-control wpcf7-file\" accept=\".pdf,.docx\" aria-invalid=\"false\" type=\"file\" name=\"lettre-motivation\" \/><\/span> <\/label>\n<\/p>\n<p><label> Votre CV<br \/>\n<span class=\"wpcf7-form-control-wrap\" data-name=\"cv\"><input size=\"40\" class=\"wpcf7-form-control wpcf7-file\" accept=\".pdf,.docx\" aria-invalid=\"false\" type=\"file\" name=\"cv\" \/><\/span> <\/label>\n<\/p>\n\n<p><input class=\"wpcf7-form-control wpcf7-submit has-spinner\" type=\"submit\" value=\"Envoyer\" \/>\n<\/p><input type='hidden' class='wpcf7-pum' value='{\"closepopup\":false,\"closedelay\":0,\"openpopup\":false,\"openpopup_id\":0}' \/><div class=\"wpcf7-response-output\" aria-hidden=\"true\"><\/div>\n<\/form>\n<\/div>\n\n\n<p class=\"text-reglement\">Conform\u00e9ment aux articles 39 et suivants de la loi n\u00b0 78-17 du 6 janvier 1978 modifi\u00e9e en 2004 relative \u00e0 l\u2019informatique, aux fichiers et aux libert\u00e9s, toute personne peut obtenir communication et, le cas \u00e9ch\u00e9ant, rectification ou suppression des informations la concernant. Pour en savoir plus, consultez notre politique de confidentialit\u00e9.\n<\/p><\/div>\r\r\n\t\t\r\r\n\t\t \t<\/div><\/div><\/div>\n","protected":false},"excerpt":{"rendered":"","protected":false},"author":1,"featured_media":0,"parent":0,"menu_order":0,"comment_status":"closed","ping_status":"closed","template":"homepage.php","meta":{"footnotes":""},"class_list":["post-98","page","type-page","status-publish","hentry"],"yoast_head":"<!-- This site is optimized with the Yoast SEO plugin v27.1.1 - https:\/\/yoast.com\/product\/yoast-seo-wordpress\/ -->\n<title>Recrutement - Norail | Quincaillerie professionnelle<\/title>\n<meta name=\"description\" content=\"Vous souhaitez int\u00e9grer une soci\u00e9t\u00e9 dynamique, experte sur le march\u00e9 de la quincaillerie professionnelle ? Envoyez-nous votre candidature\" \/>\n<meta name=\"robots\" content=\"index, follow, max-snippet:-1, max-image-preview:large, max-video-preview:-1\" \/>\n<link rel=\"canonical\" href=\"https:\/\/www.norail.fr\/atd\/recrutement\/\" \/>\n<meta property=\"og:locale\" content=\"fr_FR\" \/>\n<meta property=\"og:type\" content=\"article\" \/>\n<meta property=\"og:title\" content=\"Recrutement - Norail | Quincaillerie professionnelle\" \/>\n<meta property=\"og:description\" content=\"Vous souhaitez int\u00e9grer une soci\u00e9t\u00e9 dynamique, experte sur le march\u00e9 de la quincaillerie professionnelle ? Envoyez-nous votre candidature\" \/>\n<meta property=\"og:url\" content=\"https:\/\/www.norail.fr\/atd\/recrutement\/\" \/>\n<meta property=\"og:site_name\" content=\"Norail | Quincaillerie professionnelle\" \/>\n<meta property=\"article:modified_time\" content=\"2025-03-27T08:40:28+00:00\" \/>\n<meta name=\"twitter:card\" content=\"summary_large_image\" \/>\n<script type=\"application\/ld+json\" class=\"yoast-schema-graph\">{\"@context\":\"https:\/\/schema.org\",\"@graph\":[{\"@type\":\"WebPage\",\"@id\":\"https:\/\/www.norail.fr\/atd\/recrutement\/\",\"url\":\"https:\/\/www.norail.fr\/atd\/recrutement\/\",\"name\":\"Recrutement - Norail | Quincaillerie professionnelle\",\"isPartOf\":{\"@id\":\"https:\/\/www.norail.fr\/atd\/#website\"},\"datePublished\":\"2016-08-30T08:09:00+00:00\",\"dateModified\":\"2025-03-27T08:40:28+00:00\",\"description\":\"Vous souhaitez int\u00e9grer une soci\u00e9t\u00e9 dynamique, experte sur le march\u00e9 de la quincaillerie professionnelle ? Envoyez-nous votre candidature\",\"breadcrumb\":{\"@id\":\"https:\/\/www.norail.fr\/atd\/recrutement\/#breadcrumb\"},\"inLanguage\":\"fr-FR\",\"potentialAction\":[{\"@type\":\"ReadAction\",\"target\":[\"https:\/\/www.norail.fr\/atd\/recrutement\/\"]}]},{\"@type\":\"BreadcrumbList\",\"@id\":\"https:\/\/www.norail.fr\/atd\/recrutement\/#breadcrumb\",\"itemListElement\":[{\"@type\":\"ListItem\",\"position\":1,\"name\":\"Accueil\",\"item\":\"https:\/\/www.norail.fr\/atd\/\"},{\"@type\":\"ListItem\",\"position\":2,\"name\":\"Recrutement\"}]},{\"@type\":\"WebSite\",\"@id\":\"https:\/\/www.norail.fr\/atd\/#website\",\"url\":\"https:\/\/www.norail.fr\/atd\/\",\"name\":\"Norail | Quincaillerie professionnelle\",\"description\":\"Au service des pros\",\"potentialAction\":[{\"@type\":\"SearchAction\",\"target\":{\"@type\":\"EntryPoint\",\"urlTemplate\":\"https:\/\/www.norail.fr\/atd\/?s={search_term_string}\"},\"query-input\":{\"@type\":\"PropertyValueSpecification\",\"valueRequired\":true,\"valueName\":\"search_term_string\"}}],\"inLanguage\":\"fr-FR\"}]}<\/script>\n<!-- \/ Yoast SEO plugin. -->","yoast_head_json":{"title":"Recrutement - Norail | Quincaillerie professionnelle","description":"Vous souhaitez int\u00e9grer une soci\u00e9t\u00e9 dynamique, experte sur le march\u00e9 de la quincaillerie professionnelle ? Envoyez-nous votre candidature","robots":{"index":"index","follow":"follow","max-snippet":"max-snippet:-1","max-image-preview":"max-image-preview:large","max-video-preview":"max-video-preview:-1"},"canonical":"https:\/\/www.norail.fr\/atd\/recrutement\/","og_locale":"fr_FR","og_type":"article","og_title":"Recrutement - Norail | Quincaillerie professionnelle","og_description":"Vous souhaitez int\u00e9grer une soci\u00e9t\u00e9 dynamique, experte sur le march\u00e9 de la quincaillerie professionnelle ? Envoyez-nous votre candidature","og_url":"https:\/\/www.norail.fr\/atd\/recrutement\/","og_site_name":"Norail | Quincaillerie professionnelle","article_modified_time":"2025-03-27T08:40:28+00:00","twitter_card":"summary_large_image","schema":{"@context":"https:\/\/schema.org","@graph":[{"@type":"WebPage","@id":"https:\/\/www.norail.fr\/atd\/recrutement\/","url":"https:\/\/www.norail.fr\/atd\/recrutement\/","name":"Recrutement - Norail | Quincaillerie professionnelle","isPartOf":{"@id":"https:\/\/www.norail.fr\/atd\/#website"},"datePublished":"2016-08-30T08:09:00+00:00","dateModified":"2025-03-27T08:40:28+00:00","description":"Vous souhaitez int\u00e9grer une soci\u00e9t\u00e9 dynamique, experte sur le march\u00e9 de la quincaillerie professionnelle ? Envoyez-nous votre candidature","breadcrumb":{"@id":"https:\/\/www.norail.fr\/atd\/recrutement\/#breadcrumb"},"inLanguage":"fr-FR","potentialAction":[{"@type":"ReadAction","target":["https:\/\/www.norail.fr\/atd\/recrutement\/"]}]},{"@type":"BreadcrumbList","@id":"https:\/\/www.norail.fr\/atd\/recrutement\/#breadcrumb","itemListElement":[{"@type":"ListItem","position":1,"name":"Accueil","item":"https:\/\/www.norail.fr\/atd\/"},{"@type":"ListItem","position":2,"name":"Recrutement"}]},{"@type":"WebSite","@id":"https:\/\/www.norail.fr\/atd\/#website","url":"https:\/\/www.norail.fr\/atd\/","name":"Norail | Quincaillerie professionnelle","description":"Au service des pros","potentialAction":[{"@type":"SearchAction","target":{"@type":"EntryPoint","urlTemplate":"https:\/\/www.norail.fr\/atd\/?s={search_term_string}"},"query-input":{"@type":"PropertyValueSpecification","valueRequired":true,"valueName":"search_term_string"}}],"inLanguage":"fr-FR"}]}},"_links":{"self":[{"href":"https:\/\/www.norail.fr\/atd\/wp-json\/wp\/v2\/pages\/98","targetHints":{"allow":["GET"]}}],"collection":[{"href":"https:\/\/www.norail.fr\/atd\/wp-json\/wp\/v2\/pages"}],"about":[{"href":"https:\/\/www.norail.fr\/atd\/wp-json\/wp\/v2\/types\/page"}],"author":[{"embeddable":true,"href":"https:\/\/www.norail.fr\/atd\/wp-json\/wp\/v2\/users\/1"}],"replies":[{"embeddable":true,"href":"https:\/\/www.norail.fr\/atd\/wp-json\/wp\/v2\/comments?post=98"}],"version-history":[{"count":3,"href":"https:\/\/www.norail.fr\/atd\/wp-json\/wp\/v2\/pages\/98\/revisions"}],"predecessor-version":[{"id":3879,"href":"https:\/\/www.norail.fr\/atd\/wp-json\/wp\/v2\/pages\/98\/revisions\/3879"}],"wp:attachment":[{"href":"https:\/\/www.norail.fr\/atd\/wp-json\/wp\/v2\/media?parent=98"}],"curies":[{"name":"wp","href":"https:\/\/api.w.org\/{rel}","templated":true}]}}